{"id":6346,"date":"2023-11-16T12:34:32","date_gmt":"2023-11-16T11:34:32","guid":{"rendered":"https:\/\/iicbratislava.esteri.it\/?page_id=6346"},"modified":"2024-11-19T13:55:02","modified_gmt":"2024-11-19T12:55:02","slug":"mittelcinemafest-2024","status":"publish","type":"page","link":"https:\/\/iicbratislava.esteri.it\/sk\/gli_eventi\/archivio-eventi\/mittelcinemafest-2024\/","title":{"rendered":"MittelCinemaFest 2024"},"content":{"rendered":"<p><img loading=\"lazy\" decoding=\"async\" class=\"size-large wp-image-13386 img-fluid alignnone\" src=\"https:\/\/iicbratislava.esteri.it\/wp-content\/uploads\/2024\/11\/MCF2024_FBHeaderbaner_851x315px-1024x379.jpg\" alt=\"\" width=\"640\" height=\"237\" srcset=\"https:\/\/iicbratislava.esteri.it\/wp-content\/uploads\/2024\/11\/MCF2024_FBHeaderbaner_851x315px-1024x379.jpg 1024w, https:\/\/iicbratislava.esteri.it\/wp-content\/uploads\/2024\/11\/MCF2024_FBHeaderbaner_851x315px-300x111.jpg 300w, https:\/\/iicbratislava.esteri.it\/wp-content\/uploads\/2024\/11\/MCF2024_FBHeaderbaner_851x315px-768x284.jpg 768w, https:\/\/iicbratislava.esteri.it\/wp-content\/uploads\/2024\/11\/MCF2024_FBHeaderbaner_851x315px.jpg 1135w\" sizes=\"auto, (max-width: 640px) 100vw, 640px\" \/><\/p>\n<p>&nbsp;<\/p>\n<h3><strong>22. Stredoeur\u00f3psky festival talianskeho filmu<\/strong><br \/>\n<strong>Kino Lumi\u00e8re, \u0160pit\u00e1lska 4, Bratislava<\/strong><\/h3>\n<p><a href=\"https:\/\/iicbratislava.esteri.it\/wp-content\/uploads\/2024\/11\/IIC_MCF2024_Bratislava_catalogo_web.pdf\"><strong>katal\u00f3g<\/strong><\/a><\/p>\n<p><strong>28. 11.<br \/>\n<span style=\"text-decoration: underline;\">18:00<\/span> <a href=\"https:\/\/iicbratislava.esteri.it\/sk\/?post_type=eventi&amp;p=13225\">Parthenope<\/a><\/strong> | r. P. Sorrentino | 2024 | Taliansko, Franc\u00fazsko | 136 min. | *it\/cz<br \/>\nV spolupr\u00e1ci s ASFK<br \/>\n<strong><span style=\"text-decoration: underline;\">20:30<\/span> <a href=\"https:\/\/iicbratislava.esteri.it\/sk\/?post_type=eventi&amp;p=13088\">Moje leto s Ir\u00e8ne<\/a><\/strong> | Quell&#8217;estate con Ir\u00e8ne | r. C. Sironi | 2024 | I | 90&#8242; | *it\/eng\/sk<\/p>\n<p><strong>29. 11.<br \/>\n<span style=\"text-decoration: underline;\">18:00<\/span> <a href=\"https:\/\/iicbratislava.esteri.it\/sk\/?post_type=eventi&amp;p=13079\">Rodina<\/a><\/strong> | Familia | r. F. Costabile | 2024 | Taliansko | 120&#8242; | *it\/eng\/sk<br \/>\n<strong><span style=\"text-decoration: underline;\">20:15<\/span>\u00a0<a href=\"https:\/\/iicbratislava.esteri.it\/sk\/?post_type=eventi&amp;p=13246\">Nezostane\u0161 sama<\/a><\/strong> | Il tempo che ci vuole\u00a0| r.\u00a0F. Comencini | 2024 | Taliansko, Franc\u00fazsko | 110&#8242; | *it\/eng\/sk<\/p>\n<p><strong>30. 11.<br \/>\n<span style=\"text-decoration: underline;\">17:30<\/span>\u00a0<a href=\"https:\/\/iicbratislava.esteri.it\/sk\/?post_type=eventi&amp;p=13123\">D\u00f4vera<\/a><\/strong>\u00a0| Confidenza | r. D. Luchetti | 2023 | Taliansko | 136&#8242; | *it\/eng\/sk<br \/>\n<strong><span style=\"text-decoration: underline;\">20:00<\/span> <a href=\"https:\/\/iicbratislava.esteri.it\/sk\/?post_type=eventi&amp;p=13106\">Gloria!<\/a><\/strong> |\u00a0r. M. Vicario | 2024 | Taliansko, \u0160vaj\u010diarsko | 106&#8242; | *it\/eng\/sk<\/p>\n<p><strong>1. 12.<br \/>\n<span style=\"text-decoration: underline;\">17:30<\/span>\u00a0<a href=\"https:\/\/iicbratislava.esteri.it\/sk\/?post_type=eventi&amp;p=13264\">Tu nik nezomiera<\/a><\/strong> | Campo di battaglia | r. G. Amelio | 2024 | Taliansko | 104&#8242; | *it\/eng\/sk<br \/>\n<strong><span style=\"text-decoration: underline;\">20:00<\/span>\u00a0<a href=\"https:\/\/iicbratislava.esteri.it\/sk\/?post_type=eventi&amp;p=13268\">Trochu in\u00e1 letn\u00e1 dovolenka<\/a><\/strong> | Un altro Ferragosto\u00a0| r. P. Virz\u00ec | 2024 | Taliansko | 123&#8242; | *it\/cz<\/p>\n","protected":false},"excerpt":{"rendered":"&nbsp; 22. Stredoeur\u00f3psky festival talianskeho filmu Kino Lumi\u00e8re, \u0160pit\u00e1lska 4, Bratislava katal\u00f3g 28. 11. 18:00 Parthenope | r. P. Sorrentino | 2024 | Taliansko, Franc\u00fazsko | 136 min. | *it\/cz V spolupr\u00e1ci s ASFK 20:30 Moje leto s Ir\u00e8ne | Quell&#8217;estate con Ir\u00e8ne | r. C. Sironi | 2024 | I | 90&#8242; | *it\/eng\/sk [&hellip;]","protected":false},"author":6,"featured_media":0,"parent":12319,"menu_order":0,"comment_status":"closed","ping_status":"closed","template":"","meta":{"footnotes":""},"class_list":["post-6346","page","type-page","status-publish","hentry"],"_links":{"self":[{"href":"https:\/\/iicbratislava.esteri.it\/sk\/wp-json\/wp\/v2\/pages\/6346","targetHints":{"allow":["GET"]}}],"collection":[{"href":"https:\/\/iicbratislava.esteri.it\/sk\/wp-json\/wp\/v2\/pages"}],"about":[{"href":"https:\/\/iicbratislava.esteri.it\/sk\/wp-json\/wp\/v2\/types\/page"}],"author":[{"embeddable":true,"href":"https:\/\/iicbratislava.esteri.it\/sk\/wp-json\/wp\/v2\/users\/6"}],"replies":[{"embeddable":true,"href":"https:\/\/iicbratislava.esteri.it\/sk\/wp-json\/wp\/v2\/comments?post=6346"}],"version-history":[{"count":8,"href":"https:\/\/iicbratislava.esteri.it\/sk\/wp-json\/wp\/v2\/pages\/6346\/revisions"}],"predecessor-version":[{"id":13885,"href":"https:\/\/iicbratislava.esteri.it\/sk\/wp-json\/wp\/v2\/pages\/6346\/revisions\/13885"}],"up":[{"embeddable":true,"href":"https:\/\/iicbratislava.esteri.it\/sk\/wp-json\/wp\/v2\/pages\/12319"}],"wp:attachment":[{"href":"https:\/\/iicbratislava.esteri.it\/sk\/wp-json\/wp\/v2\/media?parent=6346"}],"curies":[{"name":"wp","href":"https:\/\/api.w.org\/{rel}","templated":true}]}}