{"id":5448,"date":"2023-10-10T16:40:25","date_gmt":"2023-10-10T14:40:25","guid":{"rendered":"https:\/\/iicbratislava.esteri.it\/?page_id=5448"},"modified":"2024-10-23T13:06:30","modified_gmt":"2024-10-23T11:06:30","slug":"dolce-vitaj-archivio","status":"publish","type":"page","link":"https:\/\/iicbratislava.esteri.it\/sk\/gli_eventi\/archivio-eventi\/dolce-vitaj-archivio\/","title":{"rendered":"Dolce vitaj \/ Archivio"},"content":{"rendered":"<p>Taliansky festival na Slovensku Dolce vitaj vznikol v roku 2007 s cie\u013eom ka\u017edoro\u010dne v mesiaci j\u00fani pon\u00faknu\u0165 slovensk\u00e9mu publiku to najlep\u0161ie z talianskej kult\u00fary, umenia a \u017eivotn\u00e9ho \u0161t\u00fdlu. V n\u00e1zve festivalu sa ukr\u00fdva odkaz na Sladk\u00fd \u017eivot sl\u00e1vneho Felliniho filmu v spojen\u00ed so slovensk\u00fdm priv\u00edtan\u00edm. Program festivalu sa rod\u00ed zo spolupr\u00e1ce troch k\u013e\u00fa\u010dov\u00fdch talianskych in\u0161tit\u00faci\u00ed\u00a0 &#8211; Ve\u013evyslanectva Talianskej republiky na Slovensku, Talianskeho kult\u00farneho in\u0161tit\u00fatu v Bratislave a Taliansko-slovenskej obchodnej komory a s podporou talianskych spolo\u010dnost\u00ed p\u00f4sobiacich na Slovensku.\u00a0 \u2192 <a href=\"http:\/\/www.dolcevitaj.eu\"><strong>www.dolcevitaj.eu.<\/strong><\/a><\/p>\n<p><strong>Dolce vitaj 2023<\/strong><br \/>\n<strong>Arte:<\/strong><a href=\"https:\/\/iicbratislava.esteri.it\/it\/gli_eventi\/calendario\/mimmo-rotella-decollages\/\">Mimmo Rotella<\/a>, <a href=\"https:\/\/iicbratislava.esteri.it\/it\/gli_eventi\/calendario\/paolo-masi-in-esposizione-alla\/\">Paolo Masi<\/a><br \/>\n<strong>Cinevitaj:<\/strong> <a href=\"https:\/\/iicbratislava.esteri.it\/sk\/gli_eventi\/calendario\/cinevitaj-il-colibri-2\/\">Kolibr\u00edk<\/a>, <a href=\"https:\/\/iicbratislava.esteri.it\/sk\/gli_eventi\/calendario\/cinevitaj-io-e-te-r-b-bertolucci-2\/\">Ja a ty<\/a>, <a href=\"https:\/\/iicbratislava.esteri.it\/sk\/gli_eventi\/calendario\/cinevitaj-l-arminuta-2\/\">T\u00e1, \u010do sa vracia<\/a>, <a href=\"https:\/\/iicbratislava.esteri.it\/sk\/gli_eventi\/calendario\/cinevitaj-lacci-2\/\">Zviazan\u00ed<\/a>, <a href=\"https:\/\/iicbratislava.esteri.it\/sk\/gli_eventi\/calendario\/cinevitaj-le-otto-montagne-2\/\">Osem h\u00f4r<\/a>\u00a0(Letteratura nel cinema)<strong><br \/>\nMusica: <\/strong><a href=\"https:\/\/iicbratislava.esteri.it\/sk\/gli_eventi\/calendario\/flo-quartetto-concerto-per-il-16-2\/\">Flo Quartetto<\/a>, <a href=\"https:\/\/iicbratislava.esteri.it\/sk\/gli_eventi\/calendario\/dalibor-karvay-e-sinfonietta-bratislava-2\/\">Dalibor Karvay e Sinfonietta Bratislava<\/a><strong><br \/>\nLetteratura:<\/strong> <a href=\"https:\/\/iicbratislava.esteri.it\/sk\/gli_eventi\/calendario\/brak-festival-del-libro-beatrice-2\/\">Brak &#8211; Luca De Santis, Sara Colaone, Beatrice Salvioni;<\/a> <a href=\"https:\/\/iicbratislava.esteri.it\/sk\/gli_eventi\/calendario\/giuseppe-catozzella-talianka-literarne-2\/\">Giuseppe Catozzella<\/a><br \/>\n<strong>Moda: <\/strong><a href=\"https:\/\/iicbratislava.esteri.it\/sk\/gli_eventi\/calendario\/roberto-capucci-dal-tratto-al-tessuto-2\/\">Roberto Capucci<\/a><\/p>\n<p><strong>Dolce vitaj 2022<\/strong><br \/>\n<strong>Arte:<\/strong><a href=\"https:\/\/iicbratislava.esteri.it\/sk\/gli_eventi\/calendario\/lucia-marcucci-2\/\"> Lucia Marcucci<\/a>, <a href=\"https:\/\/iicbratislava.esteri.it\/sk\/gli_eventi\/calendario\/vasco-bendini-io-che-cammino-100-2\/\">Vasco Bendini<\/a><br \/>\n<strong>Cinevitaj:<\/strong> <a href=\"https:\/\/iicbratislava.esteri.it\/sk\/gli_eventi\/calendario\/lasciarsi-un-giorno-a-roma-r-e-2\/\">Lasciarsi un giorno a Rom<\/a>a, <a href=\"https:\/\/iicbratislava.esteri.it\/sk\/gli_eventi\/calendario\/gli-anni-piu-belli-r-g-muccino-2\/\">Gli anni pi\u00f9 belli<\/a>, <a href=\"https:\/\/iicbratislava.esteri.it\/sk\/gli_eventi\/calendario\/supereroi-r-p-genovese-cinevitaj-2\/\">Supereroi<\/a>, <a href=\"https:\/\/iicbratislava.esteri.it\/sk\/gli_eventi\/calendario\/qui-rido-io-r-m-martone-cinevitaj-2\/\">Qui rido io<\/a><br \/>\n<strong>Musica:<\/strong> <a href=\"https:\/\/iicbratislava.esteri.it\/sk\/gli_eventi\/calendario\/daniele-di-bonaventura-trio-musiche-2\/\">Daniele Bonaventura trio<\/a>, <a href=\"https:\/\/iicbratislava.esteri.it\/sk\/gli_eventi\/calendario\/luca-ciarla-solorkestra-concerto-2\/\">Luca Ciarla SolOrchestra<\/a><br \/>\n<strong>Fotografia:<\/strong> <a href=\"https:\/\/iicbratislava.esteri.it\/it\/gli_eventi\/calendario\/italiani-cultura-e-made-in-italy\/\">Maria Mulas<\/a><br \/>\n<strong>Letteratura:<\/strong> <a href=\"https:\/\/iicbratislava.esteri.it\/sk\/gli_eventi\/calendario\/sandro-veronesi-il-colibri-incontro-2\/\">Sandro Veronesi<\/a><\/p>\n<p><strong>Dolce vitaj 2021<\/strong><br \/>\n<strong>Arte:<\/strong> <a href=\"https:\/\/iicbratislava.esteri.it\/sk\/gli_eventi\/calendario\/corrado-cagli-mostra-di-arte-2\/\">Corrado Cagli<\/a><br \/>\n<strong>Architettura<\/strong>: <a href=\"https:\/\/iicbratislava.esteri.it\/sk\/gli_eventi\/calendario\/aldo-rossi-disegni-e-progetti-2\/\">Aldo Rossi<\/a><br \/>\n<strong>Cinevitaj:<\/strong> <a href=\"https:\/\/iicbratislava.esteri.it\/sk\/gli_eventi\/calendario\/cinevitaj-palladio-2\/\">Palladio<\/a>, <a href=\"https:\/\/iicbratislava.esteri.it\/sk\/gli_eventi\/calendario\/cinevitaj-canova-2\/\">Canova<\/a>, <a href=\"https:\/\/iicbratislava.esteri.it\/sk\/gli_eventi\/calendario\/cinevitaj-bernini-2\/\">Bernini <\/a>\/ <a href=\"https:\/\/iicbratislava.esteri.it\/sk\/gli_eventi\/calendario\/pane-amore-e-cinevitaj-alle-origini-2\/\">Chlieb, l\u00e1ska a&#8230;<\/a>, <a href=\"https:\/\/iicbratislava.esteri.it\/sk\/gli_eventi\/calendario\/il-segno-di-venere-cinevitaj-alle-2\/\">V znamen\u00ed Venu\u0161e<\/a><br \/>\n<strong>Fotografia:<\/strong> <a href=\"https:\/\/iicbratislava.esteri.it\/sk\/gli_eventi\/calendario\/le-piazze-in-visibili-2\/\">(Ne)vidite\u013en\u00e9 n\u00e1mestia<\/a><br \/>\n<strong>Letteratura:<\/strong> Dante 700 &#8211; De uacci uari eloquentia: il Codice di Dante, Miroslav Cip\u00e1r, Marek Ormand\u00edk, Miroslava Vallov\u00e1 a T\u00e1\u0148a Kus\u00e1 \/ Letteratura contemporanea: <a href=\"https:\/\/iicbratislava.esteri.it\/sk\/gli_eventi\/calendario\/nicola-lagioia-la-ferocia-incontro-2\/\">Nicola Lagioia<\/a>, <a href=\"https:\/\/iicbratislava.esteri.it\/sk\/gli_eventi\/calendario\/silvia-avallone-da-dove-la-vita-2\/\">Silvia Avallone<\/a>, <a href=\"https:\/\/iicbratislava.esteri.it\/sk\/gli_eventi\/calendario\/marco-missiroli-fedelta-incontro-2\/\">Marco Missiroli<\/a><\/p>\n<p><strong>Dolce vitaj 2020<\/strong><br \/>\n<strong>Arte:<\/strong> <a href=\"https:\/\/iicbratislava.esteri.it\/sk\/gli_eventi\/calendario\/vinicio-berti-mostra-di-arte-2\/\">Vinicio Berti<\/a>, <a href=\"https:\/\/iicbratislava.esteri.it\/sk\/gli_eventi\/calendario\/luca-matti-profezie-per-un-mondo-2\/\">Luca Matti<\/a>, <a href=\"https:\/\/iicbratislava.esteri.it\/sk\/gli_eventi\/calendario\/fellini-e-la-dolce-italia-2\/\">Fellini e la Dolce Italia<\/a> (Mimmo Rotella, Milo Manara)<br \/>\n<strong>Cinevitaj:<\/strong> <a href=\"https:\/\/iicbratislava.esteri.it\/sk\/gli_eventi\/calendario\/8-1-2-2\/\">Fellini 100 &#8211; 8 1\/2<\/a>, <a href=\"https:\/\/iicbratislava.esteri.it\/sk\/gli_eventi\/calendario\/amarcord-cinevitaj-fellini-100-2\/\">Amarcord<\/a>, <a href=\"https:\/\/iicbratislava.esteri.it\/sk\/gli_eventi\/calendario\/giulietta-degli-spiriti-cinevitaj-2\/\">Giulietta a duchovia<\/a>, <a href=\"https:\/\/iicbratislava.esteri.it\/sk\/gli_eventi\/calendario\/la-dolce-vita-cinevitaj-fellini-2\/\">Sladk\u00fd \u017eivot<\/a>, <a href=\"https:\/\/iicbratislava.esteri.it\/sk\/gli_eventi\/calendario\/federico-fellini-libro-dei-sogni-2\/\">Fellini: Il libro dei sogni<\/a> \/ commedia all&#8217;italiana: <a href=\"https:\/\/iicbratislava.esteri.it\/sk\/gli_eventi\/calendario\/croce-e-delizia-cinevitaj-commedia-2\/\">Croce e delizia<\/a>, <a href=\"https:\/\/iicbratislava.esteri.it\/sk\/gli_eventi\/calendario\/tolo-tolo-cinevitaj-commedia-italiana-2\/\">Tol\u00f3 tol\u00f3<\/a> \/ <a href=\"https:\/\/iicbratislava.esteri.it\/sk\/gli_eventi\/calendario\/raffaello-il-principe-delle-arti_0-2\/\">Raffael: P\u00e1n ma\u013eby<\/a><br \/>\n<strong>Architettura:<\/strong> <a href=\"https:\/\/iicbratislava.esteri.it\/sk\/gli_eventi\/calendario\/la-cupola-cinevitaj-fare-cinema-2\/\">La cupola<\/a>, <a href=\"https:\/\/iicbratislava.esteri.it\/sk\/gli_eventi\/calendario\/piero-fornasetti-tema-e-variazione-2\/\">Fornasetti: T\u00e9ma a vari\u00e1cie<\/a><br \/>\n<strong>Musica:<\/strong> <a href=\"https:\/\/iicbratislava.esteri.it\/sk\/gli_eventi\/calendario\/remo-anzovino-concerto-di-apertura-2\/\">Remo Anzovino<\/a><br \/>\n<strong>Fotografia:<\/strong> <a href=\"https:\/\/iicbratislava.esteri.it\/sk\/gli_eventi\/calendario\/otto-e-mezzo-di-federico-fellini-2\/\">Otto e mezzo di Federico Fellini<\/a><\/p>\n<p><strong>Dolce vitaj 2019<\/strong><br \/>\n<strong>Arte:<\/strong> <a href=\"https:\/\/iicbratislava.esteri.it\/sk\/gli_eventi\/calendario\/giuseppe-chiari-mostra-di-arte-2\/\">Giuseppe Chiari<\/a>, Elena Monzo<br \/>\n<strong>Architettura e design:\u00a0<\/strong> <a href=\"https:\/\/iicbratislava.esteri.it\/sk\/gli_eventi\/calendario\/daad-marva-griffin-2\/\">DAAD &#8211; Marva Griffin<\/a>, <a href=\"https:\/\/iicbratislava.esteri.it\/sk\/gli_eventi\/calendario\/maria-cristina-didero-e-super-design-2\/\">BDW &#8211; Studio Zaven, Maria Cristina Didero<\/a><br \/>\n<strong>Musica:<\/strong> <a href=\"https:\/\/iicbratislava.esteri.it\/it\/gli_eventi\/calendario\/avion-travel\/\">Avion Travel<\/a>, <a href=\"https:\/\/iicbratislava.esteri.it\/it\/gli_eventi\/calendario\/luca-d-alberto-trio\/\">Luca D&#8217;Alberto<\/a>, <a href=\"https:\/\/iicbratislava.esteri.it\/it\/gli_eventi\/calendario\/aniello-desiderio-e-carlo-curatolo_0\/\">Festival chitaristico: Aniello Desiderio e Carlo Curato<\/a><br \/>\n<strong>Cinevitaj:<\/strong> <a href=\"https:\/\/iicbratislava.esteri.it\/sk\/gli_eventi\/calendario\/cinevitaj-botticelli-inferno-italia-2\/\">Botticelli: Peklo<\/a>; <a href=\"https:\/\/iicbratislava.esteri.it\/sk\/gli_eventi\/calendario\/cinevitaj-raffello-il-principe-2\/\">Raffaello: P\u00e1n ma\u013eby<\/a>; <a href=\"https:\/\/iicbratislava.esteri.it\/sk\/gli_eventi\/calendario\/cinevitaj-michelangelo-infinito-2\/\">Michelangelo: Nekone\u010dno<\/a>\u00a0(alla presenza di Enrico Lo Verso); <a href=\"https:\/\/iicbratislava.esteri.it\/sk\/gli_eventi\/calendario\/cinevitaj-leonardo-da-vinci-il-2\/\">Leonardo da Vinci: Genio a Milano<\/a>; <a href=\"https:\/\/iicbratislava.esteri.it\/sk\/gli_eventi\/calendario\/cinevitaj-caravaggio-l-anima-e-2\/\">Caravaggio: Du\u0161a a krv<\/a>; <a href=\"https:\/\/iicbratislava.esteri.it\/sk\/gli_eventi\/calendario\/cinevitaj-tintoretto-un-ribelle-2\/\">Tintoretto: Rebel v Ben\u00e1tkach<\/a><br \/>\nF<strong>otografia:<\/strong> <a href=\"https:\/\/iicbratislava.esteri.it\/sk\/gli_eventi\/calendario\/il-paesaggio-italiano-fotografie-2\/\">Affaciati sulla bellezza: il paesaggio italiano in fotografia<\/a>;<br \/>\n<strong>Letteratura:<\/strong> <a href=\"https:\/\/iicbratislava.esteri.it\/sk\/gli_eventi\/calendario\/paolo-giordano-di-nuovo-a-bratislava-2\/\">Paolo Giordano<\/a>, <a href=\"https:\/\/iicbratislava.esteri.it\/sk\/gli_eventi\/calendario\/pista-vandal-intervista-a-massimo-2\/\">Massimo Polidoro<\/a><br \/>\nT<strong>eatro:<\/strong> <a href=\"https:\/\/iicbratislava.esteri.it\/sk\/gli_eventi\/calendario\/roberto-latini-cantico-dei-cantici-2\/\">Roberto Latini: Cantico dei cantici<\/a><\/p>\n<p><strong>Dolce vitaj 2018<\/strong><br \/>\n<strong>Architettura e design:<\/strong> <a href=\"https:\/\/iicbratislava.esteri.it\/sk\/gli_eventi\/calendario\/design-italiano-inventiva-e-bellezza-2\/\">Miro Zagnoli: Inventiva e bellezza<\/a>; <a href=\"https:\/\/iicbratislava.esteri.it\/sk\/gli_eventi\/calendario\/francesco-pace-a-bratislava-design-2\/\">BDW &#8211; Francesco Pace<\/a>; <a href=\"https:\/\/iicbratislava.esteri.it\/sk\/gli_eventi\/calendario\/daad-amare-gio-ponti-2\/\">DAAD &#8211; Amare Gi\u00f2 Ponti<\/a> (Francesca Molteni, ospite)<br \/>\n<strong>Musica:<\/strong> <a href=\"https:\/\/iicbratislava.esteri.it\/sk\/gli_eventi\/calendario\/bruno-bavota-in-concerto-2\/\">Bruno Bavota<\/a>; <a href=\"https:\/\/iicbratislava.esteri.it\/sk\/gli_eventi\/calendario\/trio-assurd-2\/\">Trio Assurd;<\/a> <a href=\"https:\/\/iicbratislava.esteri.it\/sk\/gli_eventi\/calendario\/la-venexiana-a-dni-starej-hudby-2\/\">La Venexiana- Dni starej hudby<\/a><span class=\"heading dot\"><br \/>\n<\/span><strong>Teatro:<\/strong> <a href=\"https:\/\/iicbratislava.esteri.it\/sk\/gli_eventi\/calendario\/emma-dante-la-scortecata-2\/\">Emma Dante: Zodrat\u00e1 z ko\u017ee<\/a>;<br \/>\n<strong>Cinevitaj:<\/strong> <a href=\"https:\/\/iicbratislava.esteri.it\/sk\/gli_eventi\/calendario\/via-castellana-bandiera-2\/\">Ulica v Palerme<\/a>\u00a0(Carmine Maringola, Salvatore d&#8217;Onofrio come ospiti) <a href=\"https:\/\/iicbratislava.esteri.it\/sk\/gli_eventi\/calendario\/ferrante-fever-regia-matteo-durzi-2\/\">Ferrante fever<\/a>, <a href=\"https:\/\/iicbratislava.esteri.it\/sk\/gli_eventi\/calendario\/reality-2\/\">Reality show<\/a>, <a href=\"https:\/\/iicbratislava.esteri.it\/sk\/gli_eventi\/calendario\/napoli-velata-2\/\">Napoli velata<\/a>, (Paolo Sorrentino) <a href=\"https:\/\/iicbratislava.esteri.it\/sk\/gli_eventi\/calendario\/l-uomo-in-piu-2\/\">Nadbyto\u010dn\u00fd \u010dlovek<\/a>, <a href=\"https:\/\/iicbratislava.esteri.it\/sk\/gli_eventi\/calendario\/cinevitaj-p-sorrentino-le-conseguenze-2\/\">N\u00e1sledky l\u00e1sky<\/a>, <a href=\"https:\/\/iicbratislava.esteri.it\/sk\/gli_eventi\/calendario\/l-amico-di-famiglia-2\/\">Rodinn\u00fd priate<\/a>\u013e, <a href=\"https:\/\/iicbratislava.esteri.it\/sk\/gli_eventi\/calendario\/il-divo-2\/\">Bo\u017esk\u00fd,<\/a> <a href=\"https:\/\/iicbratislava.esteri.it\/sk\/gli_eventi\/calendario\/this-must-be-the-place-2\/\">This must be the place<\/a>, <a href=\"https:\/\/iicbratislava.esteri.it\/sk\/gli_eventi\/calendario\/la-grande-bellezza_1-2\/\">Ve\u013ek\u00e1 n\u00e1dhera<\/a>, <a href=\"https:\/\/iicbratislava.esteri.it\/sk\/gli_eventi\/calendario\/youth-2\/\">Mlados\u0165<\/a><br \/>\n<strong>Fotografia:<\/strong> <a href=\"https:\/\/iicbratislava.esteri.it\/sk\/gli_eventi\/calendario\/praga-1968-2\/\">Praha 68&#8242; ( Carlo Leidi, Alfonso Modonesi, Pavel \u0160ticha a Sune Jonssona)<\/a><br \/>\n<strong>Letteratura:<\/strong> <a href=\"https:\/\/iicbratislava.esteri.it\/sk\/gli_eventi\/calendario\/donatella-di-pietrantonio-l-arminuta-2\/\">Donatella Di Pietrantonio<\/a><\/p>\n<p><strong>Dolce vitaj 2017<\/strong><br \/>\n<strong>Arte:<\/strong> <a href=\"https:\/\/iicbratislava.esteri.it\/sk\/gli_eventi\/calendario\/emilio-isgro-mostra-2\/\">Emilio Isgr\u00f2<\/a><br \/>\n<strong>Moda:<\/strong> <a href=\"https:\/\/iicbratislava.esteri.it\/sk\/gli_eventi\/calendario\/ritratti-di-moda-italiana-forme-2\/\">Max Botticelli<\/a><br \/>\n<strong>Cinevitaj:<\/strong> <a href=\"https:\/\/iicbratislava.esteri.it\/sk\/gli_eventi\/calendario\/il-sorpasso-2\/\">Sviato\u010dn\u00e1 jazda<\/a>, <a href=\"https:\/\/iicbratislava.esteri.it\/sk\/gli_eventi\/calendario\/matrimonio-all-italiana-2\/\">Man\u017eelstvo po taliansky<\/a>, <a href=\"https:\/\/iicbratislava.esteri.it\/sk\/gli_eventi\/calendario\/il-conformista-2\/\">Konformista<\/a>, <a href=\"https:\/\/iicbratislava.esteri.it\/sk\/gli_eventi\/calendario\/la-dolce-vita-2\/\">Sladk\u00fd \u017eivot<\/a><br \/>\n<strong>Musica:<\/strong> P<a href=\"https:\/\/iicbratislava.esteri.it\/sk\/gli_eventi\/calendario\/paolo-fresu-bobo-ferra-2\/\">aolo Fresu e Bebo Ferra<\/a>, <a href=\"https:\/\/iicbratislava.esteri.it\/sk\/gli_eventi\/calendario\/bakura-ensemble-in-concerto-musica-2\/\">Bakura Ensemble<\/a>, <a href=\"https:\/\/iicbratislava.esteri.it\/sk\/gli_eventi\/calendario\/federico-albanese-in-concerto-2\/\">Federico Albanse<\/a><br \/>\n<strong>Design:<\/strong> <a href=\"https:\/\/iicbratislava.esteri.it\/sk\/gli_eventi\/calendario\/guglielmo-poletti-ospite-di-bratislava-2\/\">BDW &#8211; Guglielmo Poletti<\/a><br \/>\n<strong>Letteratura:<\/strong> <a href=\"https:\/\/iicbratislava.esteri.it\/sk\/gli_eventi\/calendario\/cosi-e-come-dice-l-autore-serata-2\/\">Luigi Pirandello<\/a><\/p>\n<p><strong>Dolce vitaj 2016<br \/>\n<\/strong>Arte: <a href=\"https:\/\/iicbratislava.esteri.it\/sk\/gli_eventi\/calendario\/viva-italia-arte-contemporanea-2\/\">Viva Italia! Talianske umenie 20. a 21. storo\u010dia<\/a><br \/>\nMusica: <a href=\"https:\/\/iicbratislava.esteri.it\/sk\/gli_eventi\/calendario\/la-piu-bella-musica-da-film-made-2\/\">Najkraj\u0161ia talianska filmov\u00e1 hudba &#8211; Symfonick\u00fd orchester SRo<\/a>, <a href=\"https:\/\/iicbratislava.esteri.it\/sk\/gli_eventi\/calendario\/antonella-ruggiero-2\/\">Antonella Ruggiero<\/a><br \/>\nCinevitaj: <a href=\"https:\/\/iicbratislava.esteri.it\/sk\/gli_eventi\/calendario\/cinevitaj-2\/\">Indebito, Spom\u00edna\u0161 si na m\u0148a?, Song e&#8216; Napule, Bola si u\u017e v raji?<\/a><br \/>\nArchitettura: <a href=\"https:\/\/iicbratislava.esteri.it\/sk\/gli_eventi\/calendario\/atlantide-mostra-architettonica-2\/\">Atlantide<\/a><br \/>\nDesign: <a href=\"https:\/\/iicbratislava.esteri.it\/sk\/gli_eventi\/calendario\/il-design-italiano-per-ogni-giorno-2\/\">Taliansky dizajn na ka\u017ed\u00fd de\u0148<\/a>,<a href=\"https:\/\/iicbratislava.esteri.it\/sk\/gli_eventi\/calendario\/bratislava-design-week-partecipazione-2\/\"> BDW &#8211; Studio ZanellatoBontotto<\/a><br \/>\nLetteratura: <a href=\"https:\/\/iicbratislava.esteri.it\/sk\/gli_eventi\/calendario\/brak-bratislavsky-knizny-festival-2\/\">GiuseppeLupo &#8211; Brak<\/a>, <a href=\"https:\/\/iicbratislava.esteri.it\/sk\/gli_eventi\/calendario\/brak-bratislavsky-knizny-festival-2\/\">Nevidite\u013en\u00e9 mest\u00e1 a Dejiny imagin\u00e1rnych miest<\/a><br \/>\nTeatro: <a href=\"https:\/\/iicbratislava.esteri.it\/sk\/gli_eventi\/calendario\/alfa-e-omega-2\/\">Alfa a Omega<\/a><\/p>\n<p>&nbsp;<\/p>\n<p><a href=\"https:\/\/iicbratislava.esteri.it\/wp-content\/uploads\/2023\/10\/DV_2015_programma.pdf\">2015<\/a> \u2192 <a href=\"https:\/\/iicbratislava.esteri.it\/wp-content\/uploads\/2023\/10\/DV_2014_programma.pdf\">2014<\/a> \u2192\u00a0 <a href=\"https:\/\/iicbratislava.esteri.it\/wp-content\/uploads\/2023\/10\/DV_2013_programma.pdf\">2013<\/a> \u2192 <a href=\"https:\/\/iicbratislava.esteri.it\/wp-content\/uploads\/2023\/10\/DV_2012_programma.pdf\">2012<\/a> \u2192<a href=\"https:\/\/iicbratislava.esteri.it\/wp-content\/uploads\/2023\/10\/DV_2011.jpg\"> 2011<\/a> \u2192\u00a0 <a href=\"https:\/\/iicbratislava.esteri.it\/wp-content\/uploads\/2023\/10\/DV_2010_programma.pdf\">2010 <\/a>\u2192 <a href=\"https:\/\/iicbratislava.esteri.it\/wp-content\/uploads\/2023\/10\/DV_2009_programma.pdf\">2009<\/a><\/p>\n<div class=\"info\">\n<div><\/div>\n<\/div>\n<p>&nbsp;<\/p>\n<p>&nbsp;<\/p>\n<p>&nbsp;<\/p>\n","protected":false},"excerpt":{"rendered":"Taliansky festival na Slovensku Dolce vitaj vznikol v roku 2007 s cie\u013eom ka\u017edoro\u010dne v mesiaci j\u00fani pon\u00faknu\u0165 slovensk\u00e9mu publiku to najlep\u0161ie z talianskej kult\u00fary, umenia a \u017eivotn\u00e9ho \u0161t\u00fdlu. V n\u00e1zve festivalu sa ukr\u00fdva odkaz na Sladk\u00fd \u017eivot sl\u00e1vneho Felliniho filmu v spojen\u00ed so slovensk\u00fdm priv\u00edtan\u00edm. Program festivalu sa rod\u00ed zo spolupr\u00e1ce troch k\u013e\u00fa\u010dov\u00fdch talianskych in\u0161tit\u00faci\u00ed\u00a0 [&hellip;]","protected":false},"author":6,"featured_media":5455,"parent":12319,"menu_order":0,"comment_status":"closed","ping_status":"closed","template":"","meta":{"footnotes":""},"class_list":["post-5448","page","type-page","status-publish","has-post-thumbnail","hentry"],"_links":{"self":[{"href":"https:\/\/iicbratislava.esteri.it\/sk\/wp-json\/wp\/v2\/pages\/5448","targetHints":{"allow":["GET"]}}],"collection":[{"href":"https:\/\/iicbratislava.esteri.it\/sk\/wp-json\/wp\/v2\/pages"}],"about":[{"href":"https:\/\/iicbratislava.esteri.it\/sk\/wp-json\/wp\/v2\/types\/page"}],"author":[{"embeddable":true,"href":"https:\/\/iicbratislava.esteri.it\/sk\/wp-json\/wp\/v2\/users\/6"}],"replies":[{"embeddable":true,"href":"https:\/\/iicbratislava.esteri.it\/sk\/wp-json\/wp\/v2\/comments?post=5448"}],"version-history":[{"count":6,"href":"https:\/\/iicbratislava.esteri.it\/sk\/wp-json\/wp\/v2\/pages\/5448\/revisions"}],"predecessor-version":[{"id":5529,"href":"https:\/\/iicbratislava.esteri.it\/sk\/wp-json\/wp\/v2\/pages\/5448\/revisions\/5529"}],"up":[{"embeddable":true,"href":"https:\/\/iicbratislava.esteri.it\/sk\/wp-json\/wp\/v2\/pages\/12319"}],"wp:featuredmedia":[{"embeddable":true,"href":"https:\/\/iicbratislava.esteri.it\/sk\/wp-json\/wp\/v2\/media\/5455"}],"wp:attachment":[{"href":"https:\/\/iicbratislava.esteri.it\/sk\/wp-json\/wp\/v2\/media?parent=5448"}],"curies":[{"name":"wp","href":"https:\/\/api.w.org\/{rel}","templated":true}]}}