{"id":5384,"date":"2023-10-04T15:39:07","date_gmt":"2023-10-04T13:39:07","guid":{"rendered":"https:\/\/iicbratislava.esteri.it\/?page_id=5384"},"modified":"2025-11-05T15:17:03","modified_gmt":"2025-11-05T14:17:03","slug":"mittelcinemafest-archivio","status":"publish","type":"page","link":"https:\/\/iicbratislava.esteri.it\/sk\/gli_eventi\/archivio-eventi\/mittelcinemafest-archivio\/","title":{"rendered":"MittelCinemaFest \/ Arch\u00edv"},"content":{"rendered":"<p><span style=\"font-weight: 400;\">MittelCinemaFest &#8211; stredoeur\u00f3psky festival talianskeho filmu pon\u00faka v\u00fdber z najnov\u0161ej talianskej kinematografie, filmy ocenen\u00e9 kritikou a uveden\u00e9 na najprest\u00ed\u017enej\u0161\u00edch filmov\u00fdch festivaloch v Cannes, Ben\u00e1tkach \u010di Karlov\u00fdch Varoch. Prin\u00e1\u0161a zauj\u00edmav\u00e9 filmov\u00e9 debuty ale aj sn\u00edmky renomovan\u00fdch re\u017eis\u00e9rov s ob\u013e\u00faben\u00fdmi talianskymi hercami.<\/span><\/p>\n<p><strong>2024 \u2192 27. 11. &#8211; 1. 12. 2024, Kino Lumi\u00e8re, Bratislava<\/strong><\/p>\n<p><strong>\u2663 <a href=\"https:\/\/iicbratislava.esteri.it\/wp-content\/uploads\/2024\/11\/IIC_MCF2024_Bratislava_catalogo_web.pdf\">katal\u00f3g<\/a><br \/>\n<a href=\"https:\/\/iicbratislava.esteri.it\/sk\/?post_type=eventi&amp;p=13225\">PARTHENOPE<\/a> <\/strong>\u00a0r. Paolo Sorrentino, IT, FR, 2024, 136&#8242;<br \/>\n<strong><a href=\"https:\/\/iicbratislava.esteri.it\/sk\/?post_type=eventi&amp;p=13088\">MOJE LETO S IRENE <\/a><\/strong>\u00a0(Quell\u2019estate con Ir\u00e8ne) r. Carlo Sironi, IT, 2024, 90&#8242;<br \/>\n<strong><a class=\"\" href=\"https:\/\/iicbratislava.esteri.it\/sk\/?post_type=eventi&amp;p=13079\" data-focus-mouse=\"false\">RODINA<\/a><\/strong> (Familia) r. Francesco Costabile, IT, 2024, 120&#8242;<br \/>\n<strong><a href=\"https:\/\/iicbratislava.esteri.it\/sk\/?post_type=eventi&amp;p=13246\">NEZOSTANE\u0160 SAMA<\/a><\/strong> (Il tempo che ci vuole), r. Francesca Comencini, IT, FR, 2024, 110&#8242;<br \/>\n<strong><a href=\"https:\/\/iicbratislava.esteri.it\/sk\/?post_type=eventi&amp;p=13123\">D\u00d4VERA<\/a><\/strong> (Confidenza) r. Daniele Luchetti, IT, 2023, 136&#8242;<br \/>\n<strong><a href=\"https:\/\/iicbratislava.esteri.it\/sk\/?post_type=eventi&amp;p=13106\">GLORIA!<\/a>,<\/strong> r. Margherita Vicario, IT, CH, 2024, 106&#8242;<br \/>\n<strong><a href=\"https:\/\/iicbratislava.esteri.it\/sk\/?post_type=eventi&amp;p=13264\">TU NIK NEZOMIERA<\/a><\/strong> (Campo di battaglia) r. Gianni Amelio, IT, 2024, 104&#8242;<br \/>\n<strong><a href=\"https:\/\/iicbratislava.esteri.it\/sk\/?post_type=eventi&amp;p=13268\">TROCHU IN\u00c1 LETN\u00c1 DOVOLENKA<\/a><\/strong> (Un altro Ferragosto) r. Paolo Virz\u00ec, IT, 2024, 123&#8242;<\/p>\n<p><strong>2023 \u2192 6. &#8211; 9. 12. 2023, Kino Mlados\u0165, Bratislava<\/strong><\/p>\n<p><strong>\u2663 <a href=\"https:\/\/iicbratislava.esteri.it\/wp-content\/uploads\/2024\/11\/catalogo-Bratislava23.pdf\">katal\u00f3g<\/a><br \/>\n<\/strong><strong><a href=\"https:\/\/iicbratislava.esteri.it\/sk\/gli_eventi\/calendario\/mittelcinemafest-2023-krasne-leto-r-l-luchetti-2023\/\">KR\u00c1SNE LETO<\/a> (LA BELLA ESTATE)<\/strong>\u00a0r. Laura Luchetti, Italia, 2023, 110&#8242;<br \/>\n<strong><a href=\"https:\/\/iicbratislava.esteri.it\/sk\/gli_eventi\/calendario\/mittelcinemafest-2023-aj-zajtra-je-den-r-p-cortellesi-2023\/\">AJ ZAJTRA JE DE\u0147<\/a> (C\u2019\u00c8 ANCORA DOMANI)<\/strong>\u00a0r. Paola Cortellesi, Italia, 2023, 118&#8242;<br \/>\n<strong><a href=\"https:\/\/iicbratislava.esteri.it\/sk\/gli_eventi\/calendario\/mittelcinemafest-2023-kapitan-r-e-de-angelis-2023\/\">KAPIT\u00c1N<\/a> (COMANDANTE)<\/strong> \/ r. Edoardo De Angelis, Italia\/Francia, 2023, 130&#8242;<br \/>\n<strong><a href=\"https:\/\/iicbratislava.esteri.it\/sk\/gli_eventi\/calendario\/mittelcinemafest-2023-caravaggiov-tien-r-m-placido-2023\/\">CARAVAGGIOV TIE\u0147<\/a> (L&#8217;OMBRA DI CARAVAGGIO)<\/strong>\u00a0r. Michele Placido, Italia \/ Francia, 2022,<br \/>\n<strong><a href=\"https:\/\/iicbratislava.esteri.it\/sk\/gli_eventi\/calendario\/mittelcinemafest-2023-vsetko-ma-svoj-cas-r-l-cavani-2023\/\">V\u0160ETKO M\u00c1 SVOJ \u010cAS<\/a> (L&#8217;ORDINE DEL TEMPO)<\/strong> r. Liliana Cavani, Italia \/ Belgio, 2023, 112&#8242;<br \/>\n<strong><a href=\"https:\/\/iicbratislava.esteri.it\/sk\/gli_eventi\/calendario\/mittelcinemafest-2023-prvy-den-mojho-zivota-r-p-genovese-2023\/\">PRV\u00dd DE\u0147 M\u00f4JHO \u017dIVOTA<\/a> (IL PRIMO GIORNO DELLA MIA VITA)<\/strong>\u00a0 r. Paolo Genovese \/ 2023, 121&#8242;<br \/>\n<strong><a href=\"https:\/\/iicbratislava.esteri.it\/sk\/gli_eventi\/calendario\/mittelcinemafest-2023-svetly-zajtrajsok-r-n-moretti-2023\/\">SVETL\u00dd ZAJTRAJ\u0160OK<\/a> (IL SOL DELL&#8217;AVVENIRE) <\/strong>r. Nanni Moretti \/ 2023, 95&#8242;<br \/>\n<strong><a href=\"https:\/\/iicbratislava.esteri.it\/sk\/gli_eventi\/calendario\/mittelcinemafest-2023-ja-som-ti-to-hovorila-r-g-elkann-2023\/\">JA SOM TI TO HOVORILA<\/a> (TE L&#8217;AVEVO DETTO)<\/strong> r. Ginevra Elkann \/ 2023, 100&#8242;<\/p>\n<p><strong>2022 \u2192 19. &#8211; 22. 11. 2022, Kino Mlados\u0165, Bratislava<\/strong><\/p>\n<p><strong>\u2663 <a href=\"https:\/\/iicbratislava.esteri.it\/wp-content\/uploads\/2023\/10\/IIC_Mittelcinema2022_katalog_DEF.pdf\">katal\u00f3g<\/a><\/strong><br \/>\n<strong><a href=\"https:\/\/iicbratislava.esteri.it\/sk\/gli_eventi\/calendario\/margini-r-n-falsetti-mittelcinemafest-2\/\">HRANICE<\/a> (MARGINI) <\/strong>r. Niccol\u00f2 Falsetti, Italia, 2022, 91\u2032<br \/>\n<strong><a href=\"https:\/\/iicbratislava.esteri.it\/sk\/gli_eventi\/calendario\/chiara-r-s-nichhiarelli-mittelcinemafest-2\/\">KL\u00c1RA<\/a> (CHIARA)<\/strong> r. Susanna Nicchiarelli, Italia\/Belgio, 2022, 106\u2032<br \/>\n<strong><a href=\"https:\/\/iicbratislava.esteri.it\/sk\/gli_eventi\/calendario\/in-viaggio-r-g-rosi-mittelcinemafest-2\/\">NA CEST\u00c1CH<\/a> (IN VIAGGIO)<\/strong> r. Gianfranco Rosi, Italia, 2022, 80\u2032<br \/>\n<strong><a href=\"https:\/\/iicbratislava.esteri.it\/sk\/gli_eventi\/calendario\/nostalgia-r-m-martone-mittelcinemafest-2\/\">NOSTALGIA <\/a><\/strong>r. Mario Martone, Italia \/ Francia, 2022, 118\u2032<br \/>\n<strong><a href=\"https:\/\/iicbratislava.esteri.it\/sk\/gli_eventi\/calendario\/calcinculo-r-c-bellosi-mittelcinemafest-2\/\">KOLOTO\u010c<\/a> (CALCINCULO)<\/strong> r. Chiara Bellosi, Italia \/ Svizzera, 2021, 96\u2032<br \/>\n<strong><a href=\"https:\/\/iicbratislava.esteri.it\/sk\/gli_eventi\/calendario\/siccita-r-p-virzi-mittelcinemafest-2\/\">SUCHO<\/a> (SICCITA) r. <\/strong>Paolo Virz\u00ec, Italia, 2022, 118\u2032<br \/>\n<a href=\"https:\/\/iicbratislava.esteri.it\/it\/gli_eventi\/calendario\/amanda-r-c-cavalli-mittelcinemafest\/\"><strong>AMANDA<\/strong><\/a> r. Carolina Cavalli, Italia, 2022, 93\u2032<br \/>\n<strong><a href=\"https:\/\/iicbratislava.esteri.it\/sk\/gli_eventi\/calendario\/il-signore-delle-formiche-r-g-amelio-2\/\">P\u00c1N MRAVCOV<\/a> (IL SIGNORE DELLE FORMICHE) <\/strong>r. Gianni Amelio, Italia, 2022, 130\u2032<\/p>\n<p><strong>2021 \u2192 19. &#8211; 22. 11. 2021, Kino Lumi\u00e8re, Bratislava<\/strong><\/p>\n<p><strong>\u2663<a href=\"https:\/\/iicbratislava.esteri.it\/wp-content\/uploads\/2023\/10\/MCF_katalog_DEFweb.pdf\"> katal\u00f3g<\/a><\/strong><br \/>\n<b><a href=\"https:\/\/iicbratislava.esteri.it\/sk\/gli_eventi\/calendario\/re-granchio-r-a-rigo-de-righi-m-2\/\">LEGENDA O KRABOM KR\u00c1\u013dOVI<\/a> (RE GRANCHIO)\u00a0<\/b><b> \/ <\/b>r. Alessio Rigo de Righi e Matteo Zoppis, IT, FR, ARG, 2021, 100 min, *it\/sk\/en<br \/>\n<b><a href=\"https:\/\/iicbratislava.esteri.it\/sk\/gli_eventi\/calendario\/tre-piani-r-n-moretti-mittelcinemafest-2\/\">TRI POSCHODIA<\/a> (TRE PIANI)<\/b><b>\u00a0<\/b>r. Nanni Moretti, IT, FR, 2021, 119 min, *it\/sk\/en<br \/>\n<a href=\"https:\/\/iicbratislava.esteri.it\/it\/gli_eventi\/calendario\/america-latina-r-d-e-f-d-innocenzo\/\"><b>AMERICA LATINA\u00a0<\/b><\/a><b> \/ <\/b>r. Damiano D&#8217;Innocenzo e Fabio D&#8217;Innocenzo, IT, FR, 2021, 90 min, *it\/sk\/en<br \/>\n<b><a href=\"https:\/\/iicbratislava.esteri.it\/sk\/gli_eventi\/calendario\/per-tutta-la-vita-r-p-costella-2\/\">K\u00ddM N\u00c1S BOH NEROZDELIL<\/a> (PER TUTTA LA VITA)<\/b>\u00a0 \/r. Paolo Costella, Italia, 2021, 101 min, *it\/cz<br \/>\n<b><a href=\"https:\/\/iicbratislava.esteri.it\/it\/gli_eventi\/calendario\/californie-r-a-cassigoli-c-kauffman\/\">CALIFORNIE<\/a><\/b>\u00a0r. Alessandro Cassigoli e Casey Kauffman, IT, 2021, 78 min, *it\/sk\/en<br \/>\n<b><a href=\"https:\/\/iicbratislava.esteri.it\/it\/gli_eventi\/calendario\/ariaferma-r-l-di-costanzo-mittelcinemafest\/\">\u010cAS NEHYBNOSTI<\/a> (ARIAFERMA)<\/b><b> \/ <\/b>r. Leonardo Di Costanzo, IT, CH, 2021, 117 min, *it\/sk\/en<br \/>\n<b><a href=\"https:\/\/iicbratislava.esteri.it\/sk\/gli_eventi\/calendario\/marx-puo-aspettare-r-m-bellocchio-2\/\">MARX M\u00f4\u017dE PO\u010cKA\u0164<\/a> (MARX PUO ASPETTARE)<\/b><b>\u00a0<\/b>r. Marco Bellocchio, IT, 2021, 100 min, *it\/sk\/en<br \/>\n<a href=\"https:\/\/iicbratislava.esteri.it\/sk\/gli_eventi\/calendario\/a-chiara-r-j-carpignano-mittelcinemafest-2\/\"><b>CHIARA<\/b><\/a><b> \/ <\/b>r. <span style=\"font-weight: 400;\">Jonas Carpignano, IT, FR, 2021, 98 min, *it\/cz\/en<\/span><\/p>\n<p><strong>2020 \u2192 16. &#8211; 21. 11. 2020, Kino Lumi\u00e8re, Bratislava<\/strong><\/p>\n<p><strong>\u2663 <a href=\"https:\/\/iicbratislava.esteri.it\/wp-content\/uploads\/2023\/10\/2020_MCF_kat-1.pdf\">katal\u00f3g<\/a><\/strong><br \/>\n<strong><a href=\"https:\/\/iicbratislava.esteri.it\/sk\/gli_eventi\/calendario\/padrenostro-2\/\">OT\u010cE N\u00c1\u0160<\/a> (PADRE NOSTRO<\/strong>)\/ r. Claudio Noce, 2020, IT, 121 min.<br \/>\n<strong><a href=\"https:\/\/iicbratislava.esteri.it\/sk\/gli_eventi\/calendario\/i-predatori-2\/\">PRED\u00c1TORI<\/a> (I PREDATORI)<\/strong> r. Pietro Castellitto, 2020, IT, 109 min.<br \/>\n<strong><a href=\"https:\/\/iicbratislava.esteri.it\/sk\/gli_eventi\/calendario\/volevo-nascondermi-r-g-diritti-2\/\">CHCEL SOM SA UKRY\u0164<\/a> (VOLEVO NASCONDERMI)<\/strong> \/ r. Giorgio Diritti, 2020, IT, 120 min.<br \/>\n<strong><a href=\"https:\/\/iicbratislava.esteri.it\/sk\/gli_eventi\/calendario\/cosa-sara-r-f-bruni-mittelcinemafest-2\/\">V\u0160ETKO BUDE V PORIADKU<\/a> (COSA SAR\u00c1)<\/strong> r. Francesco Bruni, 2020, IT, 101 min.<br \/>\n<strong><a href=\"https:\/\/iicbratislava.esteri.it\/sk\/gli_eventi\/calendario\/lacci-r-d-luchetti-mittelcinemafest-2\/\">ZVIAZAN\u00cd<\/a> (LACCI)<\/strong> \/ r. Daniele Luchetti, 2020, IT 100 min.<br \/>\n<strong><a href=\"https:\/\/iicbratislava.esteri.it\/sk\/gli_eventi\/calendario\/figli-2\/\">DETI<\/a> (FIGLI)<\/strong> \/ r. Giuseppe Bonito, 2020, IT, 97 min.<br \/>\n<strong><a href=\"https:\/\/iicbratislava.esteri.it\/sk\/gli_eventi\/calendario\/sorelle-macaluso-r-e-dante-mittelcinemafest-2\/\">SESTRY MACALUSOV\u00c9<\/a> (LE SORELLE MACALUSO) <\/strong>\/ r. Emma Dante, 2020, IT, 94 min.,<br \/>\n<strong><a href=\"https:\/\/iicbratislava.esteri.it\/sk\/gli_eventi\/calendario\/life-as-a-b-movie-piero-vivarelli-2\/\">PIERO VIVARELLI: \u017dIVOT JE B\u00c9\u010cKOV\u00dd FILM<\/a> (LIFE IS A B-MOVIE: PIERO VIVARELLI)<\/strong>\/ r. Fabrizio Laurenti, Niccol\u00f2 Vivarelli, 2019, IT 90 min<br \/>\n<strong><a href=\"https:\/\/iicbratislava.esteri.it\/sk\/gli_eventi\/calendario\/la-dea-fortuna-r-ferzan-ozpetek-2\/\">BOHY\u0147A \u0160TASTIA<\/a> (LA DEA FORTUNA)<\/strong>\u00a0r. Ferzan Ozpetek, 2019, 114 min<\/p>\n<p>2019<strong> \u2192 20. &#8211; 24. 11. 2019, Kino Lumi\u00e8re, Bratislava<\/strong><\/p>\n<p><strong>\u2663 <a href=\"https:\/\/iicbratislava.esteri.it\/wp-content\/uploads\/2023\/10\/MCF-katalog-web.pdf\">katal\u00f3g<\/a><br \/>\n<\/strong><b><a href=\"https:\/\/iicbratislava.esteri.it\/sk\/gli_eventi\/calendario\/bangla-2\/\">BANGLA<\/a> <\/b>\/ r. Phaim Bhuiyan, Italia, 2019, 84 min.<br \/>\n<b><a href=\"https:\/\/iicbratislava.esteri.it\/sk\/gli_eventi\/calendario\/tutto-il-mio-folle-amore-r-g-salvatores-2\/\">VOLARE<\/a> (TUTTO IL MIO FOLLE AMORE)<\/b>\u00a0r. Gabriele Salvatores, 2019, 97 min.<br \/>\n<b><a href=\"https:\/\/iicbratislava.esteri.it\/sk\/gli_eventi\/calendario\/la-legge-degli-spazi-bianchi-r-2\/\">Z\u00c1KON BIELYCH MIEST<\/a> (LA LEGGE DEGLI SPAZI BIANCHI)<\/b>\/ r. Mauro Caputo, Italia, 2019, 60 min.<br \/>\n<b><a href=\"https:\/\/iicbratislava.esteri.it\/sk\/gli_eventi\/calendario\/quanto-basta-r-f-falaschi-mittelcinemafest-2\/\">S CHU\u0164OU TOSK\u00c1NSKA<\/a> (QUANTO BASTA)<\/b> r. Francesco Falaschi, Italia, 2018, 92 min.<br \/>\n<b><a href=\"https:\/\/iicbratislava.esteri.it\/sk\/gli_eventi\/calendario\/figlia-mia-r-l-bispuri-mittelcinemafest-2\/\">DC\u00c9RA MOJA<\/a> (FIGLIA MIA)<\/b>\u00a0r. Laura Bispuri; Italia \/ Germania \/ Svizzera, 2018, 96 min.<br \/>\n<b><a href=\"https:\/\/iicbratislava.esteri.it\/sk\/gli_eventi\/calendario\/il-campione-r-l-d-agostini-mittelcinemafest-2\/\">\u0160AMPI\u00d3N<\/a> (IL CAMPIONE)<\/b>\u00a0r. Leonardo D&#8217;Agostini, Italia, 2019, 105 min.<br \/>\n<b><a href=\"https:\/\/iicbratislava.esteri.it\/sk\/gli_eventi\/calendario\/maternal-r-m-delpero-mittelcinemafest-2\/\">MATERSTVO<\/a> (MATERNAL)<\/b> r. Maura Delpero, Italia \/ Argentina, 2018, 92 min.<br \/>\n<b><a href=\"https:\/\/iicbratislava.esteri.it\/sk\/gli_eventi\/calendario\/domani-e-un-altro-giorno-r-s-spada-2\/\">ZAJTRA BUDE NOV\u00dd DE\u0147<\/a> (DOMANI E&#8216; UN ALTRO GIORNO)<\/b> r. Simone Spada, Italia, 2019, 100 min.<br \/>\n<a href=\"https:\/\/iicbratislava.esteri.it\/it\/gli_eventi\/calendario\/dafne-r-f-bondi-mittelcinemafest\/\"><b>DAFNE&#8216;<\/b> <\/a>\/ r. Federico Bondi, Italia, 2019, 94 min.<br \/>\n<b><a href=\"https:\/\/iicbratislava.esteri.it\/sk\/gli_eventi\/calendario\/il-traditore-r-m-bellocchio-mittelcinemafest-2\/\">PRV\u00dd ZRADCA<\/a> (IL TRADITORE) <\/b>r. Marco Bellocchio, Italia, 2019, 135 min.<\/p>\n<p>2018 <strong>\u2192 22. &#8211; 26. 11. 2018, Kino Lumi\u00e8re, Bratislava \/ 25. &#8211; 26. 11. 2018 Kino \u00dasmev, Ko\u0161ice<\/strong><\/p>\n<p><strong>\u2663 <a href=\"https:\/\/iicbratislava.esteri.it\/wp-content\/uploads\/2023\/10\/Katalog_FINAL_web.pdf\">katal\u00f3g<\/a><br \/>\n<b><a href=\"https:\/\/iicbratislava.esteri.it\/sk\/gli_eventi\/calendario\/saremo-giovani-e-bellissimi-mittelcinemafest-2\/\">NAV\u017dDY MLAD\u00cd A KR\u00c1SNI<\/a> (SAREMO GIOVANI E BELLISSIMI)<\/b><\/strong> r.<strong><span style=\"font-weight: 400;\">\u00a0Letizia Lamartire; Italia, 2018, 92&#8242;<br \/>\n<\/span><\/strong><b><a href=\"https:\/\/iicbratislava.esteri.it\/sk\/gli_eventi\/calendario\/troppa-grazia-mittelcinemafest-2\/\">NALIEHAV\u00c9 ZJAVENIE<\/a> (TROPPA GRAZIA)<\/b> r.<b>\u00a0<\/b><span style=\"font-weight: 400;\">Gianni Zanasi; Italia\/Grecia\/Spagna, 2018, 110<strong>&#8218;<br \/>\n<\/strong><\/span><a href=\"https:\/\/iicbratislava.esteri.it\/sk\/gli_eventi\/calendario\/capri-revolution-mittelcinemafest-2\/\"><b>CAPRI-REVOLUTION<\/b><\/a><span style=\"font-weight: 400;\"> r. Mario Martone; Italia\/Francia, 2018, 122<strong>&#8218;<br \/>\n<\/strong><\/span><a href=\"https:\/\/iicbratislava.esteri.it\/sk\/gli_eventi\/calendario\/dogman-mittelcinemafest-2018-2\/\"><b>DOGMAN<\/b> <\/a>r. <span style=\"font-weight: 400;\">Matteo Garrone; Italia\/Francia, 2018, 120&#8242;<br \/>\n<\/span><b><a href=\"https:\/\/iicbratislava.esteri.it\/sk\/gli_eventi\/calendario\/l-ospite-mittelcinemafest-2018-2\/\">HOS\u0164<\/a> (L&#8217;OSPITE<\/b>)<b> <\/b>r. <span style=\"font-weight: 400;\">Duccio Chiarini; Italia\/Svizzera\/Francia, 2018, 96&#8242;<br \/>\n<\/span><b><a href=\"https:\/\/iicbratislava.esteri.it\/sk\/gli_eventi\/calendario\/una-storia-senza-nome-mittelcinemafest-2\/\">UKRADNUT\u00dd CARAVAGGIO<\/a> (UNA STORIA SENZA NOME)<\/b> r.<b>\u00a0<\/b><span style=\"font-weight: 400;\">Roberto And\u00f2, Italia\/Francia, 2018, 110&#8242;<br \/>\n<\/span><b><a href=\"https:\/\/iicbratislava.esteri.it\/it\/gli_eventi\/calendario\/mittelcinemafest-lazzaro-felice\/\">\u0160\u0164ASTN\u00dd LAZZARO<\/a> (LAZZARO FELICE) <\/b>r.<b>\u00a0<\/b><span style=\"font-weight: 400;\">Alice Rohrwacher; Italia\/Germania\/Francia\/Svizzera, 2018, 130&#8242;<br \/>\n<\/span><b><a href=\"https:\/\/iicbratislava.esteri.it\/sk\/gli_eventi\/calendario\/l-uomo-che-compro-la-luna-mittelcinemafest-2\/\">MU\u017d, \u010cO K\u00daPIL MESIAC<\/a> (L&#8217;UOMO CHE COMPR\u00d2 LA LUNA)<\/b><b>\/ <\/b><span style=\"font-weight: 400;\">Paolo Zucca; Italia\/Albania\/Argentina, 2018, 103&#8242;<br \/>\n<\/span><b><a href=\"https:\/\/iicbratislava.esteri.it\/sk\/gli_eventi\/calendario\/la-terra-dell-abbastanza-mittelcinemafest-2\/\">KE\u010e CHLAPCI PLA\u010c\u00da<\/a> (LA TERRA DELL&#8217;ABBASTANZA)<\/b> r.<b>\u00a0<\/b><span style=\"font-weight: 400;\">Damiano D&#8217;Innocenzo; Italia, 2018, 95&#8242;<\/span><\/p>\n<p><b>8.11. &#8211; 3. 12. 2018\u00a0<\/b><a href=\"https:\/\/iicbratislava.esteri.it\/sk\/gli_eventi\/calendario\/la-valigia-romana-2\/\"><strong>R\u00edmsky kufor \u2013 znovuobjaven\u00e9 fotografie \u201eSladk\u00e9ho \u017eivota\u201c<\/strong><\/a><\/p>\n<p><b><\/b><br \/>\n<b>22.11. 2018, 17:30\u00a0<\/b><b><a href=\"https:\/\/iicbratislava.esteri.it\/sk\/gli_eventi\/calendario\/paparazzi-e-la-dolce-vita-2\/\">Marcello Mencarini: Paparazzi a Sladk\u00fd \u017eivot <\/a>\/ predn\u00e1\u0161ka (it, sk)<\/b><\/p>\n<p><a href=\"https:\/\/iicbratislava.esteri.it\/wp-content\/uploads\/2023\/10\/MCF17-katalog-web.pdf\">2017<\/a> \u2192 <a href=\"https:\/\/iicbratislava.esteri.it\/wp-content\/uploads\/2023\/10\/2016_MCF_kat.pdf\">2016<\/a> \u2192 <a href=\"https:\/\/iicbratislava.esteri.it\/wp-content\/uploads\/2023\/10\/2015_MCF_kat.pdf\">2015<\/a> \u2192 <a href=\"https:\/\/iicbratislava.esteri.it\/wp-content\/uploads\/2023\/10\/2014_MCF_kat.pdf\">2014<\/a> \u2192 <a href=\"https:\/\/iicbratislava.esteri.it\/wp-content\/uploads\/2023\/10\/2013_MCF_kat.pdf\">2013<\/a> \u2192 <a href=\"https:\/\/iicbratislava.esteri.it\/wp-content\/uploads\/2023\/10\/2012_MCF_kat-1.pdf\">2012<\/a> \u2192 <a href=\"https:\/\/iicbratislava.esteri.it\/wp-content\/uploads\/2023\/10\/2011_MCF_kat.pdf\">2011<\/a> \u2192 <a href=\"https:\/\/iicbratislava.esteri.it\/wp-content\/uploads\/2023\/10\/2010_MCF_kat.pdf\">2010<\/a> \u2192 <a href=\"https:\/\/iicbratislava.esteri.it\/wp-content\/uploads\/2023\/10\/2009_MCF_kat.pdf\">2009<\/a> \u2192 <a href=\"https:\/\/iicbratislava.esteri.it\/wp-content\/uploads\/2023\/10\/2008_MCF_kat.pdf\">2008<\/a> \u2192 <a href=\"https:\/\/iicbratislava.esteri.it\/wp-content\/uploads\/2023\/10\/2007_MCF_kat-1.pdf\">2007<\/a><\/p>\n<p><span style=\"font-weight: 400;\">\u00a0<\/span><\/p>\n<p><span style=\"font-weight: 400;\">\u00a0<\/span><\/p>\n<p><span style=\"font-weight: 400;\">\u00a0<\/span><\/p>\n<p><span style=\"font-weight: 400;\">\u00a0<\/span><\/p>\n<p><span style=\"font-weight: 400;\">\u00a0<\/span><\/p>\n<p><span style=\"font-weight: 400;\"><strong>\u00a0<\/strong><\/span><\/p>\n<p><span style=\"font-weight: 400;\"><strong>\u00a0<\/strong><\/span><\/p>\n<p><strong>\u00a0<\/strong><\/p>\n<p><strong>\u00a0<\/strong><\/p>\n<p>&nbsp;<\/p>\n<p>&nbsp;<\/p>\n","protected":false},"excerpt":{"rendered":"MittelCinemaFest &#8211; stredoeur\u00f3psky festival talianskeho filmu pon\u00faka v\u00fdber z najnov\u0161ej talianskej kinematografie, filmy ocenen\u00e9 kritikou a uveden\u00e9 na najprest\u00ed\u017enej\u0161\u00edch filmov\u00fdch festivaloch v Cannes, Ben\u00e1tkach \u010di Karlov\u00fdch Varoch. Prin\u00e1\u0161a zauj\u00edmav\u00e9 filmov\u00e9 debuty ale aj sn\u00edmky renomovan\u00fdch re\u017eis\u00e9rov s ob\u013e\u00faben\u00fdmi talianskymi hercami. 2024 \u2192 27. 11. &#8211; 1. 12. 2024, Kino Lumi\u00e8re, Bratislava \u2663 katal\u00f3g PARTHENOPE \u00a0r. [&hellip;]","protected":false},"author":6,"featured_media":0,"parent":12319,"menu_order":0,"comment_status":"closed","ping_status":"closed","template":"","meta":{"footnotes":""},"class_list":["post-5384","page","type-page","status-publish","hentry"],"_links":{"self":[{"href":"https:\/\/iicbratislava.esteri.it\/sk\/wp-json\/wp\/v2\/pages\/5384","targetHints":{"allow":["GET"]}}],"collection":[{"href":"https:\/\/iicbratislava.esteri.it\/sk\/wp-json\/wp\/v2\/pages"}],"about":[{"href":"https:\/\/iicbratislava.esteri.it\/sk\/wp-json\/wp\/v2\/types\/page"}],"author":[{"embeddable":true,"href":"https:\/\/iicbratislava.esteri.it\/sk\/wp-json\/wp\/v2\/users\/6"}],"replies":[{"embeddable":true,"href":"https:\/\/iicbratislava.esteri.it\/sk\/wp-json\/wp\/v2\/comments?post=5384"}],"version-history":[{"count":11,"href":"https:\/\/iicbratislava.esteri.it\/sk\/wp-json\/wp\/v2\/pages\/5384\/revisions"}],"predecessor-version":[{"id":18499,"href":"https:\/\/iicbratislava.esteri.it\/sk\/wp-json\/wp\/v2\/pages\/5384\/revisions\/18499"}],"up":[{"embeddable":true,"href":"https:\/\/iicbratislava.esteri.it\/sk\/wp-json\/wp\/v2\/pages\/12319"}],"wp:attachment":[{"href":"https:\/\/iicbratislava.esteri.it\/sk\/wp-json\/wp\/v2\/media?parent=5384"}],"curies":[{"name":"wp","href":"https:\/\/api.w.org\/{rel}","templated":true}]}}