{"id":5204,"date":"2023-09-29T14:21:36","date_gmt":"2023-09-29T12:21:36","guid":{"rendered":"https:\/\/iicbratislava.esteri.it\/gli_eventi\/calendario\/dolce-vitaj-2023\/"},"modified":"2025-04-15T14:32:37","modified_gmt":"2025-04-15T12:32:37","slug":"dolce-vitaj-2023","status":"publish","type":"page","link":"https:\/\/iicbratislava.esteri.it\/sk\/gli_eventi\/archivio-eventi\/dolce-vitaj-archivio\/dolce-vitaj-2023\/","title":{"rendered":"Dolce vitaj 2023"},"content":{"rendered":"<p><a href=\"https:\/\/www.dolcevitaj.eu\/\"><strong><img loading=\"lazy\" decoding=\"async\" class=\"alignnone size-full wp-image-5200 img-fluid\" src=\"https:\/\/iicbratislava.esteri.it\/wp-content\/uploads\/2023\/09\/Dolce2023_WEBbanner_1136x511px.jpg\" alt=\"Visual generale\" width=\"1136\" height=\"511\" srcset=\"https:\/\/iicbratislava.esteri.it\/wp-content\/uploads\/2023\/09\/Dolce2023_WEBbanner_1136x511px.jpg 1136w, https:\/\/iicbratislava.esteri.it\/wp-content\/uploads\/2023\/09\/Dolce2023_WEBbanner_1136x511px-300x135.jpg 300w, https:\/\/iicbratislava.esteri.it\/wp-content\/uploads\/2023\/09\/Dolce2023_WEBbanner_1136x511px-1024x461.jpg 1024w, https:\/\/iicbratislava.esteri.it\/wp-content\/uploads\/2023\/09\/Dolce2023_WEBbanner_1136x511px-768x345.jpg 768w\" sizes=\"auto, (max-width: 1136px) 100vw, 1136px\" \/><\/strong><\/a><\/p>\n<p>&nbsp;<\/p>\n<p><strong>Program 16. ro\u010dn\u00edka Talianskeho festivalu na Slovensku Dolce vitaj<\/strong><\/p>\n<p><strong><a href=\"https:\/\/iicbratislava.esteri.it\/sk\/gli_eventi\/calendario\/mimmo-rotella-decollages-2\/\">Mimmo Rotella<\/a><\/strong><b><br \/>\n<\/b>autorsk\u00e1 v\u00fdstava<br \/>\n20. 04. \u2013 18. 09.<br \/>\nCastello di Bratislava, terzo piano<\/p>\n<p><a href=\"https:\/\/iicbratislava.esteri.it\/sk\/gli_eventi\/calendario\/paolo-masi-in-esposizione-alla-2\/\"><strong>Paolo Masi<\/strong><\/a><br \/>\nautorsk\u00e1 v\u00fdstava<br \/>\n19. 05. \u2013 09. 09.<br \/>\nGalleria Civica di Zilina<\/p>\n<p><strong>Cinevitaj: Literat\u00fara vo film<\/strong><br \/>\n23. 05. &#8211; 20. 06.<br \/>\nKino Lumi\u00e8re v SNG Bratislava;\u00a0 FK v M\u00fazeu SNP, Bansk\u00e1 Bystrica; Artkino Metro, Tren\u010d\u00edn; Kino Tatran, Poprad; Kino \u00dasmev,\u00a0 Ko\u0161ice; FK Priestor, Lu\u010denec<\/p>\n<p><a href=\"https:\/\/iicbratislava.esteri.it\/sk\/gli_eventi\/calendario\/cinevitaj-il-colibri-2\/\">Kolibr\u00edk<\/a> \/ r. F. Archibugi, 2022, 125\u2019, *it\/eng\/sk<br \/>\n<a href=\"https:\/\/iicbratislava.esteri.it\/sk\/gli_eventi\/calendario\/cinevitaj-io-e-te-r-b-bertolucci-2\/\">Ja a ty<\/a> \/ r. B. Bertolucci, 2012, 97\u2019, *it\/eng\/sk<br \/>\n<a href=\"https:\/\/iicbratislava.esteri.it\/sk\/gli_eventi\/calendario\/cinevitaj-l-arminuta-2\/\">T\u00e1, \u010do sa vracia<\/a>\u00a0\/ r. G. Bonito, 2021, 114\u2019, *it\/eng\/sk<br \/>\n<a href=\"https:\/\/iicbratislava.esteri.it\/sk\/gli_eventi\/calendario\/cinevitaj-lacci-2\/\">Zviazan\u00ed<\/a> \/ r. D. Luchetti, 2020, 100\u2019, *it\/eng\/sk<br \/>\n<a href=\"https:\/\/iicbratislava.esteri.it\/sk\/gli_eventi\/calendario\/cinevitaj-le-otto-montagne-2\/\">Otto montagne<\/a> \/ r. F. van Groeningen, Ch. Vandermeersch, 2022, 140\u2019,*it\/sk<\/p>\n<p><a href=\"https:\/\/iicbratislava.esteri.it\/sk\/gli_eventi\/calendario\/dalibor-karvay-e-sinfonietta-bratislava-2\/\"><strong>Dalibor Karvay e Sinfonietta Bratislava<\/strong><\/a><br \/>\n<strong>Vivaldi e Quattro stagioni<\/strong><br \/>\n01. 06. ore 18:00<br \/>\nVe\u013ek\u00fd evanjelick\u00fd kostol, Bratislava<\/p>\n<p><a href=\"https:\/\/iicbratislava.esteri.it\/sk\/gli_eventi\/calendario\/brak-festival-del-libro-beatrice-2\/\"><strong>BRaK &#8211; festival del libro: Luca de Santis, Sara Colaone, Beatice Salvioni<\/strong><\/a><br \/>\n03. 06. Nov\u00e1 cvernovka,<br \/>\nRa\u010dianska 78, Bratislava<\/p>\n<p><a href=\"https:\/\/iicbratislava.esteri.it\/sk\/gli_eventi\/calendario\/flo-quartetto-concerto-per-il-16-2\/\"><strong>Flo &#8211; Racconti mediterranei<\/strong><\/a><br \/>\nconcerto del quarteto etno-jazz<br \/>\n06. 06. o 19:00 h.<br \/>\nVe\u013ek\u00e1 s\u00e1la Slovensk\u00e9ho<br \/>\nrozhlasu, M\u00fdtna 1, Bratislava<\/p>\n<p><a href=\"https:\/\/iicbratislava.esteri.it\/sk\/gli_eventi\/calendario\/roberto-capucci-dal-tratto-al-tessuto-2\/\"><strong>Roberto Capucci: Dal tratto al tessuto<\/strong><\/a><br \/>\n16. 06. \u2013 22. 10.<br \/>\nS\u00eddeln\u00e1 budova SNM, Vajansk\u00e9ho n\u00e1br. 2, Bratislava<\/p>\n<p><a href=\"https:\/\/iicbratislava.esteri.it\/sk\/gli_eventi\/calendario\/giuseppe-catozzella-talianka-literarne-2\/\"><strong>Giuseppe Catozzella: Italiana<\/strong><\/a><br \/>\nliter\u00e1rne stretnutie<br \/>\n21. 06. o 17:30 h.<br \/>\nKn\u00edhkupectvo Panta Rhei<br \/>\nv NC Aupark, Bratislava<\/p>\n<p><strong>Mercato italiano<\/strong><br \/>\n22. 06. \u2013 02. 07.<br \/>\nHviezdoslavovo n\u00e1mestie<br \/>\nBratislava<\/p>\n<p>festival sa kon\u00e1 pod z\u00e1\u0161titou prim\u00e1tora Hlavn\u00e9ho mesta SR Bratislavy Mat\u00fa\u0161a Valla<br \/>\nHlavn\u00ed organiz\u00e1tori podujatia: Istituto Italiano di Cultura, Ambasciata d&#8217;Italia, Camera di commecio italo-slovacca<br \/>\nHlavn\u00ed partneri podujatia: VUB banka, Generali, Brovedani<\/p>\n<p>Per maggiori infomazioni: <a href=\"https:\/\/www.dolcevitaj.eu\/it\">www. dolcevitaj.eu<\/a><\/p>\n","protected":false},"excerpt":{"rendered":"&nbsp; Program 16. ro\u010dn\u00edka Talianskeho festivalu na Slovensku Dolce vitaj Mimmo Rotella autorsk\u00e1 v\u00fdstava 20. 04. \u2013 18. 09. Castello di Bratislava, terzo piano Paolo Masi autorsk\u00e1 v\u00fdstava 19. 05. \u2013 09. 09. Galleria Civica di Zilina Cinevitaj: Literat\u00fara vo film 23. 05. &#8211; 20. 06. Kino Lumi\u00e8re v SNG Bratislava;\u00a0 FK v M\u00fazeu SNP, [&hellip;]","protected":false},"author":6,"featured_media":0,"parent":5448,"menu_order":0,"comment_status":"closed","ping_status":"closed","template":"","meta":{"footnotes":""},"class_list":["post-5204","page","type-page","status-publish","hentry"],"_links":{"self":[{"href":"https:\/\/iicbratislava.esteri.it\/sk\/wp-json\/wp\/v2\/pages\/5204","targetHints":{"allow":["GET"]}}],"collection":[{"href":"https:\/\/iicbratislava.esteri.it\/sk\/wp-json\/wp\/v2\/pages"}],"about":[{"href":"https:\/\/iicbratislava.esteri.it\/sk\/wp-json\/wp\/v2\/types\/page"}],"author":[{"embeddable":true,"href":"https:\/\/iicbratislava.esteri.it\/sk\/wp-json\/wp\/v2\/users\/6"}],"replies":[{"embeddable":true,"href":"https:\/\/iicbratislava.esteri.it\/sk\/wp-json\/wp\/v2\/comments?post=5204"}],"version-history":[{"count":3,"href":"https:\/\/iicbratislava.esteri.it\/sk\/wp-json\/wp\/v2\/pages\/5204\/revisions"}],"predecessor-version":[{"id":12464,"href":"https:\/\/iicbratislava.esteri.it\/sk\/wp-json\/wp\/v2\/pages\/5204\/revisions\/12464"}],"up":[{"embeddable":true,"href":"https:\/\/iicbratislava.esteri.it\/sk\/wp-json\/wp\/v2\/pages\/5448"}],"wp:attachment":[{"href":"https:\/\/iicbratislava.esteri.it\/sk\/wp-json\/wp\/v2\/media?parent=5204"}],"curies":[{"name":"wp","href":"https:\/\/api.w.org\/{rel}","templated":true}]}}