{"id":409,"date":"2023-07-20T17:18:04","date_gmt":"2023-07-20T15:18:04","guid":{"rendered":"https:\/\/iicbratislava.esteri.it\/amministrazione-trasparente\/diventare-sponsor\/"},"modified":"2024-08-07T13:32:38","modified_gmt":"2024-08-07T11:32:38","slug":"diventare-sponsor","status":"publish","type":"page","link":"https:\/\/iicbratislava.esteri.it\/sk\/amministrazione-trasparente\/diventare-sponsor\/","title":{"rendered":"Sta\u0165 sa sponzorom"},"content":{"rendered":"<p><strong>Ako sponzorova\u0165 aktivity Talianskeho kult\u00farneho in\u0161tit\u00fatu v Bratislave<\/strong><\/p>\n<p>Taliansky kult\u00farny in\u0161tit\u00fat v Bratislave ka\u017edoro\u010dne organizuje v r\u00e1mci vlastn\u00fdch kult\u00farnych aktiv\u00edt v\u00fdznamn\u00e9 podujatia na vysokej in\u0161titucion\u00e1lnej \u00farovni. Z tohto d\u00f4vodu m\u00e1 v \u00famysle uch\u00e1dza\u0165 sa o podporu verejn\u00fdch a s\u00fakromn\u00fdch subjektov, ktor\u00e9 by mali z\u00e1ujem vst\u00fapi\u0165 do profesion\u00e1lnej spolupr\u00e1ce a finan\u010dne podpori\u0165 Taliansky kult\u00farny in\u0161tit\u00fat v\u00fdmenou za zvidite\u013enenie vlastnej zna\u010dky \/loga prostredn\u00edctvom propaga\u010dn\u00fdch materi\u00e1lov pripravovan\u00fdch k jednotliv\u00fdm podujatiam (pozv\u00e1nka, plag\u00e1t, banner, katal\u00f3g, newsletter at\u010f.).<\/p>\n<p><strong>Subjekty, ktor\u00e9 by mali z\u00e1ujem aktivity In\u0161tit\u00fatu finan\u010dne podpori\u0165, m\u00f4\u017eu zasla\u0165 svoju \u017eiados\u0165\/ponuku na adresu: iicbratislava@esteri.it.<\/strong>\u00a0Ponuka by mala obsahova\u0165 \u00fadaje o subjekte a oblasti jeho p\u00f4sobenia. In\u0161tit\u00fat si vyhradzuje pr\u00e1vo rozhodn\u00fa\u0165 o zapo\u010dat\u00ed spolupr\u00e1ce.<\/p>\n<p>Forma podpory, \u010di u\u017e ide o jedno alebo viac podujat\u00ed, bude ustanoven\u00e1 zmluvou, podp\u00edsanou medzi Talianskym kult\u00farnym in\u0161tit\u00fatom a donorom. V zmysle vyhl\u00e1\u0161ky \u010d. 192, \u010dl. 6, ods. 2 (&#8222;Spolupr\u00e1ca so s\u00fakromn\u00fdmi subjektmi&#8220;) z 2. novembra 2017 mus\u00ed by\u0165 v zmluve o sponzorstve zahrnut\u00e1 osobitn\u00e1 dolo\u017eka, ktor\u00e1 umo\u017e\u0148uje ukon\u010denie zmluvy zo zahrani\u010dnopolitick\u00fdch d\u00f4vodov, na z\u00e1klade jednoduchej \u017eiadosti, bez ak\u00fdchko\u013evek podmienok alebo obmedzen\u00ed, bezplatne a bez toho, aby bolo dotknut\u00e9 pr\u00e1vo na vr\u00e1tenie u\u017e zaplaten\u00fdch z\u00e1loh a prekro\u010den\u00fdch odmien za u\u017e poskytnut\u00e9 a nadobudnut\u00e9 slu\u017eby. Ak dod\u00e1vate\u013e nes\u00fahlas\u00ed so zahrnut\u00edm tejto dolo\u017eky, zmluva alebo dohoda sa nem\u00f4\u017ee uzavrie\u0165.<\/p>\n<p>V s\u00falade s Etick\u00fdm k\u00f3dexom talianskeho Ministerstva zahrani\u010dn\u00fdch vec\u00ed a medzin\u00e1rodnej spolupr\u00e1ce si dovo\u013eujeme podotkn\u00fa\u0165, \u017ee In\u0161tit\u00fat nem\u00f4\u017ee vstupova\u0165 do spolupr\u00e1ce so subjektami, ktor\u00fdch aktivity by mohli vytv\u00e1ra\u0165 konflikt z\u00e1ujmov, ist\u00e9 predsudky alebo aj potencion\u00e1lne ohrozenie \u00farovne in\u0161titucion\u00e1lnych podujat\u00ed, pr\u00edpadne by sa mohli javi\u0165 v protiklade so v\u0161eobecn\u00fdmi pr\u00e1vnymi z\u00e1sadami.<\/p>\n","protected":false},"excerpt":{"rendered":"Ako sponzorova\u0165 aktivity Talianskeho kult\u00farneho in\u0161tit\u00fatu v Bratislave Taliansky kult\u00farny in\u0161tit\u00fat v Bratislave ka\u017edoro\u010dne organizuje v r\u00e1mci vlastn\u00fdch kult\u00farnych aktiv\u00edt v\u00fdznamn\u00e9 podujatia na vysokej in\u0161titucion\u00e1lnej \u00farovni. Z tohto d\u00f4vodu m\u00e1 v \u00famysle uch\u00e1dza\u0165 sa o podporu verejn\u00fdch a s\u00fakromn\u00fdch subjektov, ktor\u00e9 by mali z\u00e1ujem vst\u00fapi\u0165 do profesion\u00e1lnej spolupr\u00e1ce a finan\u010dne podpori\u0165 Taliansky kult\u00farny in\u0161tit\u00fat v\u00fdmenou [&hellip;]","protected":false},"author":1,"featured_media":0,"parent":152,"menu_order":8,"comment_status":"closed","ping_status":"closed","template":"","meta":{"footnotes":""},"class_list":["post-409","page","type-page","status-publish","hentry"],"_links":{"self":[{"href":"https:\/\/iicbratislava.esteri.it\/sk\/wp-json\/wp\/v2\/pages\/409","targetHints":{"allow":["GET"]}}],"collection":[{"href":"https:\/\/iicbratislava.esteri.it\/sk\/wp-json\/wp\/v2\/pages"}],"about":[{"href":"https:\/\/iicbratislava.esteri.it\/sk\/wp-json\/wp\/v2\/types\/page"}],"author":[{"embeddable":true,"href":"https:\/\/iicbratislava.esteri.it\/sk\/wp-json\/wp\/v2\/users\/1"}],"replies":[{"embeddable":true,"href":"https:\/\/iicbratislava.esteri.it\/sk\/wp-json\/wp\/v2\/comments?post=409"}],"version-history":[{"count":1,"href":"https:\/\/iicbratislava.esteri.it\/sk\/wp-json\/wp\/v2\/pages\/409\/revisions"}],"predecessor-version":[{"id":12369,"href":"https:\/\/iicbratislava.esteri.it\/sk\/wp-json\/wp\/v2\/pages\/409\/revisions\/12369"}],"up":[{"embeddable":true,"href":"https:\/\/iicbratislava.esteri.it\/sk\/wp-json\/wp\/v2\/pages\/152"}],"wp:attachment":[{"href":"https:\/\/iicbratislava.esteri.it\/sk\/wp-json\/wp\/v2\/media?parent=409"}],"curies":[{"name":"wp","href":"https:\/\/api.w.org\/{rel}","templated":true}]}}