{"id":305,"date":"2023-07-11T16:28:52","date_gmt":"2023-07-11T14:28:52","guid":{"rendered":"https:\/\/iicbratislava.esteri.it\/chi-siamo\/contatti\/diventare-soci\/"},"modified":"2025-09-01T14:02:57","modified_gmt":"2025-09-01T12:02:57","slug":"diventare-soci","status":"publish","type":"page","link":"https:\/\/iicbratislava.esteri.it\/sk\/chi-siamo\/contatti\/diventare-soci\/","title":{"rendered":"Ako sa sta\u0165 \u010dlenom"},"content":{"rendered":"<p>\u010clenovia Talianskeho kult\u00farneho in\u0161tit\u00fatu\u00a0obdr\u017eia preukaz a ten ich opr\u00e1v\u0148uje\u00a0nav\u0161tevova\u0165\u00a0<a href=\"https:\/\/iicbratislava.esteri.it\/sk\/lingua-e-cultura\/biblioteca\/\">kni\u017enicu IIC\u00a0<\/a>a vyu\u017e\u00edva\u0165 jej slu\u017eby po\u010das jedn\u00e9ho roka odo d\u0148a z\u00e1pisu.\u00a0\u00a0Okrem toho s\u00fa pravidelne informovan\u00ed o aktivit\u00e1ch a podujatiach Talianskeho kult\u00farneho in\u0161tit\u00fatu.<\/p>\n<p><strong>Ro\u010dn\u00fd \u010dlensk\u00fd poplatok:<\/strong><\/p>\n<ul>\n<li><strong>10,- \u20ac<\/strong> pre \u0161tudentov IIC<\/li>\n<li><strong>15,- \u20ac<\/strong> pre ostatn\u00fdch<\/li>\n<\/ul>\n<p><strong>Po\u017eadovan\u00e9 doklady:<\/strong><\/p>\n<ul>\n<li>ob\u010diansky preukaz<\/li>\n<li>cudzinci predlo\u017eia povolenie k pobytu a v z\u00e1vislosti od povolenia ob\u010diansky preukaz, resp. pas<\/li>\n<li>deti, ktor\u00e9 e\u0161te nemaj\u00fa ob\u010diansky preukaz, zapisuj\u00fa rodi\u010dia.<\/li>\n<\/ul>\n","protected":false},"excerpt":{"rendered":"\u010clenovia Talianskeho kult\u00farneho in\u0161tit\u00fatu\u00a0obdr\u017eia preukaz a ten ich opr\u00e1v\u0148uje\u00a0nav\u0161tevova\u0165\u00a0kni\u017enicu IIC\u00a0a vyu\u017e\u00edva\u0165 jej slu\u017eby po\u010das jedn\u00e9ho roka odo d\u0148a z\u00e1pisu.\u00a0\u00a0Okrem toho s\u00fa pravidelne informovan\u00ed o aktivit\u00e1ch a podujatiach Talianskeho kult\u00farneho in\u0161tit\u00fatu. Ro\u010dn\u00fd \u010dlensk\u00fd poplatok: 10,- \u20ac pre \u0161tudentov IIC 15,- \u20ac pre ostatn\u00fdch Po\u017eadovan\u00e9 doklady: ob\u010diansky preukaz cudzinci predlo\u017eia povolenie k pobytu a v z\u00e1vislosti od [&hellip;]","protected":false},"author":3,"featured_media":0,"parent":119,"menu_order":0,"comment_status":"closed","ping_status":"closed","template":"","meta":{"footnotes":""},"class_list":["post-305","page","type-page","status-publish","hentry"],"_links":{"self":[{"href":"https:\/\/iicbratislava.esteri.it\/sk\/wp-json\/wp\/v2\/pages\/305","targetHints":{"allow":["GET"]}}],"collection":[{"href":"https:\/\/iicbratislava.esteri.it\/sk\/wp-json\/wp\/v2\/pages"}],"about":[{"href":"https:\/\/iicbratislava.esteri.it\/sk\/wp-json\/wp\/v2\/types\/page"}],"author":[{"embeddable":true,"href":"https:\/\/iicbratislava.esteri.it\/sk\/wp-json\/wp\/v2\/users\/3"}],"replies":[{"embeddable":true,"href":"https:\/\/iicbratislava.esteri.it\/sk\/wp-json\/wp\/v2\/comments?post=305"}],"version-history":[{"count":2,"href":"https:\/\/iicbratislava.esteri.it\/sk\/wp-json\/wp\/v2\/pages\/305\/revisions"}],"predecessor-version":[{"id":16999,"href":"https:\/\/iicbratislava.esteri.it\/sk\/wp-json\/wp\/v2\/pages\/305\/revisions\/16999"}],"up":[{"embeddable":true,"href":"https:\/\/iicbratislava.esteri.it\/sk\/wp-json\/wp\/v2\/pages\/119"}],"wp:attachment":[{"href":"https:\/\/iicbratislava.esteri.it\/sk\/wp-json\/wp\/v2\/media?parent=305"}],"curies":[{"name":"wp","href":"https:\/\/api.w.org\/{rel}","templated":true}]}}