{"id":262,"date":"2023-06-20T17:07:15","date_gmt":"2023-06-20T15:07:15","guid":{"rendered":"https:\/\/iicbratislava.esteri.it\/amministrazione-trasparente\/bandi-di-gara-e-contratti\/"},"modified":"2024-08-05T15:52:30","modified_gmt":"2024-08-05T13:52:30","slug":"bandi-di-gara-e-contratti","status":"publish","type":"page","link":"https:\/\/iicbratislava.esteri.it\/sk\/amministrazione-trasparente\/bandi-di-gara-e-contratti\/","title":{"rendered":"Verejn\u00e9 obstar\u00e1vanie a zmluvy"},"content":{"rendered":"<p><strong>AKTU\u00c1LNE:<\/strong><\/p>\n<p>&#8211;<\/p>\n<p><strong>NEAKTU\u00c1LNE:<\/strong><\/p>\n<p>14\/06\/2024 &#8211; <a href=\"https:\/\/iicbratislava.esteri.it\/wp-content\/uploads\/2024\/06\/AVVISO-corsi-24-25-SK-3-PR_Firmato.pdf\">Ozn\u00e1menie o orienta\u010dnom prieskume trhu v s\u00favislosti s pripravovan\u00fdm priamym zadan\u00edm z\u00e1kazky na slu\u017eby v oblasti poskytovania \u013eudsk\u00fdch pre kurzy talianskeho jazyka a kult\u00fary zdrojov pod\u013ea \u010dl\u00e1nku 7 ods. 2 p\u00edsm. A) ministersk\u00e9ho dekr\u00e9tu 192\/2017<\/a><\/p>\n<p>31\/1\/2024 &#8211; <a href=\"https:\/\/iicbratislava.esteri.it\/wp-content\/uploads\/2024\/01\/Avviso-serv.-sicurezza-SK_Firmato.pdf\">Ozn\u00e1menie o orienta\u010dnom prieskume trhu v s\u00favislosti s pripravovan\u00fdm priamym zadan\u00edm z\u00e1kazky na slu\u017eby v oblasti zabezpe\u010denia zdravia a bezpe\u010dnosti na pracovisku<\/a><\/p>\n<p>04\/11\/2022 &#8211;\u00a0<a href=\"https:\/\/iicbratislava.esteri.it\/wp-content\/uploads\/2023\/11\/AVVISO-risorse-umane-24_Firmato.pdf\">Ozn\u00e1menie o orienta\u010dnom prieskume trhu v s\u00favislosti s pripravovan\u00fdm priamym zadan\u00edm z\u00e1kazky na slu\u017eby v oblasti poskytovania \u013eudsk\u00fdch zdrojov pod\u013ea \u010dl\u00e1nku 7 ods. 2 p\u00edsm. A) ministersk\u00e9ho dekr\u00e9tu 192\/2017<\/a><\/p>\n<p>04\/11\/2022 &#8211;\u00a0<a href=\"https:\/\/iicbratislava.esteri.it\/iic_bratislava\/resource\/doc\/2022\/11\/avviso_risorse_umane_23_sk_firmato.pdf\">Ozn\u00e1menie o orienta\u010dnom prieskume trhu v s\u00favislosti s pripravovan\u00fdm priamym zadan\u00edm z\u00e1kazky na slu\u017eby v oblasti poskytovania \u013eudsk\u00fdch zdrojov pod\u013ea \u010dl\u00e1nku 36 ods. 2 p\u00edsm. A) legislat\u00edvneho dekr\u00e9tu 50\/2016<\/a><\/p>\n<p><a href=\"https:\/\/iicbratislava.esteri.it\/iic_bratislava\/resource\/doc\/2022\/06\/avviso_risorse_umane_docenze_2022-2024_-_mod._a_firmato.pdf\">03\/06\/2022 &#8211; Ozn\u00e1menie o vyjadren\u00ed predbe\u017en\u00e9ho z\u00e1ujmu o postup zameran\u00fd na z\u00edskanie v\u00fdkonu spr\u00e1vy \u013eudsk\u00fdch zdrojov pre kurzy talianskeho jazyka a kult\u00fary pod\u013ea ministersk\u00e9ho dekr\u00e9tu \u010d. 192 z 2. novembra 2017 (IT)<\/a><\/p>\n<p><a href=\"https:\/\/iicbratislava.esteri.it\/iic_bratislava\/resource\/doc\/2021\/10\/avviso_pub_sk.pdf\">Ozn\u00e1menie o orienta\u010dnom prieskume trhu v s\u00favislosti s pripravovan\u00fdm priamym zadan\u00edm z\u00e1kazky na slu\u017eby v oblasti poskytovania\u00a0<strong>\u010distiacich a upratovac\u00edch slu\u017eieb<\/strong>\u00a0pod\u013ea \u010dl\u00e1nku 36 ods. 2 p\u00edsm. A) legislat\u00edvneho dekr\u00e9tu 50\/2016\u00a0\u00a0\u00a0<\/a><\/p>\n<p><a href=\"https:\/\/iicbratislava.esteri.it\/iic_bratislava\/resource\/doc\/2021\/11\/avviso_risorse_pub_sk.pdf\">Ozn\u00e1menie o orienta\u010dnom prieskume trhu v s\u00favislosti s pripravovan\u00fdm priamym zadan\u00edm z\u00e1kazky na slu\u017eby v oblasti poskytovania\u00a0<strong>\u013eudsk\u00fdch zdrojov<\/strong>\u00a0pod\u013ea \u010dl\u00e1nku 36 ods. 2 p\u00edsm. A) legislat\u00edvneho dekr\u00e9tu 50\/2016<\/a><\/p>\n","protected":false},"excerpt":{"rendered":"AKTU\u00c1LNE: &#8211; NEAKTU\u00c1LNE: 14\/06\/2024 &#8211; Ozn\u00e1menie o orienta\u010dnom prieskume trhu v s\u00favislosti s pripravovan\u00fdm priamym zadan\u00edm z\u00e1kazky na slu\u017eby v oblasti poskytovania \u013eudsk\u00fdch pre kurzy talianskeho jazyka a kult\u00fary zdrojov pod\u013ea \u010dl\u00e1nku 7 ods. 2 p\u00edsm. A) ministersk\u00e9ho dekr\u00e9tu 192\/2017 31\/1\/2024 &#8211; Ozn\u00e1menie o orienta\u010dnom prieskume trhu v s\u00favislosti s pripravovan\u00fdm priamym zadan\u00edm z\u00e1kazky na [&hellip;]","protected":false},"author":2,"featured_media":0,"parent":152,"menu_order":6,"comment_status":"closed","ping_status":"closed","template":"","meta":{"footnotes":""},"class_list":["post-262","page","type-page","status-publish","hentry"],"_links":{"self":[{"href":"https:\/\/iicbratislava.esteri.it\/sk\/wp-json\/wp\/v2\/pages\/262","targetHints":{"allow":["GET"]}}],"collection":[{"href":"https:\/\/iicbratislava.esteri.it\/sk\/wp-json\/wp\/v2\/pages"}],"about":[{"href":"https:\/\/iicbratislava.esteri.it\/sk\/wp-json\/wp\/v2\/types\/page"}],"author":[{"embeddable":true,"href":"https:\/\/iicbratislava.esteri.it\/sk\/wp-json\/wp\/v2\/users\/2"}],"replies":[{"embeddable":true,"href":"https:\/\/iicbratislava.esteri.it\/sk\/wp-json\/wp\/v2\/comments?post=262"}],"version-history":[{"count":6,"href":"https:\/\/iicbratislava.esteri.it\/sk\/wp-json\/wp\/v2\/pages\/262\/revisions"}],"predecessor-version":[{"id":12341,"href":"https:\/\/iicbratislava.esteri.it\/sk\/wp-json\/wp\/v2\/pages\/262\/revisions\/12341"}],"up":[{"embeddable":true,"href":"https:\/\/iicbratislava.esteri.it\/sk\/wp-json\/wp\/v2\/pages\/152"}],"wp:attachment":[{"href":"https:\/\/iicbratislava.esteri.it\/sk\/wp-json\/wp\/v2\/media?parent=262"}],"curies":[{"name":"wp","href":"https:\/\/api.w.org\/{rel}","templated":true}]}}