{"id":19970,"date":"2026-04-17T10:48:30","date_gmt":"2026-04-17T08:48:30","guid":{"rendered":"https:\/\/iicbratislava.esteri.it\/?page_id=19970"},"modified":"2026-04-17T11:02:17","modified_gmt":"2026-04-17T09:02:17","slug":"elektronicke-publikacie","status":"publish","type":"page","link":"https:\/\/iicbratislava.esteri.it\/sk\/lingua-e-cultura\/biblioteca\/elektronicke-publikacie\/","title":{"rendered":"Elektronick\u00e9 publik\u00e1cie"},"content":{"rendered":"<p>Tu n\u00e1jdete p\u00e1r z elektronick\u00fdch publik\u00e1ci\u00ed, ktor\u00e9 pre v\u00e1s pripravujeme a postupne budeme zverej\u0148ova\u0165. M\u00f4\u017eete si ich vytla\u010di\u0165 ako bro\u017e\u00faru alebo si ich stiahnu\u0165 a ulo\u017ei\u0165 v digit\u00e1lnej podobe na svojom po\u010d\u00edta\u010di \u010di mobiln\u00fdch zariadeniach. A samozrejme, ak budete chcie\u0165, m\u00f4\u017eete sa o ne podeli\u0165 s priate\u013emi alebo na soci\u00e1lnych sie\u0165ach.<br \/>\nH\u013ead\u00e1te online slovn\u00edky a in\u00e9 n\u00e1stroje a zdroje pre zdokonalenie Va\u0161ej talian\u010diny? Preh\u013ead zauj\u00edmav\u00fdch a u\u017eito\u010dn\u00fdch webov\u00fdch lokal\u00edt <a href=\"https:\/\/iicbratislava.esteri.it\/sk\/lingua-e-cultura\/biblioteca\/nase-elektronicke-publikacie\/\">n\u00e1jdete tu<\/a>.<\/p>\n<p><em>Pr\u00edjemn\u00e9 \u010d\u00edtanie!<\/em><\/p>\n<p>&nbsp;<\/p>\n<p><b><\/b><a href=\"https:\/\/iicbratislava.esteri.it\/wp-content\/uploads\/2025\/12\/ritorni_incontri_IICBRATISLAVA_2025.pdf\"><b>N\u00e1vraty, stretnutia<\/b><\/a><\/p>\n<p>N\u00e1jdete v nej \u00faryvky z diel autorov a autoriek: Grazia Deledda, Ada Negri a Egisto Roggero, \u010di po\u00e9ziu Viliama Tur\u010d\u00e1nyho\u00a0<em>Aj most som ja<\/em><\/p>\n<p><a href=\"https:\/\/iicbratislava.esteri.it\/wp-content\/uploads\/2026\/04\/Grazia-Deleddova_Trstiny-vo-vetre.pdf\"><b>Trstiny vo vetre<\/b><\/a><\/p>\n<p>Pri pr\u00edle\u017eitosti st\u00e9ho v\u00fdro\u010dia udelenia Nobelovej ceny za rok 1926 spisovate\u013eke Grazii Deleddovej v\u00e1m pon\u00fakame reed\u00edciu slovensk\u00e9ho prekladu jej vrcholn\u00e9ho diela (1969), ktor\u00fa sme sami pripravili. Tento preklad, pod ktor\u00fdm je podp\u00edsan\u00e9 umeleck\u00e9 majstrovstvo Blahoslava He\u010dka, bol u\u017e cel\u00e9 desa\u0165ro\u010dia na trhu nedostupn\u00fd. Origin\u00e1l rom\u00e1nu je vo\u013ene stiahnute\u013en\u00fd zo str\u00e1nky\u00a0<a href=\"https:\/\/liberliber.it\/\">liberliber.it<\/a>, ktor\u00e1 zastre\u0161uje najv\u00e4\u010d\u0161iu taliansku iniciat\u00edvu zameran\u00fa na digitaliz\u00e1ciu literat\u00fary vo\u013ene dostupnej pre verejnos\u0165.<\/p>\n","protected":false},"excerpt":{"rendered":"Tu n\u00e1jdete p\u00e1r z elektronick\u00fdch publik\u00e1ci\u00ed, ktor\u00e9 pre v\u00e1s pripravujeme a postupne budeme zverej\u0148ova\u0165. M\u00f4\u017eete si ich vytla\u010di\u0165 ako bro\u017e\u00faru alebo si ich stiahnu\u0165 a ulo\u017ei\u0165 v digit\u00e1lnej podobe na svojom po\u010d\u00edta\u010di \u010di mobiln\u00fdch zariadeniach. A samozrejme, ak budete chcie\u0165, m\u00f4\u017eete sa o ne podeli\u0165 s priate\u013emi alebo na soci\u00e1lnych sie\u0165ach. H\u013ead\u00e1te online slovn\u00edky a [&hellip;]","protected":false},"author":4,"featured_media":0,"parent":129,"menu_order":2,"comment_status":"closed","ping_status":"closed","template":"","meta":{"footnotes":""},"class_list":["post-19970","page","type-page","status-publish","hentry"],"_links":{"self":[{"href":"https:\/\/iicbratislava.esteri.it\/sk\/wp-json\/wp\/v2\/pages\/19970","targetHints":{"allow":["GET"]}}],"collection":[{"href":"https:\/\/iicbratislava.esteri.it\/sk\/wp-json\/wp\/v2\/pages"}],"about":[{"href":"https:\/\/iicbratislava.esteri.it\/sk\/wp-json\/wp\/v2\/types\/page"}],"author":[{"embeddable":true,"href":"https:\/\/iicbratislava.esteri.it\/sk\/wp-json\/wp\/v2\/users\/4"}],"replies":[{"embeddable":true,"href":"https:\/\/iicbratislava.esteri.it\/sk\/wp-json\/wp\/v2\/comments?post=19970"}],"version-history":[{"count":3,"href":"https:\/\/iicbratislava.esteri.it\/sk\/wp-json\/wp\/v2\/pages\/19970\/revisions"}],"predecessor-version":[{"id":19978,"href":"https:\/\/iicbratislava.esteri.it\/sk\/wp-json\/wp\/v2\/pages\/19970\/revisions\/19978"}],"up":[{"embeddable":true,"href":"https:\/\/iicbratislava.esteri.it\/sk\/wp-json\/wp\/v2\/pages\/129"}],"wp:attachment":[{"href":"https:\/\/iicbratislava.esteri.it\/sk\/wp-json\/wp\/v2\/media?parent=19970"}],"curies":[{"name":"wp","href":"https:\/\/api.w.org\/{rel}","templated":true}]}}