{"id":14295,"date":"2025-01-03T20:55:26","date_gmt":"2025-01-03T19:55:26","guid":{"rendered":"https:\/\/iicbratislava.esteri.it\/?page_id=14295"},"modified":"2025-12-17T15:34:50","modified_gmt":"2025-12-17T14:34:50","slug":"kalendar-sviatkov","status":"publish","type":"page","link":"https:\/\/iicbratislava.esteri.it\/sk\/chi-siamo\/la-sede\/kalendar-sviatkov\/","title":{"rendered":"KALEND\u00c1R SVIATKOV"},"content":{"rendered":"<p>Taliansky kult\u00farny in\u0161tit\u00fat bude v roku 2026 zavret\u00e9 pri pr\u00edle\u017eitosti nasleduj\u00facich sviatkov:<\/p>\n<ul>\n<li>1. janu\u00e1r \u2013 NOV\u00dd ROK<\/li>\n<li>6. janu\u00e1r \u2013 TRAJA KR\u00c1LI<\/li>\n<li>3. apr\u00edl \u2013 VE\u013dK\u00dd PIATOK<\/li>\n<li>6. apr\u00edl \u2013 VE\u013dKONO\u010cN\u00dd PONDELOK<\/li>\n<li>25. apr\u00edl \u2013 DE\u0147 OSLOBODENIA<\/li>\n<li>1. m\u00e1j \u2013 SVIATOK PR\u00c1CE<\/li>\n<li>2. j\u00fana \u2013 N\u00c1RODN\u00dd SVIATOK TALIANSKA<\/li>\n<li>5. j\u00fal \u2013 SVIATOK SV. CYRILA A METODA<\/li>\n<li>15. august \u2013 FERRAGOSTO<\/li>\n<li>25. december \u2013 PRV\u00dd SVIATOK VIANO\u010cN\u00dd<\/li>\n<li>26. december \u2013 DRUH\u00dd SVIATOK VIANO\u010cN\u00dd<\/li>\n<\/ul>\n<pre id=\"tw-target-text\" class=\"tw-data-text tw-text-large tw-ta\" dir=\"ltr\" data-placeholder=\"Traduzione\" data-ved=\"2ahUKEwjlgrToqtqKAxVn0QIHHW8qLfMQ3ewLegQICRAT\" aria-label=\"Testo tradotto: Taliansky kult\u00farny in\u0161tit\u00fat\"><span class=\"Y2IQFc\" lang=\"sk\">\u00a0<\/span><\/pre>\n","protected":false},"excerpt":{"rendered":"Taliansky kult\u00farny in\u0161tit\u00fat bude v roku 2026 zavret\u00e9 pri pr\u00edle\u017eitosti nasleduj\u00facich sviatkov: 1. janu\u00e1r \u2013 NOV\u00dd ROK 6. janu\u00e1r \u2013 TRAJA KR\u00c1LI 3. apr\u00edl \u2013 VE\u013dK\u00dd PIATOK 6. apr\u00edl \u2013 VE\u013dKONO\u010cN\u00dd PONDELOK 25. apr\u00edl \u2013 DE\u0147 OSLOBODENIA 1. m\u00e1j \u2013 SVIATOK PR\u00c1CE 2. j\u00fana \u2013 N\u00c1RODN\u00dd SVIATOK TALIANSKA 5. j\u00fal \u2013 SVIATOK SV. CYRILA A [&hellip;]","protected":false},"author":5,"featured_media":0,"parent":118,"menu_order":0,"comment_status":"closed","ping_status":"closed","template":"","meta":{"footnotes":""},"class_list":["post-14295","page","type-page","status-publish","hentry"],"_links":{"self":[{"href":"https:\/\/iicbratislava.esteri.it\/sk\/wp-json\/wp\/v2\/pages\/14295","targetHints":{"allow":["GET"]}}],"collection":[{"href":"https:\/\/iicbratislava.esteri.it\/sk\/wp-json\/wp\/v2\/pages"}],"about":[{"href":"https:\/\/iicbratislava.esteri.it\/sk\/wp-json\/wp\/v2\/types\/page"}],"author":[{"embeddable":true,"href":"https:\/\/iicbratislava.esteri.it\/sk\/wp-json\/wp\/v2\/users\/5"}],"replies":[{"embeddable":true,"href":"https:\/\/iicbratislava.esteri.it\/sk\/wp-json\/wp\/v2\/comments?post=14295"}],"version-history":[{"count":4,"href":"https:\/\/iicbratislava.esteri.it\/sk\/wp-json\/wp\/v2\/pages\/14295\/revisions"}],"predecessor-version":[{"id":18902,"href":"https:\/\/iicbratislava.esteri.it\/sk\/wp-json\/wp\/v2\/pages\/14295\/revisions\/18902"}],"up":[{"embeddable":true,"href":"https:\/\/iicbratislava.esteri.it\/sk\/wp-json\/wp\/v2\/pages\/118"}],"wp:attachment":[{"href":"https:\/\/iicbratislava.esteri.it\/sk\/wp-json\/wp\/v2\/media?parent=14295"}],"curies":[{"name":"wp","href":"https:\/\/api.w.org\/{rel}","templated":true}]}}