{"id":140,"date":"2023-04-03T20:31:58","date_gmt":"2023-04-03T18:31:58","guid":{"rendered":"https:\/\/iicbratislava.esteri.it\/news\/"},"modified":"2023-10-20T16:10:53","modified_gmt":"2023-10-20T14:10:53","slug":"news","status":"publish","type":"page","link":"https:\/\/iicbratislava.esteri.it\/sk\/news\/","title":{"rendered":"Oznamy"},"content":{"rendered":"        <div class=\"row\">\n\t\t\t<!-- Ricerca sedi post -->\n\t\t\t<div class=\"col-12 mt-4\">\n\t\t\t  <div class=\"callout callout-highlight note ricerca-esteri p-4\">\n                    <div class=\"callout-title\">\n                        <svg class=\"icon\">\n                            <use xlink:href=\"https:\/\/iicbratislava.esteri.it\/wp-content\/themes\/sedi-tema\/assets\/svg\/sprites.svg#it-search\"><\/use>\n                        <\/svg>Zadajte Krit\u00e9ri\u00e1 Vyh\u013ead\u00e1vania                    <\/div>\n                    <form id=\"searchFormPost\" name=\"form-search-post\" class=\"form-row align-items-center\" action=\"https:\/\/iicbratislava.esteri.it\/sk\/wp-json\/wp\/v2\/pages\/140\/\" method=\"GET\"> \n                        <!-- <div class=\"form-group pt-5\"> -->\n                            <!-- <input type=\"hidden\" id=\"lang\" name=\"lang\" value=\"\"> --> <!-- <\/div> -->\n\n                        <div class=\"it-datepicker-wrapper\">\n                            <div class=\"row\">\n                                <div class=\"form-group col-md-6\">\n                                    <label class=\"active\" for=\"date-init\">Od<\/label>\n                                    <input class=\"form-control\" name=\"date-init\" id=\"date-init\" type=\"date\" placeholder=\"gg\/mm\/aaaa\" value=\"\"lang=\"en-EN\">  \n                                <\/div>\n                                <div class=\"form-group col-md-6\">\n                                    <label class=\"active\" for=\"date-end\">Do<\/label>\n                                    <input class=\"form-control\" name=\"date-end\" id=\"date-end\" type=\"date\" placeholder=\"gg\/mm\/aaaa\" value=\"\">\n                                <\/div>\n                            <\/div>\n                        <\/div>\n                        <div class=\"form-group col-md-12 mt-3\">\n                            <label for=\"searchText\">Vo\u013en\u00e9 vyh\u013ead\u00e1vacie pole<\/label>\n                            <input type=\"text\" name=\"searchText\" class=\"form-control\" id=\"searchText\" value=\"\">\n                        <\/div>\n                        <div class=\"form-group col-md-4 offset-md-8 text-end\">\n                            <a href=\"https:\/\/iicbratislava.esteri.it\/sk\/news\/\" title=\"Form reset\" id=\"resetImput\" class=\"btn btn-outline-primary btn-xs\">Reset<\/a>\n                            <button type=\"submit\" class=\"btn btn-primary btn-xs\">Zobrazi\u0165 v\u00fdsledky<\/button>\n                        <\/div>\n                    <\/form>\n\t\t\t\t<\/div>\n\t\t\t<\/div>\n\t\t<\/div>\n                    \n            <div class=\"row\">\n                            <div class=\"col-12 mt-3\">\n                <!--start card-->\n                <div class=\"card-wrapper card-space\">\n                    <div class=\"card card-bg card-big border-bottom-card\">\n                        <div class=\"card-body \">\n                                                        <div class=\"category-top\">\n                                                                                                            <span class=\"\">\n                                        <svg class=\"icon icon-secondary\">\n                                            <use xlink:href=\"https:\/\/iicbratislava.esteri.it\/wp-content\/themes\/sedi-tema\/assets\/svg\/sprites.svg#it-calendar\"><\/use>\n                                        <\/svg> 12 marca 2026                                    <\/span>\n                                                                    <\/div>\n                            <h5 class=\"card-title big-heading text-uppercase\"><a class=\"text-body text-decoration-none\" href=\"https:\/\/iicbratislava.esteri.it\/sk\/news\/dall_istituto\/2026\/03\/talianske-vladne-stipendia-na-akademicky-rok-2026-2027\/\" title=\"Talianske vl\u00e1dne \u0161tipendi\u00e1 na akademick\u00fd rok 2026\/2027\">Talianske vl\u00e1dne \u0161tipendi\u00e1 na akademick\u00fd rok 2026\/2027<\/a><\/h5>\n                            <p class=\"card-text\">Ministerstvo zahrani\u010dn\u00fdch vec\u00ed a medzin\u00e1rodnej spolupr\u00e1ce zverejnilo v\u00fdzvu na predkladanie \u017eiadost\u00ed o \u0161tipendi\u00e1, ktor\u00e9 pon\u00faka talianska vl\u00e1da zahrani\u010dn\u00fdm a talianskym \u0161tudentom \u017eij\u00facim v zahrani\u010d\u00ed na akademick\u00fd rok 2026\/2027. Viac inform\u00e1ci\u00ed n\u00e1jdete tu. V\u0161etky \u017eiadosti musia by\u0165 zaslan\u00e9 v\u00fdlu\u010dne prostredn\u00edctvom port\u00e1lu\u00a0studyinitaly.esteri.it\u00a0a musia by\u0165 doru\u010den\u00e9 do 26. 3. 2026 do 14.00 hod. talianskeho \u010dasu.<\/p>\n                                <a title=\"Talianske vl\u00e1dne \u0161tipendi\u00e1 na akademick\u00fd rok 2026\/2027\" class=\"read-more\" href=\"https:\/\/iicbratislava.esteri.it\/sk\/news\/dall_istituto\/2026\/03\/talianske-vladne-stipendia-na-akademicky-rok-2026-2027\/\">\n                                    <span class=\"text\">Viac<\/span>\n                                    <svg class=\"icon\">\n                                    <use xlink:href=\"https:\/\/iicbratislava.esteri.it\/wp-content\/themes\/sedi-tema\/assets\/svg\/sprites.svg#it-arrow-right\"><\/use>\n                                    <\/svg>\n                                <\/a>\n                                                    <\/div>\n                    <\/div>\n                <\/div>\n                <!--end card-->\n                <\/div><!-- col-12 .mt-3-->\n            \n            <div class=\"col-md-12 mt-4 pb-4\">\n                <nav class=\"navigation col-md-12\" aria-label=\"Navigation\">\n                    <h2 class=\"screen-reader-text visually-hidden\">Pagination<\/h2>\n                    <div class=\"nav-links\">\n                                        <\/div>\n                <\/nav>\n            <\/div>   <!--.col-md-12 -->\n              <\/div><!--.row -->\n              \n","protected":false},"excerpt":{"rendered":"","protected":false},"author":1,"featured_media":0,"parent":0,"menu_order":8,"comment_status":"closed","ping_status":"closed","template":"","meta":{"footnotes":""},"class_list":["post-140","page","type-page","status-publish","hentry"],"_links":{"self":[{"href":"https:\/\/iicbratislava.esteri.it\/sk\/wp-json\/wp\/v2\/pages\/140","targetHints":{"allow":["GET"]}}],"collection":[{"href":"https:\/\/iicbratislava.esteri.it\/sk\/wp-json\/wp\/v2\/pages"}],"about":[{"href":"https:\/\/iicbratislava.esteri.it\/sk\/wp-json\/wp\/v2\/types\/page"}],"author":[{"embeddable":true,"href":"https:\/\/iicbratislava.esteri.it\/sk\/wp-json\/wp\/v2\/users\/1"}],"replies":[{"embeddable":true,"href":"https:\/\/iicbratislava.esteri.it\/sk\/wp-json\/wp\/v2\/comments?post=140"}],"version-history":[{"count":1,"href":"https:\/\/iicbratislava.esteri.it\/sk\/wp-json\/wp\/v2\/pages\/140\/revisions"}],"predecessor-version":[{"id":5670,"href":"https:\/\/iicbratislava.esteri.it\/sk\/wp-json\/wp\/v2\/pages\/140\/revisions\/5670"}],"wp:attachment":[{"href":"https:\/\/iicbratislava.esteri.it\/sk\/wp-json\/wp\/v2\/media?parent=140"}],"curies":[{"name":"wp","href":"https:\/\/api.w.org\/{rel}","templated":true}]}}