{"id":131,"date":"2023-04-03T20:56:11","date_gmt":"2023-04-03T18:56:11","guid":{"rendered":"https:\/\/iicbratislava.esteri.it\/lingua-e-cultura\/certificazioni\/"},"modified":"2026-01-15T12:19:04","modified_gmt":"2026-01-15T11:19:04","slug":"certificazioni","status":"publish","type":"page","link":"https:\/\/iicbratislava.esteri.it\/sk\/lingua-e-cultura\/certificazioni\/","title":{"rendered":"Certifik\u00e1ty"},"content":{"rendered":"<p>Taliansky kult\u00farny in\u0161tit\u00fat v Bratislave\u00a0sprostredkov\u00e1va na z\u00e1klade zmluvy s Univerzitou pre cudzincov v Siene sk\u00fa\u0161ky <strong>CILS<\/strong><br \/>\n<strong>\u2013 Certifik\u00e1t o znalosti talian\u010diny ako cudzieho jazyka<\/strong>. Je to ofici\u00e1lny dokument , ktor\u00fd preukazuje \u00farove\u0148 jazykovo \u2013 komunikat\u00edvnych zru\u010dnost\u00ed v talian\u010dine ako cudzom jazyku.<\/p>\n<p>Stupnica certifik\u00e1tov Cils bola vypracovan\u00e1 v s\u00falade s eur\u00f3pskymi parametrami, ktor\u00e9 Rada Eur\u00f3py na\u010drtla v dokumente nazvanom\u00a0Spolo\u010dn\u00fd eur\u00f3psky referen\u010dn\u00fd r\u00e1mec pre jazyky.<\/p>\n<p><strong>\u0160es\u0165 \u00farovn\u00ed CILS<\/strong>\u00a0ur\u010duje jazykovo \u2013 komunika\u010dn\u00fa sp\u00f4sobilos\u0165 vo vy\u0161\u0161\u00edch \u00farovniach. Jednotliv\u00e9 \u00farovne s\u00fa auton\u00f3mne a \u00fapln\u00e9: certifik\u00e1t ka\u017edej \u00farovne odr\u00e1\u017ea stupe\u0148 komunikat\u00edvnych zru\u010dnost\u00ed prisp\u00f4soben\u00fdch \u0161pecifick\u00fdm soci\u00e1lnym, profesion\u00e1lnym a \u0161tudijn\u00fdm kontextom.<\/p>\n<p><strong>Sk\u00fa\u0161ka pozost\u00e1va z 5 \u010dast\u00ed:<\/strong>\u00a0po\u010d\u00favanie, \u010d\u00edtanie s porozumen\u00edm, anal\u00fdza komunika\u010dn\u00fdch \u0161trukt\u00far, p\u00edsomn\u00e1 kompoz\u00edcia, \u00fastny prejav. V pr\u00edpade, \u017ee sa absolventovi nepodar\u00ed \u00faspe\u0161ne zvl\u00e1dnu\u0165 v\u0161etk\u00fdch p\u00e4\u0165 \u010dast\u00ed, m\u00e1 mo\u017enos\u0165 zopakova\u0165 si ch\u00fdbaj\u00face \u010dasti sk\u00fa\u0161ky do 18 mesiacov od prvej sk\u00fa\u0161ky, teda maxim\u00e1lne 3 kr\u00e1t.<\/p>\n<p><strong>Vzor testov:<\/strong><br \/>\nNa\u00a0<a href=\"https:\/\/cils.unistrasi.it\/1\/89\/188\/Esempi_prove_di_esami.htm\">str\u00e1nke Univerzity pre cudzincov v Siene\u00a0<\/a>n\u00e1jdete z ka\u017edej \u00farovne jeden exempl\u00e1r \u00faloh vr\u00e1tane audionahr\u00e1vky a k\u013e\u00fa\u010da k v\u00fdsledkom.<\/p>\n<p>Upozornenie: \u00darove\u0148 CILS &#8222;B1 cittadinanza&#8220; v IIC Bratislava nie je dostupn\u00e1.<\/p>\n<p><strong><br \/>\nTerm\u00edny najbli\u017e\u0161\u00edch sk\u00fa\u0161ok:<\/strong><\/p>\n<p>16. j\u00fan 2026 (z\u00e1pisy od 7. apr\u00edla do 5. m\u00e1ja 2026)<\/p>\n<p>3. december 2026 (z\u00e1pisy od 21. septembra do 21. okt\u00f3bra 2026)<\/p>\n<p><strong>PRIHL\u00c1\u0160KA\u00a0<\/strong><\/p>\n<ul>\n<li><a href=\"https:\/\/iicbratislava.esteri.it\/wp-content\/uploads\/2025\/01\/proposta-di-adesione-CILS-per-sedi-allESTERO-3.doc\">formul\u00e1r<\/a><\/li>\n<li>K prihl\u00e1\u0161ke je potrebn\u00e9 pripoji\u0165 fotok\u00f3piu ob\u010dianskeho preukazu a posla\u0165 ich po\u0161tou alebo emailom na adresu\u00a0<a href=\"mailto:corsi.iicbratislava@esteri.it\">corsi.iicbratislava@esteri.it<\/a><\/li>\n<li>Po obdr\u017ean\u00ed prihl\u00e1\u0161ky V\u00e1m emailom za\u0161leme \u010d\u00edslo \u00fa\u010dtu spolu s variabiln\u00fdm symbolom, potrebn\u00e9 na \u00fahradu z\u00e1pisn\u00e9ho poplatku, splatn\u00e9ho do term\u00ednu ukon\u010denia z\u00e1pisov.<\/li>\n<\/ul>\n<p>\u010cakacia doba na v\u00fdsledky sk\u00fa\u0161ky je cca 3 mesiace od jej absolvovania, certifik\u00e1ty s\u00fa zasielan\u00e9 cca po 2 mesiacoch od vyhl\u00e1senia v\u00fdsledkov.<\/p>\n<p><strong>Tabu\u013eka \u00farovn\u00ed CILS s poplatkami za sk\u00fa\u0161ku:<\/strong><\/p>\n<table width=\"0\">\n<tbody>\n<tr>\n<td>\n<h6><strong>\u00darovne CILS<\/strong><\/h6>\n<\/td>\n<td>\n<h6><strong>Poplatok za sk\u00fa\u0161ku<\/strong><\/h6>\n<\/td>\n<td>\n<h6><strong>poplatok za 1 \u010das\u0165*<\/strong><\/h6>\n<\/td>\n<\/tr>\n<tr>\n<td>\n<h6>A1\/A2<\/h6>\n<\/td>\n<td>\n<h6>\u20ac 40,-<\/h6>\n<\/td>\n<td>\n<h6>\u20ac 13,-<\/h6>\n<\/td>\n<\/tr>\n<tr>\n<td>\n<h6>UNO &#8211; B1<\/h6>\n<\/td>\n<td>\n<h6>\u20ac 60,-<\/h6>\n<\/td>\n<td>\n<h6>\u20ac 20,-<\/h6>\n<\/td>\n<\/tr>\n<tr>\n<td>\n<h6>DUE -B2<\/h6>\n<\/td>\n<td>\n<h6>\u20ac 70,-<\/h6>\n<\/td>\n<td>\n<h6>\u20ac 23,-<\/h6>\n<\/td>\n<\/tr>\n<tr>\n<td>\n<h6>TRE &#8211; C1<\/h6>\n<\/td>\n<td>\n<h6>\u20ac 80,-<\/h6>\n<\/td>\n<td>\n<h6>\u20ac 25,-<\/h6>\n<\/td>\n<\/tr>\n<tr>\n<td>\n<h6>QUATTRO -C2<\/h6>\n<\/td>\n<td>\n<h6>\u20ac 90,-<\/h6>\n<\/td>\n<td>\n<h6>\u20ac 28,-<\/h6>\n<\/td>\n<\/tr>\n<\/tbody>\n<\/table>\n<p>* &#8211; t\u00fdka sa kandid\u00e1tov, ktor\u00ed opakuj\u00fa jednu alebo viacero \u010dast\u00ed sk\u00fa\u0161ky (v\u00a0pr\u00edpade, \u017ee sa absolventovi nepodar\u00ed \u00faspe\u0161ne zvl\u00e1dnu\u0165 v\u0161etk\u00fdch p\u00e4\u0165 \u010dast\u00ed, m\u00e1 mo\u017enos\u0165 zopakova\u0165 si ch\u00fdbaj\u00face \u010dasti sk\u00fa\u0161ky do 18 mesiacov od prvej sk\u00fa\u0161ky, teda maxim\u00e1lne 3 kr\u00e1t)<\/p>\n","protected":false},"excerpt":{"rendered":"Taliansky kult\u00farny in\u0161tit\u00fat v Bratislave\u00a0sprostredkov\u00e1va na z\u00e1klade zmluvy s Univerzitou pre cudzincov v Siene sk\u00fa\u0161ky CILS \u2013 Certifik\u00e1t o znalosti talian\u010diny ako cudzieho jazyka. Je to ofici\u00e1lny dokument , ktor\u00fd preukazuje \u00farove\u0148 jazykovo \u2013 komunikat\u00edvnych zru\u010dnost\u00ed v talian\u010dine ako cudzom jazyku. Stupnica certifik\u00e1tov Cils bola vypracovan\u00e1 v s\u00falade s eur\u00f3pskymi parametrami, ktor\u00e9 Rada Eur\u00f3py na\u010drtla [&hellip;]","protected":false},"author":1,"featured_media":0,"parent":120,"menu_order":2,"comment_status":"closed","ping_status":"closed","template":"","meta":{"footnotes":""},"class_list":["post-131","page","type-page","status-publish","hentry"],"_links":{"self":[{"href":"https:\/\/iicbratislava.esteri.it\/sk\/wp-json\/wp\/v2\/pages\/131","targetHints":{"allow":["GET"]}}],"collection":[{"href":"https:\/\/iicbratislava.esteri.it\/sk\/wp-json\/wp\/v2\/pages"}],"about":[{"href":"https:\/\/iicbratislava.esteri.it\/sk\/wp-json\/wp\/v2\/types\/page"}],"author":[{"embeddable":true,"href":"https:\/\/iicbratislava.esteri.it\/sk\/wp-json\/wp\/v2\/users\/1"}],"replies":[{"embeddable":true,"href":"https:\/\/iicbratislava.esteri.it\/sk\/wp-json\/wp\/v2\/comments?post=131"}],"version-history":[{"count":6,"href":"https:\/\/iicbratislava.esteri.it\/sk\/wp-json\/wp\/v2\/pages\/131\/revisions"}],"predecessor-version":[{"id":19146,"href":"https:\/\/iicbratislava.esteri.it\/sk\/wp-json\/wp\/v2\/pages\/131\/revisions\/19146"}],"up":[{"embeddable":true,"href":"https:\/\/iicbratislava.esteri.it\/sk\/wp-json\/wp\/v2\/pages\/120"}],"wp:attachment":[{"href":"https:\/\/iicbratislava.esteri.it\/sk\/wp-json\/wp\/v2\/media?parent=131"}],"curies":[{"name":"wp","href":"https:\/\/api.w.org\/{rel}","templated":true}]}}