{"id":129,"date":"2023-04-03T20:56:47","date_gmt":"2023-04-03T18:56:47","guid":{"rendered":"https:\/\/iicbratislava.esteri.it\/lingua-e-cultura\/biblioteca\/"},"modified":"2025-12-12T09:19:01","modified_gmt":"2025-12-12T08:19:01","slug":"biblioteca","status":"publish","type":"page","link":"https:\/\/iicbratislava.esteri.it\/sk\/lingua-e-cultura\/biblioteca\/","title":{"rendered":"Kni\u017enica"},"content":{"rendered":"<p><strong>Otv\u00e1racie hodiny pre verejnos\u0165:<\/strong><\/p>\n<table class=\"table\" border=\"0\">\n<tbody>\n<tr>\n<td>pondelok &#8211; \u0161tvrtok<\/td>\n<td>10:00 &#8211; 13:00, 15:00 &#8211; 18:00<\/td>\n<\/tr>\n<\/tbody>\n<\/table>\n<p><strong>Kompletn\u00fd kni\u017eni\u010dn\u00fd katal\u00f3g je k dispoz\u00edcii <a href=\"https:\/\/iic.infoteca.it\/bratislava\/search\/simple\">on-line.<\/a><\/strong><\/p>\n<p><span class=\"titoloRosso\"><strong>Kontakt:<\/strong><br \/>\n<\/span>tel: 02 593 071 13<br \/>\ne-mail: biblioteca.iicbratislava@esteri.it<\/p>\n<p><span class=\"titoloRosso\"><strong>\u010clenstvo v IIC:<\/strong><br \/>\n<\/span>Ro\u010dn\u00fd \u010dlensk\u00fd poplatok:<br \/>\n<strong>10 \u20ac pre \u0161tudentov IIC<\/strong><br \/>\n<strong>15 \u20ac \u00a0pre ostatn\u00fdch<br \/>\n<\/strong><\/p>\n<p><strong><span class=\"titoloRosso\">Po\u017eadovan\u00e9 doklady:<br \/>\n<\/span><\/strong>&#8211; ob\u010diansky preukaz<br \/>\n&#8211; cudzinci predlo\u017eia povolenie k pobytu a v z\u00e1vislosti od povolenia ob\u010diansky preukaz, resp. pas<br \/>\n&#8211; deti, ktor\u00e9 e\u0161te nemaj\u00fa ob\u010diansky preukaz, zapisuj\u00fa rodi\u010dia<\/p>\n<p><em><strong>\u010clenovia kni\u017enice<\/strong> <\/em>m\u00f4\u017eu vyu\u017e\u00edva\u0165 slu\u017eby absen\u010dnej v\u00fdpo\u017ei\u010dky. Maj\u00fa k dispoz\u00edci\u00ed \u0161irok\u00fa \u0161k\u00e1lu titulov (viac ako 7000), od s\u00fa\u010dasnej pr\u00f3zy po klasikov talianskej literat\u00fary, od n\u00e1u\u010dnej literat\u00fary po informa\u010dn\u00e9 materi\u00e1ly o Taliansku. V \u010dit\u00e1rni IIC je mo\u017en\u00e9 \u0161tudova\u0165 u\u010debnice talian\u010diny, slovn\u00edky a encyklop\u00e9die.<\/p>\n<p><em><strong>Knihy<br \/>\n<\/strong><\/em>Encyklop\u00e9die, slovn\u00edky, pr\u00edru\u010dky, u\u010debnice, turistick\u00ed sprievodcovia, star\u00e9 knihy a v\u0161etok didaktick\u00fd materi\u00e1l na vyu\u010dovanie talianskeho jazyka je dostupn\u00fd iba na prezen\u010dn\u00e9 \u0161t\u00fadium.<br \/>\nU ostatn\u00fdch kn\u00edh je v\u00fdpo\u017ei\u010dn\u00e1 lehota jeden mesiac a po\u017ei\u010diavaj\u00fa sa najviac \u0161tyri tituly.<\/p>\n<p><em><strong><span class=\"titoloRosso\">Mediat\u00e9ka<br \/>\n<\/span><\/strong><\/em>DVD s\u00fa k dispoz\u00edcii\u00a0 v maxim\u00e1lnom po\u010dte 4 kusy pri jedne v\u00fdpo\u017ei\u010dke.<br \/>\nV\u00fdpo\u017ei\u010dn\u00e1 lehota je 1 mesiac.<\/p>\n","protected":false},"excerpt":{"rendered":"Otv\u00e1racie hodiny pre verejnos\u0165: pondelok &#8211; \u0161tvrtok 10:00 &#8211; 13:00, 15:00 &#8211; 18:00 Kompletn\u00fd kni\u017eni\u010dn\u00fd katal\u00f3g je k dispoz\u00edcii on-line. Kontakt: tel: 02 593 071 13 e-mail: biblioteca.iicbratislava@esteri.it \u010clenstvo v IIC: Ro\u010dn\u00fd \u010dlensk\u00fd poplatok: 10 \u20ac pre \u0161tudentov IIC 15 \u20ac \u00a0pre ostatn\u00fdch Po\u017eadovan\u00e9 doklady: &#8211; ob\u010diansky preukaz &#8211; cudzinci predlo\u017eia povolenie k pobytu a [&hellip;]","protected":false},"author":1,"featured_media":0,"parent":120,"menu_order":4,"comment_status":"closed","ping_status":"closed","template":"","meta":{"footnotes":""},"class_list":["post-129","page","type-page","status-publish","hentry"],"_links":{"self":[{"href":"https:\/\/iicbratislava.esteri.it\/sk\/wp-json\/wp\/v2\/pages\/129","targetHints":{"allow":["GET"]}}],"collection":[{"href":"https:\/\/iicbratislava.esteri.it\/sk\/wp-json\/wp\/v2\/pages"}],"about":[{"href":"https:\/\/iicbratislava.esteri.it\/sk\/wp-json\/wp\/v2\/types\/page"}],"author":[{"embeddable":true,"href":"https:\/\/iicbratislava.esteri.it\/sk\/wp-json\/wp\/v2\/users\/1"}],"replies":[{"embeddable":true,"href":"https:\/\/iicbratislava.esteri.it\/sk\/wp-json\/wp\/v2\/comments?post=129"}],"version-history":[{"count":7,"href":"https:\/\/iicbratislava.esteri.it\/sk\/wp-json\/wp\/v2\/pages\/129\/revisions"}],"predecessor-version":[{"id":18875,"href":"https:\/\/iicbratislava.esteri.it\/sk\/wp-json\/wp\/v2\/pages\/129\/revisions\/18875"}],"up":[{"embeddable":true,"href":"https:\/\/iicbratislava.esteri.it\/sk\/wp-json\/wp\/v2\/pages\/120"}],"wp:attachment":[{"href":"https:\/\/iicbratislava.esteri.it\/sk\/wp-json\/wp\/v2\/media?parent=129"}],"curies":[{"name":"wp","href":"https:\/\/api.w.org\/{rel}","templated":true}]}}