{"id":128,"date":"2023-04-03T20:56:23","date_gmt":"2023-04-03T18:56:23","guid":{"rendered":"https:\/\/iicbratislava.esteri.it\/lingua-e-cultura\/studiare-in-italia\/"},"modified":"2026-03-24T10:12:19","modified_gmt":"2026-03-24T09:12:19","slug":"studiare-in-italia","status":"publish","type":"page","link":"https:\/\/iicbratislava.esteri.it\/sk\/lingua-e-cultura\/studiare-in-italia\/","title":{"rendered":"\u0160t\u00fadium v \u200b\u200bTaliansku"},"content":{"rendered":"<h3>Z\u013eavnen\u00e9 jazykov\u00e9 pobyty v Taliansku<\/h3>\n<p><strong>V\u0161eobecn\u00e9 podmienky<\/strong><br \/>\nTaliansky kult\u00farny in\u0161tit\u00fat pon\u00faka <span style=\"text-decoration: underline;\">svojim \u0161tudentom<\/span> ako benefit z\u013eavnen\u00e9 \u0161t\u00fadium na partnersk\u00fdch jazykov\u00fdch \u0161kol\u00e1ch v Taliansku.<\/p>\n<p>Zoznam partnersk\u00fdch \u0161k\u00f4l na <strong>rok 2026 (posledn\u00e1 aktualiz\u00e1cia 24.3.)<\/strong>\u00a0n\u00e1jdete <a href=\"https:\/\/iicbratislava.esteri.it\/wp-content\/uploads\/2026\/03\/zlavnene-jazykove-kurzy-2026_update_24.3.2026.xlsx\">tu<strong>.<\/strong><\/a><\/p>\n<p>Pred podan\u00edm \u017eiadosti odpor\u00fa\u010dame pozrie\u0165 si vopred ponuku \u0161k\u00f4l, typy kurzov, cenn\u00edk, d\u00e1tumy za\u010diatkov kurzov a pr\u00edpadne in\u00e9 poskytovan\u00e9 slu\u017eby.<br \/>\nO z\u013eavu sa \u0161tudenti m\u00f4\u017eu uch\u00e1dza\u0165 zaslan\u00edm prihl\u00e1\u0161ky na adresu <u>iicbratislava@esteri.it.<\/u> Akceptujeme len \u00faplne vyplnen\u00fd formul\u00e1r, s presn\u00fdm uveden\u00edm \u0161koly\/\u0161k\u00f4l pod\u013ea relevancie, presn\u00fdch d\u00e1tumov pobytu a typov zliav. K \u017eiadosti o z\u013eavu je potrebn\u00e9 prilo\u017ei\u0165 aj motiva\u010dn\u00fd list. \u0160tipendium vo v\u00fd\u0161ke 100% mo\u017eno \u0161tudentovi udeli\u0165 iba jedenkr\u00e1t.<\/p>\n<p><strong>Upozornenie<br \/>\n<\/strong>Rozhodnutie o udelen\u00ed z\u013eavy na jazykov\u00fd pobyt je v\u00fdlu\u010dne v kompetencii In\u0161tit\u00fatu. In\u0161tit\u00fat pln\u00ed \u00falohu sprostredkovate\u013ea, neposkytuje servis spojen\u00fd s vyh\u013ead\u00e1van\u00edm a vybavovan\u00edm ubytovania a in\u00fdch organiza\u010dn\u00fdch z\u00e1le\u017eitost\u00ed spojen\u00fdch s pobytom. In\u0161tit\u00fat nenesie zodpovednos\u0165 za \u00farove\u0148 a priebeh jazykov\u00fdch kurzov v partnersk\u00fdch \u0161kol\u00e1ch.<br \/>\nOcen\u00edme, ak n\u00e1m po absolvovan\u00ed v\u00e1\u0161ho \u0161tudijn\u00e9ho pobytu d\u00e1te sp\u00e4tn\u00fa v\u00e4zbu prostredn\u00edctvom prilo\u017een\u00e9ho <a href=\"https:\/\/bit.ly\/kurzyvtaliansku\">formul\u00e1ra<\/a>.<\/p>\n<p><a href=\"https:\/\/iicbratislava.esteri.it\/wp-content\/uploads\/2025\/03\/modulloiscrizione_borsedistudio_pdf_form-2.pdf\">PRIHL\u00c1\u0160KA<\/a> &#8211; pros\u00edme vyplni\u0165 a posla\u0165 elektronicky<\/p>\n","protected":false},"excerpt":{"rendered":"Z\u013eavnen\u00e9 jazykov\u00e9 pobyty v Taliansku V\u0161eobecn\u00e9 podmienky Taliansky kult\u00farny in\u0161tit\u00fat pon\u00faka svojim \u0161tudentom ako benefit z\u013eavnen\u00e9 \u0161t\u00fadium na partnersk\u00fdch jazykov\u00fdch \u0161kol\u00e1ch v Taliansku. Zoznam partnersk\u00fdch \u0161k\u00f4l na rok 2026 (posledn\u00e1 aktualiz\u00e1cia 24.3.)\u00a0n\u00e1jdete tu. Pred podan\u00edm \u017eiadosti odpor\u00fa\u010dame pozrie\u0165 si vopred ponuku \u0161k\u00f4l, typy kurzov, cenn\u00edk, d\u00e1tumy za\u010diatkov kurzov a pr\u00edpadne in\u00e9 poskytovan\u00e9 slu\u017eby. O z\u013eavu [&hellip;]","protected":false},"author":1,"featured_media":0,"parent":120,"menu_order":6,"comment_status":"closed","ping_status":"closed","template":"","meta":{"footnotes":""},"class_list":["post-128","page","type-page","status-publish","hentry"],"_links":{"self":[{"href":"https:\/\/iicbratislava.esteri.it\/sk\/wp-json\/wp\/v2\/pages\/128","targetHints":{"allow":["GET"]}}],"collection":[{"href":"https:\/\/iicbratislava.esteri.it\/sk\/wp-json\/wp\/v2\/pages"}],"about":[{"href":"https:\/\/iicbratislava.esteri.it\/sk\/wp-json\/wp\/v2\/types\/page"}],"author":[{"embeddable":true,"href":"https:\/\/iicbratislava.esteri.it\/sk\/wp-json\/wp\/v2\/users\/1"}],"replies":[{"embeddable":true,"href":"https:\/\/iicbratislava.esteri.it\/sk\/wp-json\/wp\/v2\/comments?post=128"}],"version-history":[{"count":8,"href":"https:\/\/iicbratislava.esteri.it\/sk\/wp-json\/wp\/v2\/pages\/128\/revisions"}],"predecessor-version":[{"id":19711,"href":"https:\/\/iicbratislava.esteri.it\/sk\/wp-json\/wp\/v2\/pages\/128\/revisions\/19711"}],"up":[{"embeddable":true,"href":"https:\/\/iicbratislava.esteri.it\/sk\/wp-json\/wp\/v2\/pages\/120"}],"wp:attachment":[{"href":"https:\/\/iicbratislava.esteri.it\/sk\/wp-json\/wp\/v2\/media?parent=128"}],"curies":[{"name":"wp","href":"https:\/\/api.w.org\/{rel}","templated":true}]}}