{"id":127,"date":"2023-04-03T20:55:55","date_gmt":"2023-04-03T18:55:55","guid":{"rendered":"https:\/\/iicbratislava.esteri.it\/lingua-e-cultura\/borse-di-studio\/"},"modified":"2025-02-13T11:39:24","modified_gmt":"2025-02-13T10:39:24","slug":"borse-di-studio","status":"publish","type":"page","link":"https:\/\/iicbratislava.esteri.it\/sk\/lingua-e-cultura\/borse-di-studio\/","title":{"rendered":"\u0160tipendi\u00e1"},"content":{"rendered":"<p><strong>Talianske vl\u00e1dne \u0161tipendi\u00e1 pre zahrani\u010dn\u00fdch ob\u010danov a talianskych ob\u010danov zap\u00edsan\u00fdch v AIRE na akademick\u00fd rok 2024\/2025 &#8211; zatia\u013e nedostupn\u00e9<\/strong><\/p>\n<p><a href=\"https:\/\/studyinitaly.esteri.it\/en\/node\/30\"><strong>\u00a0<\/strong><\/a><\/p>\n<p>&nbsp;<\/p>\n<hr \/>\n<p><strong>Pr\u00edspevky na n\u00e1v\u0161tevn\u00e9 pobyty vedcov, vysoko\u0161kolsk\u00fdch pedag\u00f3gov, odborn\u00edkov, kult\u00farnych osobnost\u00ed a pracovn\u00edkov v oblasti kult\u00fary na rok 2025 &#8211; zatia\u013e nedostupn\u00e9<\/strong><\/p>\n<p>&nbsp;<\/p>\n","protected":false},"excerpt":{"rendered":"Talianske vl\u00e1dne \u0161tipendi\u00e1 pre zahrani\u010dn\u00fdch ob\u010danov a talianskych ob\u010danov zap\u00edsan\u00fdch v AIRE na akademick\u00fd rok 2024\/2025 &#8211; zatia\u013e nedostupn\u00e9 \u00a0 &nbsp; Pr\u00edspevky na n\u00e1v\u0161tevn\u00e9 pobyty vedcov, vysoko\u0161kolsk\u00fdch pedag\u00f3gov, odborn\u00edkov, kult\u00farnych osobnost\u00ed a pracovn\u00edkov v oblasti kult\u00fary na rok 2025 &#8211; zatia\u013e nedostupn\u00e9 &nbsp;","protected":false},"author":1,"featured_media":0,"parent":120,"menu_order":8,"comment_status":"closed","ping_status":"closed","template":"","meta":{"footnotes":""},"class_list":["post-127","page","type-page","status-publish","hentry"],"_links":{"self":[{"href":"https:\/\/iicbratislava.esteri.it\/sk\/wp-json\/wp\/v2\/pages\/127","targetHints":{"allow":["GET"]}}],"collection":[{"href":"https:\/\/iicbratislava.esteri.it\/sk\/wp-json\/wp\/v2\/pages"}],"about":[{"href":"https:\/\/iicbratislava.esteri.it\/sk\/wp-json\/wp\/v2\/types\/page"}],"author":[{"embeddable":true,"href":"https:\/\/iicbratislava.esteri.it\/sk\/wp-json\/wp\/v2\/users\/1"}],"replies":[{"embeddable":true,"href":"https:\/\/iicbratislava.esteri.it\/sk\/wp-json\/wp\/v2\/comments?post=127"}],"version-history":[{"count":6,"href":"https:\/\/iicbratislava.esteri.it\/sk\/wp-json\/wp\/v2\/pages\/127\/revisions"}],"predecessor-version":[{"id":14727,"href":"https:\/\/iicbratislava.esteri.it\/sk\/wp-json\/wp\/v2\/pages\/127\/revisions\/14727"}],"up":[{"embeddable":true,"href":"https:\/\/iicbratislava.esteri.it\/sk\/wp-json\/wp\/v2\/pages\/120"}],"wp:attachment":[{"href":"https:\/\/iicbratislava.esteri.it\/sk\/wp-json\/wp\/v2\/media?parent=127"}],"curies":[{"name":"wp","href":"https:\/\/api.w.org\/{rel}","templated":true}]}}