{"id":126,"date":"2023-07-14T11:00:37","date_gmt":"2023-07-14T09:00:37","guid":{"rendered":"https:\/\/iicbratislava.esteri.it\/lingua-e-cultura\/i-corsi-di-lingua\/"},"modified":"2026-03-31T09:01:06","modified_gmt":"2026-03-31T07:01:06","slug":"i-corsi-di-lingua","status":"publish","type":"page","link":"https:\/\/iicbratislava.esteri.it\/sk\/lingua-e-cultura\/i-corsi-di-lingua\/","title":{"rendered":"Jazykov\u00e9 kurzy"},"content":{"rendered":"<p><span style=\"color: #000000;\"><strong>Pr\u00e1ve prebieha zimn\u00fd trimester kurzov talian\u010diny (12. janu\u00e1r &#8211; 2. apr\u00edl 2026).<\/strong><\/span><\/p>\n<p><span style=\"color: #339966;\"><strong>Z\u00e1pisy do jarn\u00e9ho trimestra (13. apr\u00edl &#8211; 2. j\u00fal 2026) prebiehaj\u00fa od 23. marca.<\/strong><\/span><\/p>\n<p><a href=\"https:\/\/iicbratislava.esteri.it\/wp-content\/uploads\/2026\/03\/ponuka-kurzov-2026_2.pdf\"><img loading=\"lazy\" decoding=\"async\" class=\"img-fluid alignnone wp-image-17102 size-medium\" src=\"https:\/\/iicbratislava.esteri.it\/wp-content\/uploads\/2025\/09\/Vstupny-test-10-300x74.png\" alt=\"\" width=\"300\" height=\"74\" srcset=\"https:\/\/iicbratislava.esteri.it\/wp-content\/uploads\/2025\/09\/Vstupny-test-10-300x74.png 300w, https:\/\/iicbratislava.esteri.it\/wp-content\/uploads\/2025\/09\/Vstupny-test-10.png 718w\" sizes=\"auto, (max-width: 300px) 100vw, 300px\" \/><\/a><\/p>\n<p><strong>Typy kurzov:<\/strong><\/p>\n<ul>\n<li>trojmesa\u010dn\u00e9 \u0161tandard\u00a0 2x t\u00fd\u017edenne (48 vyu\u010d. h.)<\/li>\n<li>\u0161pecializovan\u00e9 1x t\u00fd\u017edenne<\/li>\n<\/ul>\n<p><strong>Cena:<br \/>\n<\/strong><\/p>\n<ul>\n<li>\u0161tandard: 229\u20ac\/48h (24 stretnut\u00ed)<\/li>\n<li>\u0161pecializovan\u00e9 129\u20ac\/24h (12 stretnut\u00ed)<\/li>\n<\/ul>\n<p><strong>Bli\u017e\u0161ie info:<\/strong><strong>\u00a0<\/strong><a href=\"mailto:corsi.iicbratislava@esteri.it,\">corsi.iicbratislava@esteri.it,<\/a><strong>\u00a002\/59 30 71 11,\u00a0<\/strong><\/p>\n<p><strong>Vyu\u010dovanie:\u00a0<\/strong> PREZEN\u010cNE a ONLINE<\/p>\n<p><strong>Po\u010det \u0161tudentov v skupine:<\/strong> 5 &#8211; 10 (online), 6 &#8211; 12 (prezen\u010dne)<\/p>\n<p><strong>Z\u00e1pis do kurzov:\u00a0<\/strong><\/p>\n<ul>\n<li>Ak ste sa talian\u010dinu e\u0161te neu\u010dili, vyp\u00ed\u0161te si\u00a0<strong><em>prihl\u00e1\u0161ku<\/em><\/strong> a vyberte si z\u00a0ponuky kurzov pre \u00fapln\u00fdch za\u010diato\u010dn\u00edkov (A1.1)<\/li>\n<li>Pokia\u013e ovl\u00e1date <strong>aspo\u0148 z\u00e1klady talian\u010diny<\/strong>, nap\u00ed\u0161te si\u00a0<strong><em>vstupn\u00fd test.<\/em><\/strong> Jeho s\u00fa\u010das\u0165ou je kr\u00e1tky osobn\u00fd alebo telefonick\u00fd rozhovor, ktor\u00fd si m\u00f4\u017eete dohodn\u00fa\u0165 emailom alebo telefonicky a v r\u00e1mci ktor\u00e9ho V\u00e1m odporu\u010d\u00edme primeran\u00fa \u00farove\u0148.<\/li>\n<\/ul>\n<p><a href=\"https:\/\/docs.google.com\/forms\/d\/e\/1FAIpQLSeh_nJPfXbx1Ba3xmIHTaTIjdruzQnui0tWb6sqPOW4CXRq6w\/viewform\"><img loading=\"lazy\" decoding=\"async\" class=\"alignnone size-medium wp-image-17095 img-fluid\" src=\"https:\/\/iicbratislava.esteri.it\/wp-content\/uploads\/2025\/09\/Vstupny-test-7-300x74.png\" alt=\"\" width=\"300\" height=\"74\" srcset=\"https:\/\/iicbratislava.esteri.it\/wp-content\/uploads\/2025\/09\/Vstupny-test-7-300x74.png 300w, https:\/\/iicbratislava.esteri.it\/wp-content\/uploads\/2025\/09\/Vstupny-test-7.png 718w\" sizes=\"auto, (max-width: 300px) 100vw, 300px\" \/><\/a> <a href=\"https:\/\/forms.gle\/vg24fTucJWoF8DeG6\"><img loading=\"lazy\" decoding=\"async\" class=\"img-fluid alignnone wp-image-17099 size-medium\" src=\"https:\/\/iicbratislava.esteri.it\/wp-content\/uploads\/2025\/09\/Vstupny-test-8-300x74.png\" alt=\"\" width=\"300\" height=\"74\" srcset=\"https:\/\/iicbratislava.esteri.it\/wp-content\/uploads\/2025\/09\/Vstupny-test-8-300x74.png 300w, https:\/\/iicbratislava.esteri.it\/wp-content\/uploads\/2025\/09\/Vstupny-test-8.png 718w\" sizes=\"auto, (max-width: 300px) 100vw, 300px\" \/><\/a><\/p>\n<ul>\n<li><strong>Akceptujeme pouk\u00e1\u017eky spolo\u010dnost\u00ed Edenred a Benefit plus.<\/strong><\/li>\n<li><strong>V cene kurzov nie je zahrnut\u00e1 cena u\u010debnice.<\/strong><\/li>\n<li><strong>Taliansky kult\u00farny in\u0161tit\u00fat nevystavuje fakt\u00fary. <\/strong>Na po\u017eiadanie V\u00e1m priprav\u00edme doklad o prijatej platbe za kurz.<\/li>\n<li><strong>Vr\u00e1tenie platby: <\/strong>Poplatok za kurz vraciame len v pr\u00edpade, \u017ee sa skupina neotvor\u00ed.<\/li>\n<\/ul>\n","protected":false},"excerpt":{"rendered":"Pr\u00e1ve prebieha zimn\u00fd trimester kurzov talian\u010diny (12. janu\u00e1r &#8211; 2. apr\u00edl 2026). Z\u00e1pisy do jarn\u00e9ho trimestra (13. apr\u00edl &#8211; 2. j\u00fal 2026) prebiehaj\u00fa od 23. marca. Typy kurzov: trojmesa\u010dn\u00e9 \u0161tandard\u00a0 2x t\u00fd\u017edenne (48 vyu\u010d. h.) \u0161pecializovan\u00e9 1x t\u00fd\u017edenne Cena: \u0161tandard: 229\u20ac\/48h (24 stretnut\u00ed) \u0161pecializovan\u00e9 129\u20ac\/24h (12 stretnut\u00ed) Bli\u017e\u0161ie info:\u00a0corsi.iicbratislava@esteri.it,\u00a002\/59 30 71 11,\u00a0 Vyu\u010dovanie:\u00a0 PREZEN\u010cNE a [&hellip;]","protected":false},"author":1,"featured_media":0,"parent":120,"menu_order":0,"comment_status":"closed","ping_status":"closed","template":"","meta":{"footnotes":""},"class_list":["post-126","page","type-page","status-publish","hentry"],"_links":{"self":[{"href":"https:\/\/iicbratislava.esteri.it\/sk\/wp-json\/wp\/v2\/pages\/126","targetHints":{"allow":["GET"]}}],"collection":[{"href":"https:\/\/iicbratislava.esteri.it\/sk\/wp-json\/wp\/v2\/pages"}],"about":[{"href":"https:\/\/iicbratislava.esteri.it\/sk\/wp-json\/wp\/v2\/types\/page"}],"author":[{"embeddable":true,"href":"https:\/\/iicbratislava.esteri.it\/sk\/wp-json\/wp\/v2\/users\/1"}],"replies":[{"embeddable":true,"href":"https:\/\/iicbratislava.esteri.it\/sk\/wp-json\/wp\/v2\/comments?post=126"}],"version-history":[{"count":13,"href":"https:\/\/iicbratislava.esteri.it\/sk\/wp-json\/wp\/v2\/pages\/126\/revisions"}],"predecessor-version":[{"id":19754,"href":"https:\/\/iicbratislava.esteri.it\/sk\/wp-json\/wp\/v2\/pages\/126\/revisions\/19754"}],"up":[{"embeddable":true,"href":"https:\/\/iicbratislava.esteri.it\/sk\/wp-json\/wp\/v2\/pages\/120"}],"wp:attachment":[{"href":"https:\/\/iicbratislava.esteri.it\/sk\/wp-json\/wp\/v2\/media?parent=126"}],"curies":[{"name":"wp","href":"https:\/\/api.w.org\/{rel}","templated":true}]}}