{"id":120,"date":"2023-04-03T20:30:34","date_gmt":"2023-04-03T18:30:34","guid":{"rendered":"https:\/\/iicbratislava.esteri.it\/lingua-e-cultura\/"},"modified":"2025-12-31T13:03:03","modified_gmt":"2025-12-31T12:03:03","slug":"lingua-e-cultura","status":"publish","type":"page","link":"https:\/\/iicbratislava.esteri.it\/sk\/lingua-e-cultura\/","title":{"rendered":"Jazyk a kult\u00fara"},"content":{"rendered":"<p><strong>P\u00fdtate sa, pre\u010do pr\u00e1ve talian\u010dina? <\/strong><\/p>\n<p>\u2665 Talian\u010dinou\u00a0 hovor\u00ed vo svete viac ako 200 mili\u00f3nov \u013eud\u00ed\u00a0 \u2665\u00a0 Talian\u010dina je d\u00f4le\u017eit\u00fdm dorozumievac\u00edm jazykom v mnoh\u00fdch vedeck\u00fdch a umeleck\u00fdch odvetviach \u2665\u00a0 Pre Slovensko je Taliansko jedn\u00fdm z najd\u00f4le\u017eitej\u0161\u00edch obchodn\u00fdch partnerov \u2665\u00a0 Talian\u010dina v\u0161ak nem\u00e1 len praktick\u00fd charakter. Je to jazyk ako stvoren\u00fd pre \u017eivot (!) : s talian\u010dinou bud\u00fa va\u0161e dovolenky dobrodru\u017enej\u0161ie, ve\u010dery v opere \u010di pri \u010d\u00edtan\u00ed talianskych kn\u00edh v origin\u00e1li zmysluplnej\u0161ie \u2665\u00a0 A v neposlednom rade &#8211; znalos\u0165 jazyka je k\u013e\u00fa\u010dom k bezprostrednej a intenz\u00edvnej komunik\u00e1cii s va\u0161imi talianskymi priate\u013ekami a priate\u013emi.<\/p>\n<p><strong>A p\u00fdtate sa pre\u010do talian\u010dina pr\u00e1ve u n\u00e1s?<\/strong><\/p>\n<p><img loading=\"lazy\" decoding=\"async\" class=\"alignnone wp-image-17030 img-fluid\" src=\"https:\/\/iicbratislava.esteri.it\/wp-content\/uploads\/2025\/09\/kvalita-300x204.png\" alt=\"\" width=\"370\" height=\"251\" srcset=\"https:\/\/iicbratislava.esteri.it\/wp-content\/uploads\/2025\/09\/kvalita-300x204.png 300w, https:\/\/iicbratislava.esteri.it\/wp-content\/uploads\/2025\/09\/kvalita.png 455w\" sizes=\"auto, (max-width: 370px) 100vw, 370px\" \/> <img loading=\"lazy\" decoding=\"async\" class=\"alignnone wp-image-17033 img-fluid\" src=\"https:\/\/iicbratislava.esteri.it\/wp-content\/uploads\/2025\/09\/cena-300x191.png\" alt=\"\" width=\"370\" height=\"235\" srcset=\"https:\/\/iicbratislava.esteri.it\/wp-content\/uploads\/2025\/09\/cena-300x191.png 300w, https:\/\/iicbratislava.esteri.it\/wp-content\/uploads\/2025\/09\/cena.png 489w\" sizes=\"auto, (max-width: 370px) 100vw, 370px\" \/><\/p>\n<p><img loading=\"lazy\" decoding=\"async\" class=\"alignnone wp-image-17038 img-fluid\" src=\"https:\/\/iicbratislava.esteri.it\/wp-content\/uploads\/2025\/09\/pestrost-300x168.png\" alt=\"\" width=\"371\" height=\"208\" srcset=\"https:\/\/iicbratislava.esteri.it\/wp-content\/uploads\/2025\/09\/pestrost-300x168.png 300w, https:\/\/iicbratislava.esteri.it\/wp-content\/uploads\/2025\/09\/pestrost.png 504w\" sizes=\"auto, (max-width: 371px) 100vw, 371px\" \/> <img loading=\"lazy\" decoding=\"async\" class=\"alignnone wp-image-17039 img-fluid\" src=\"https:\/\/iicbratislava.esteri.it\/wp-content\/uploads\/2025\/09\/pre-kazdeho-300x180.png\" alt=\"\" width=\"370\" height=\"222\" srcset=\"https:\/\/iicbratislava.esteri.it\/wp-content\/uploads\/2025\/09\/pre-kazdeho-300x180.png 300w, https:\/\/iicbratislava.esteri.it\/wp-content\/uploads\/2025\/09\/pre-kazdeho.png 485w\" sizes=\"auto, (max-width: 370px) 100vw, 370px\" \/><\/p>\n<p><img loading=\"lazy\" decoding=\"async\" class=\"alignnone wp-image-17040 img-fluid\" src=\"https:\/\/iicbratislava.esteri.it\/wp-content\/uploads\/2025\/09\/certifikat-300x227.png\" alt=\"\" width=\"370\" height=\"280\" srcset=\"https:\/\/iicbratislava.esteri.it\/wp-content\/uploads\/2025\/09\/certifikat-300x227.png 300w, https:\/\/iicbratislava.esteri.it\/wp-content\/uploads\/2025\/09\/certifikat.png 483w\" sizes=\"auto, (max-width: 370px) 100vw, 370px\" \/> <img loading=\"lazy\" decoding=\"async\" class=\"alignnone wp-image-17043 img-fluid\" src=\"https:\/\/iicbratislava.esteri.it\/wp-content\/uploads\/2025\/09\/studujte-v-taliansku-300x221.png\" alt=\"\" width=\"371\" height=\"273\" srcset=\"https:\/\/iicbratislava.esteri.it\/wp-content\/uploads\/2025\/09\/studujte-v-taliansku-300x221.png 300w, https:\/\/iicbratislava.esteri.it\/wp-content\/uploads\/2025\/09\/studujte-v-taliansku.png 491w\" sizes=\"auto, (max-width: 371px) 100vw, 371px\" \/><\/p>\n<p><strong><a href=\"https:\/\/iicbratislava.esteri.it\/wp-content\/uploads\/2025\/12\/ponuka-kurzov-2026_1.pdf\" target=\"_blank\" rel=\"noopener\"><img loading=\"lazy\" decoding=\"async\" class=\"alignnone wp-image-17102 img-fluid\" src=\"https:\/\/iicbratislava.esteri.it\/wp-content\/uploads\/2025\/09\/Vstupny-test-10.png\" alt=\"\" width=\"274\" height=\"68\" srcset=\"https:\/\/iicbratislava.esteri.it\/wp-content\/uploads\/2025\/09\/Vstupny-test-10.png 718w, https:\/\/iicbratislava.esteri.it\/wp-content\/uploads\/2025\/09\/Vstupny-test-10-300x74.png 300w\" sizes=\"auto, (max-width: 274px) 100vw, 274px\" \/><\/a><a href=\"https:\/\/docs.google.com\/forms\/d\/e\/1FAIpQLScKiVJvY3Jv5_CghKwOxKmsLHwpC7PjS49-3-ZhWSXQz28qng\/viewform\" target=\"_blank\" rel=\"noopener\"><img loading=\"lazy\" decoding=\"async\" class=\"alignnone wp-image-17099 img-fluid\" src=\"https:\/\/iicbratislava.esteri.it\/wp-content\/uploads\/2025\/09\/Vstupny-test-8.png\" alt=\"\" width=\"274\" height=\"68\" srcset=\"https:\/\/iicbratislava.esteri.it\/wp-content\/uploads\/2025\/09\/Vstupny-test-8.png 718w, https:\/\/iicbratislava.esteri.it\/wp-content\/uploads\/2025\/09\/Vstupny-test-8-300x74.png 300w\" sizes=\"auto, (max-width: 274px) 100vw, 274px\" \/><\/a><a href=\"https:\/\/docs.google.com\/forms\/d\/e\/1FAIpQLSeh_nJPfXbx1Ba3xmIHTaTIjdruzQnui0tWb6sqPOW4CXRq6w\/viewform\" target=\"_blank\" rel=\"noopener\"><img loading=\"lazy\" decoding=\"async\" class=\"alignnone wp-image-17095 img-fluid\" src=\"https:\/\/iicbratislava.esteri.it\/wp-content\/uploads\/2025\/09\/Vstupny-test-7.png\" alt=\"\" width=\"275\" height=\"68\" srcset=\"https:\/\/iicbratislava.esteri.it\/wp-content\/uploads\/2025\/09\/Vstupny-test-7.png 718w, https:\/\/iicbratislava.esteri.it\/wp-content\/uploads\/2025\/09\/Vstupny-test-7-300x74.png 300w\" sizes=\"auto, (max-width: 275px) 100vw, 275px\" \/><\/a><\/strong><\/p>\n","protected":false},"excerpt":{"rendered":"P\u00fdtate sa, pre\u010do pr\u00e1ve talian\u010dina? \u2665 Talian\u010dinou\u00a0 hovor\u00ed vo svete viac ako 200 mili\u00f3nov \u013eud\u00ed\u00a0 \u2665\u00a0 Talian\u010dina je d\u00f4le\u017eit\u00fdm dorozumievac\u00edm jazykom v mnoh\u00fdch vedeck\u00fdch a umeleck\u00fdch odvetviach \u2665\u00a0 Pre Slovensko je Taliansko jedn\u00fdm z najd\u00f4le\u017eitej\u0161\u00edch obchodn\u00fdch partnerov \u2665\u00a0 Talian\u010dina v\u0161ak nem\u00e1 len praktick\u00fd charakter. Je to jazyk ako stvoren\u00fd pre \u017eivot (!) : s talian\u010dinou [&hellip;]","protected":false},"author":1,"featured_media":0,"parent":0,"menu_order":4,"comment_status":"closed","ping_status":"closed","template":"","meta":{"footnotes":""},"class_list":["post-120","page","type-page","status-publish","hentry"],"_links":{"self":[{"href":"https:\/\/iicbratislava.esteri.it\/sk\/wp-json\/wp\/v2\/pages\/120","targetHints":{"allow":["GET"]}}],"collection":[{"href":"https:\/\/iicbratislava.esteri.it\/sk\/wp-json\/wp\/v2\/pages"}],"about":[{"href":"https:\/\/iicbratislava.esteri.it\/sk\/wp-json\/wp\/v2\/types\/page"}],"author":[{"embeddable":true,"href":"https:\/\/iicbratislava.esteri.it\/sk\/wp-json\/wp\/v2\/users\/1"}],"replies":[{"embeddable":true,"href":"https:\/\/iicbratislava.esteri.it\/sk\/wp-json\/wp\/v2\/comments?post=120"}],"version-history":[{"count":13,"href":"https:\/\/iicbratislava.esteri.it\/sk\/wp-json\/wp\/v2\/pages\/120\/revisions"}],"predecessor-version":[{"id":18951,"href":"https:\/\/iicbratislava.esteri.it\/sk\/wp-json\/wp\/v2\/pages\/120\/revisions\/18951"}],"wp:attachment":[{"href":"https:\/\/iicbratislava.esteri.it\/sk\/wp-json\/wp\/v2\/media?parent=120"}],"curies":[{"name":"wp","href":"https:\/\/api.w.org\/{rel}","templated":true}]}}