{"id":119,"date":"2023-04-03T20:55:21","date_gmt":"2023-04-03T18:55:21","guid":{"rendered":"https:\/\/iicbratislava.esteri.it\/chi-siamo\/contatti\/"},"modified":"2023-07-14T12:21:27","modified_gmt":"2023-07-14T10:21:27","slug":"contatti","status":"publish","type":"page","link":"https:\/\/iicbratislava.esteri.it\/sk\/chi-siamo\/contatti\/","title":{"rendered":"Kontakty"},"content":{"rendered":"<p><strong>Mail: <a href=\"mailto:iicbratislava@esteri.it?subject=proposte%20culturali:%20web\">iicbratislava@esteri.it<\/a><\/strong><\/p>\n<p><strong>Tel. +421 2 59 30 71 11<\/strong><\/p>\n<p>\u010eakujeme v\u00e1m\u00a0za ponuky kult\u00farnej spolupr\u00e1ce.<br \/>\nNako\u013eko prich\u00e1dzaj\u00fa vo ve\u013ekom mno\u017estve, vyhradzujeme si pr\u00e1vo odpoveda\u0165 len na tie, ktor\u00e9 zapadaj\u00fa do na\u0161ej programovej \u0161trukt\u00fary.<\/p>\n","protected":false},"excerpt":{"rendered":"Mail: iicbratislava@esteri.it Tel. +421 2 59 30 71 11 \u010eakujeme v\u00e1m\u00a0za ponuky kult\u00farnej spolupr\u00e1ce. Nako\u013eko prich\u00e1dzaj\u00fa vo ve\u013ekom mno\u017estve, vyhradzujeme si pr\u00e1vo odpoveda\u0165 len na tie, ktor\u00e9 zapadaj\u00fa do na\u0161ej programovej \u0161trukt\u00fary.","protected":false},"author":1,"featured_media":0,"parent":116,"menu_order":4,"comment_status":"closed","ping_status":"closed","template":"","meta":{"footnotes":""},"class_list":["post-119","page","type-page","status-publish","hentry"],"_links":{"self":[{"href":"https:\/\/iicbratislava.esteri.it\/sk\/wp-json\/wp\/v2\/pages\/119","targetHints":{"allow":["GET"]}}],"collection":[{"href":"https:\/\/iicbratislava.esteri.it\/sk\/wp-json\/wp\/v2\/pages"}],"about":[{"href":"https:\/\/iicbratislava.esteri.it\/sk\/wp-json\/wp\/v2\/types\/page"}],"author":[{"embeddable":true,"href":"https:\/\/iicbratislava.esteri.it\/sk\/wp-json\/wp\/v2\/users\/1"}],"replies":[{"embeddable":true,"href":"https:\/\/iicbratislava.esteri.it\/sk\/wp-json\/wp\/v2\/comments?post=119"}],"version-history":[{"count":0,"href":"https:\/\/iicbratislava.esteri.it\/sk\/wp-json\/wp\/v2\/pages\/119\/revisions"}],"up":[{"embeddable":true,"href":"https:\/\/iicbratislava.esteri.it\/sk\/wp-json\/wp\/v2\/pages\/116"}],"wp:attachment":[{"href":"https:\/\/iicbratislava.esteri.it\/sk\/wp-json\/wp\/v2\/media?parent=119"}],"curies":[{"name":"wp","href":"https:\/\/api.w.org\/{rel}","templated":true}]}}