{"id":118,"date":"2023-04-03T20:55:02","date_gmt":"2023-04-03T18:55:02","guid":{"rendered":"https:\/\/iicbratislava.esteri.it\/chi-siamo\/la-sede\/"},"modified":"2025-05-20T10:16:08","modified_gmt":"2025-05-20T08:16:08","slug":"la-sede","status":"publish","type":"page","link":"https:\/\/iicbratislava.esteri.it\/sk\/chi-siamo\/la-sede\/","title":{"rendered":"S\u00eddlo"},"content":{"rendered":"<p>Taliansky kult\u00farny in\u0161tit\u00fat v Bratislave s\u00eddli v centre mesta na Kapuc\u00ednskej ulici, ktor\u00e1 je spojovac\u00edm bodom medzi historick\u00fdm centrom mesta, Z\u00e1mockou ulicou ved\u00facou na hrad a Hod\u017eov\u00fdm n\u00e1mest\u00edm s Prezidentsk\u00fdm pal\u00e1com. Priestory in\u0161tit\u00fatu sa nach\u00e1dzaj\u00fa v dome, ktor\u00e9ho hist\u00f3ria siaha do 18. storo\u010dia. P\u00f4vodn\u00fd dom bol jedn\u00fdm z 8 budov postaven\u00fdch po roku 1772 v mestskej priekope na rohu stredovek\u00e9ho mesta Pre\u0161porku a ako jedin\u00fd odolal ve\u013ek\u00e9mu po\u017eiaru v roku 1913, n\u00e1sledkom 2. svetovej vojny i ne\u013e\u00fatostn\u00e9mu lyn\u010dovaniu historick\u00fdch budov v obdob\u00ed komunistick\u00e9ho re\u017eimu. Budova bola zrekon\u0161truovan\u00e1 po roku 1998 s\u00fa\u010dasn\u00fdm majite\u013eom a jedn\u00fdm z potomkov p\u00f4vodn\u00e9ho majite\u013ea p. Johanessom Frideczkym. Taliansky kult\u00farny in\u0161tit\u00fat s\u00eddli v pr\u00edzem\u00ed budovy od 4. m\u00e1ja 1999, kedy bol znovuotvoren\u00fd po takmer p\u00e4\u0165desiatro\u010dnej prest\u00e1vke sp\u00f4sobenej n\u00e1stupom komunistick\u00e9ho re\u017eimu v \u010ceskoslovensku.<\/p>\n","protected":false},"excerpt":{"rendered":"Taliansky kult\u00farny in\u0161tit\u00fat v Bratislave s\u00eddli v centre mesta na Kapuc\u00ednskej ulici, ktor\u00e1 je spojovac\u00edm bodom medzi historick\u00fdm centrom mesta, Z\u00e1mockou ulicou ved\u00facou na hrad a Hod\u017eov\u00fdm n\u00e1mest\u00edm s Prezidentsk\u00fdm pal\u00e1com. Priestory in\u0161tit\u00fatu sa nach\u00e1dzaj\u00fa v dome, ktor\u00e9ho hist\u00f3ria siaha do 18. storo\u010dia. P\u00f4vodn\u00fd dom bol jedn\u00fdm z 8 budov postaven\u00fdch po roku 1772 v [&hellip;]","protected":false},"author":1,"featured_media":0,"parent":116,"menu_order":2,"comment_status":"closed","ping_status":"closed","template":"","meta":{"footnotes":""},"class_list":["post-118","page","type-page","status-publish","hentry"],"_links":{"self":[{"href":"https:\/\/iicbratislava.esteri.it\/sk\/wp-json\/wp\/v2\/pages\/118","targetHints":{"allow":["GET"]}}],"collection":[{"href":"https:\/\/iicbratislava.esteri.it\/sk\/wp-json\/wp\/v2\/pages"}],"about":[{"href":"https:\/\/iicbratislava.esteri.it\/sk\/wp-json\/wp\/v2\/types\/page"}],"author":[{"embeddable":true,"href":"https:\/\/iicbratislava.esteri.it\/sk\/wp-json\/wp\/v2\/users\/1"}],"replies":[{"embeddable":true,"href":"https:\/\/iicbratislava.esteri.it\/sk\/wp-json\/wp\/v2\/comments?post=118"}],"version-history":[{"count":2,"href":"https:\/\/iicbratislava.esteri.it\/sk\/wp-json\/wp\/v2\/pages\/118\/revisions"}],"predecessor-version":[{"id":16337,"href":"https:\/\/iicbratislava.esteri.it\/sk\/wp-json\/wp\/v2\/pages\/118\/revisions\/16337"}],"up":[{"embeddable":true,"href":"https:\/\/iicbratislava.esteri.it\/sk\/wp-json\/wp\/v2\/pages\/116"}],"wp:attachment":[{"href":"https:\/\/iicbratislava.esteri.it\/sk\/wp-json\/wp\/v2\/media?parent=118"}],"curies":[{"name":"wp","href":"https:\/\/api.w.org\/{rel}","templated":true}]}}