{"id":117,"date":"2023-04-03T20:54:50","date_gmt":"2023-04-03T18:54:50","guid":{"rendered":"https:\/\/iicbratislava.esteri.it\/chi-siamo\/il-personale\/"},"modified":"2025-12-19T10:20:12","modified_gmt":"2025-12-19T09:20:12","slug":"il-personale","status":"publish","type":"page","link":"https:\/\/iicbratislava.esteri.it\/sk\/chi-siamo\/il-personale\/","title":{"rendered":"Pracovn\u00fd t\u00edm"},"content":{"rendered":"<p><strong>Dr. Fabrizio IURLANO<br \/>\nriadite\u013e<\/strong><\/p>\n<p>Administrat\u00edva a ekonomick\u00e9 oddelenie<br \/>\n<strong>Marco GERBI<\/strong><\/p>\n<p>Kult\u00farne podujatia \/ PR<br \/>\n<strong>Mgr. Adriana \u0160UL\u00cdKOV\u00c1<\/strong><\/p>\n<p>Jazykov\u00e9 kurzy \/ Sk\u00fa\u0161ky CILS<br \/>\n<strong>Mgr. Miroslav BRADOVKA<\/strong><\/p>\n<p>Kult\u00farne podujatia \/ Jazykov\u00e9 kurzy v Taliansku<br \/>\n<strong>Ing. Alena \u0160T\u00c1LNIKOV\u00c1<\/strong><\/p>\n<p>&nbsp;<\/p>\n","protected":false},"excerpt":{"rendered":"Dr. Fabrizio IURLANO riadite\u013e Administrat\u00edva a ekonomick\u00e9 oddelenie Marco GERBI Kult\u00farne podujatia \/ PR Mgr. Adriana \u0160UL\u00cdKOV\u00c1 Jazykov\u00e9 kurzy \/ Sk\u00fa\u0161ky CILS Mgr. Miroslav BRADOVKA Kult\u00farne podujatia \/ Jazykov\u00e9 kurzy v Taliansku Ing. Alena \u0160T\u00c1LNIKOV\u00c1 &nbsp;","protected":false},"author":1,"featured_media":0,"parent":116,"menu_order":0,"comment_status":"closed","ping_status":"closed","template":"","meta":{"footnotes":""},"class_list":["post-117","page","type-page","status-publish","hentry"],"_links":{"self":[{"href":"https:\/\/iicbratislava.esteri.it\/sk\/wp-json\/wp\/v2\/pages\/117","targetHints":{"allow":["GET"]}}],"collection":[{"href":"https:\/\/iicbratislava.esteri.it\/sk\/wp-json\/wp\/v2\/pages"}],"about":[{"href":"https:\/\/iicbratislava.esteri.it\/sk\/wp-json\/wp\/v2\/types\/page"}],"author":[{"embeddable":true,"href":"https:\/\/iicbratislava.esteri.it\/sk\/wp-json\/wp\/v2\/users\/1"}],"replies":[{"embeddable":true,"href":"https:\/\/iicbratislava.esteri.it\/sk\/wp-json\/wp\/v2\/comments?post=117"}],"version-history":[{"count":6,"href":"https:\/\/iicbratislava.esteri.it\/sk\/wp-json\/wp\/v2\/pages\/117\/revisions"}],"predecessor-version":[{"id":18907,"href":"https:\/\/iicbratislava.esteri.it\/sk\/wp-json\/wp\/v2\/pages\/117\/revisions\/18907"}],"up":[{"embeddable":true,"href":"https:\/\/iicbratislava.esteri.it\/sk\/wp-json\/wp\/v2\/pages\/116"}],"wp:attachment":[{"href":"https:\/\/iicbratislava.esteri.it\/sk\/wp-json\/wp\/v2\/media?parent=117"}],"curies":[{"name":"wp","href":"https:\/\/api.w.org\/{rel}","templated":true}]}}