{"id":116,"date":"2023-04-03T20:29:59","date_gmt":"2023-04-03T18:29:59","guid":{"rendered":"https:\/\/iicbratislava.esteri.it\/chi-siamo\/"},"modified":"2025-09-08T13:42:47","modified_gmt":"2025-09-08T11:42:47","slug":"chi-siamo","status":"publish","type":"page","link":"https:\/\/iicbratislava.esteri.it\/sk\/chi-siamo\/","title":{"rendered":"O n\u00e1s"},"content":{"rendered":"<table class=\"table\">\n<tbody>\n<tr>\n<td><strong>Adresa<br \/>\n<\/strong>Taliansky kult\u00farny in\u0161tit\u00fat v Bratislave<br \/>\nKapuc\u00ednska 7<br \/>\n811 03 Bratislava<strong>Kontakt<\/strong><br \/>\ntel. +421 2 59 30 71 11<br \/>\nemail:\u00a0<a href=\"mailto:iicbratislava@esteri.it\">iicbratislava@esteri.it<\/a><\/p>\n<p><strong>Otv\u00e1racie hodiny pre verejnos\u0165<\/strong><\/p>\n<p>Pon-\u0160tv: 10:00-13:00\/15:00-16:00<\/td>\n<\/tr>\n<\/tbody>\n<\/table>\n<p>Taliansky kult\u00farny in\u0161tit\u00fat v Bratislave je \u00faradom talianskeho Ministerstva zahrani\u010dn\u00fdch vec\u00ed a kult\u00farnym oddelen\u00edm Talianskeho ve\u013evyslanectva. Jeho cie\u013eom je propagova\u0165 taliansky jazyk a kult\u00faru na Slovensku a organizova\u0165 kult\u00farne podujatia \u00a0v oblasti umenia a vedy.<\/p>\n<p><strong>In\u0161tit\u00fat \u010falej pon\u00faka tieto slu\u017eby:<\/strong><\/p>\n<ul>\n<li>Kurzy talianskeho jazyka a kult\u00fary<\/li>\n<li>Sk\u00fa\u0161ky CILS Univerzity pre cudzincov v Siene na z\u00edskanie certifik\u00e1tu o znalosti talian\u010diny ako cudzieho jazyka<\/li>\n<li>Taliansku kni\u017enicu s mo\u017enos\u0165ou v\u00fdpo\u017ei\u010dky kn\u00edh, cd, dvd, \u010dasopisov dennej tla\u010de pre \u010dlenov In\u0161tit\u00fatu<\/li>\n<li>Poskytovanie inform\u00e1ci\u00ed o Taliansku v oblasti kult\u00fary<\/li>\n<\/ul>\n<p><strong>Taliansky kult\u00farny in\u0161tit\u00fat v Bratislave organizuje kult\u00farne podujatia v\u010faka spolupr\u00e1ci <\/strong><strong>s v\u00fdznamn\u00fdmi slovensk\u00fdmi kult\u00farnymi in\u0161tit\u00faciami<\/strong><\/p>\n<p><a href=\"http:\/\/www.culture.gov.sk\/\">Ministerstvo kult\u00fary SR<\/a><br \/>\n<a href=\"http:\/\/www.bratislava.sk\/\">Magistr\u00e1t hl. mesta SR Bratislavy<\/a><br \/>\n<a href=\"http:\/\/www.filharmonia.sk\/\">Slovensk\u00e1 filharm\u00f3nia<\/a><br \/>\n<a href=\"http:\/\/www.sng.sk\/sk\/uvod\">Slovensk\u00e1 n\u00e1rodn\u00e1 gal\u00e9ria<\/a><br \/>\n<a href=\"http:\/\/www.gmb.sk\/\">Gal\u00e9ria mesta Bratislavy<\/a><br \/>\n<a href=\"http:\/\/www.snm.sk\/\">Slovensk\u00e9 n\u00e1rodn\u00e9 m\u00fazeum<\/a><br \/>\n<a href=\"http:\/\/www.sfu.sk\/\">Slovensk\u00fd filmov\u00fd \u00fastav<\/a><br \/>\n<a href=\"http:\/\/www.rtvs.sk\/service\/homepage\">Rozhlas a telev\u00edzia Slovenska<\/a><br \/>\n<a href=\"http:\/\/www.pgu.sk\/\">Pova\u017esk\u00e1 gal\u00e9ria umenia v \u017diline<\/a><\/p>\n<p><strong>s univerzitami a \u0161kolami<\/strong><\/p>\n<p><a href=\"https:\/\/fphil.uniba.sk\/\">Filozofick\u00e1 fakulta Univerzity Komensk\u00e9ho v Bratislave<\/a><br \/>\n<a href=\"https:\/\/www.ukf.sk\/\">Univerzita Kon\u0161tant\u00edna filozofa v Nitre<\/a><br \/>\n<a href=\"https:\/\/www.umb.sk\/\">Univerzita Mateja Bela v Banskej Bystrici<\/a><br \/>\n<a href=\"http:\/\/www.ku.sk\/\">Katol\u00edcka univerzita v Ru\u017eomberku<\/a><br \/>\n<a href=\"https:\/\/gymlsba.edupage.org\/\">Bilingv\u00e1lna sekcia na Gymn\u00e1ziu L. S\u00e1ru<\/a><\/p>\n","protected":false},"excerpt":{"rendered":"Adresa Taliansky kult\u00farny in\u0161tit\u00fat v Bratislave Kapuc\u00ednska 7 811 03 BratislavaKontakt tel. +421 2 59 30 71 11 email:\u00a0iicbratislava@esteri.it Otv\u00e1racie hodiny pre verejnos\u0165 Pon-\u0160tv: 10:00-13:00\/15:00-16:00 Taliansky kult\u00farny in\u0161tit\u00fat v Bratislave je \u00faradom talianskeho Ministerstva zahrani\u010dn\u00fdch vec\u00ed a kult\u00farnym oddelen\u00edm Talianskeho ve\u013evyslanectva. Jeho cie\u013eom je propagova\u0165 taliansky jazyk a kult\u00faru na Slovensku a organizova\u0165 kult\u00farne podujatia [&hellip;]","protected":false},"author":1,"featured_media":0,"parent":0,"menu_order":2,"comment_status":"closed","ping_status":"closed","template":"","meta":{"footnotes":""},"class_list":["post-116","page","type-page","status-publish","hentry"],"_links":{"self":[{"href":"https:\/\/iicbratislava.esteri.it\/sk\/wp-json\/wp\/v2\/pages\/116","targetHints":{"allow":["GET"]}}],"collection":[{"href":"https:\/\/iicbratislava.esteri.it\/sk\/wp-json\/wp\/v2\/pages"}],"about":[{"href":"https:\/\/iicbratislava.esteri.it\/sk\/wp-json\/wp\/v2\/types\/page"}],"author":[{"embeddable":true,"href":"https:\/\/iicbratislava.esteri.it\/sk\/wp-json\/wp\/v2\/users\/1"}],"replies":[{"embeddable":true,"href":"https:\/\/iicbratislava.esteri.it\/sk\/wp-json\/wp\/v2\/comments?post=116"}],"version-history":[{"count":6,"href":"https:\/\/iicbratislava.esteri.it\/sk\/wp-json\/wp\/v2\/pages\/116\/revisions"}],"predecessor-version":[{"id":17188,"href":"https:\/\/iicbratislava.esteri.it\/sk\/wp-json\/wp\/v2\/pages\/116\/revisions\/17188"}],"wp:attachment":[{"href":"https:\/\/iicbratislava.esteri.it\/sk\/wp-json\/wp\/v2\/media?parent=116"}],"curies":[{"name":"wp","href":"https:\/\/api.w.org\/{rel}","templated":true}]}}