{"id":11562,"date":"2024-04-29T12:51:27","date_gmt":"2024-04-29T10:51:27","guid":{"rendered":"https:\/\/iicbratislava.esteri.it\/?page_id=11562"},"modified":"2024-04-29T12:51:01","modified_gmt":"2024-04-29T10:51:01","slug":"netiquette","status":"publish","type":"page","link":"https:\/\/iicbratislava.esteri.it\/sk\/chi-siamo\/contatti\/netiquette\/","title":{"rendered":"Netiquette"},"content":{"rendered":"<p>V\u00edtame v\u00e1s na na\u0161ich soci\u00e1lnych medi\u00e1lnych kan\u00e1loch!<\/p>\n<p>Na\u0161\u00edm cie\u013eom je \u0161\u00edri\u0165 inform\u00e1cie o na\u0161ich aktivit\u00e1ch a talianskej kult\u00fare, a to aj v spolupr\u00e1ci s miestnymi partnermi. Preto v\u00e1s \u017eiadame o dodr\u017eiavanie nasleduj\u00facich jednoduch\u00fdch pravidiel:<\/p>\n<ol>\n<li><strong>Zdr\u017eanlivos\u0165 a \u00facta k ostatn\u00fdm<\/strong>: Vyjadrujte svoj n\u00e1zor primerane a s \u00factou k ostatn\u00fdm.<\/li>\n<li><strong>Zodpovednos\u0165 za obsah<\/strong>: Ste zodpovedn\u00ed za va\u0161e pr\u00edspevky a n\u00e1zory. Nebud\u00fa tolerovan\u00e9 ur\u00e1\u017eky, vulgarizmy, hrozby a v\u0161eobecne agres\u00edvne alebo hanliv\u00e9 spr\u00e1vanie.<\/li>\n<li><strong>Ochrana s\u00fakromia tret\u00edch str\u00e1n<\/strong>: Vyhnite sa zmienkam o osobn\u00fdch \u00fadajoch tret\u00edch str\u00e1n alebo o podrobnostiach bez verejn\u00e9ho z\u00e1ujmu.<\/li>\n<li><strong>Zameranie na t\u00e9mu diskusie<\/strong>: Pros\u00edme, aby ste dodr\u017eiavali t\u00e9mu ka\u017edej diskusie a vyh\u00fdbali sa roz\u0161\u00edreniu diskusie ne\u00famern\u00fdm a ne\u0161pecifick\u00fdm sp\u00f4sobom.<\/li>\n<li><strong>Z\u00e1kaz reklamy<\/strong>: Nespamujte, nevykon\u00e1vajte propaga\u010dn\u00e9 aktivity s\u00fakromn\u00fdch z\u00e1ujmov alebo neleg\u00e1lnych \u010dinnost\u00ed.<\/li>\n<li><strong>Dodr\u017eiavanie autorsk\u00fdch pr\u00e1v<\/strong>: Re\u0161pektujte autorsk\u00e9 pr\u00e1va.<\/li>\n<\/ol>\n<p>V pr\u00edpade poru\u0161enia t\u00fdchto podmienok si vyhradzujeme pr\u00e1vo odstr\u00e1ni\u0165 v\u0161etky pr\u00edspevky, koment\u00e1re, fotografie, vide\u00e1 alebo in\u00e9 pr\u00edspevky, ktor\u00e9:<\/p>\n<ul>\n<li>obsahuj\u00fa nevhodn\u00fd jazyk a\/alebo hroziv\u00fd, agres\u00edvny, vulg\u00e1rny alebo ne\u00factiv\u00fd t\u00f3n;<\/li>\n<li>obsahuj\u00fa neleg\u00e1lny obsah alebo podnecuj\u00fa k neleg\u00e1lnym \u010dinnostiam;<\/li>\n<li>s\u00fa ur\u00e1\u017eliv\u00e9, klamliv\u00e9, vytv\u00e1raj\u00fa neopodstatnen\u00fd strach alebo poru\u0161uj\u00fa pr\u00e1va tret\u00edch str\u00e1n;<\/li>\n<li>odha\u013euj\u00fa osobn\u00e9 \u00fadaje alebo m\u00f4\u017eu po\u0161kodi\u0165 poves\u0165 tret\u00edch str\u00e1n;<\/li>\n<li>obsahuj\u00fa obsc\u00e9nny, pornografick\u00fd obsah alebo detsk\u00fa pornografiu, alebo maj\u00fa potenci\u00e1l urazi\u0165 pou\u017e\u00edvate\u013eov;<\/li>\n<li>maj\u00fa diskrimina\u010dn\u00fd charakter na z\u00e1klade pohlavia, rasy, etnick\u00e9ho p\u00f4vodu, jazyka, n\u00e1bo\u017eensk\u00e9ho presved\u010denia, politick\u00fdch n\u00e1zorov, sexu\u00e1lnej orient\u00e1cie, veku, osobn\u00fdch alebo \u017eivotn\u00fdch podmienok;<\/li>\n<li>propaguj\u00fa alebo podporuj\u00fa nez\u00e1konn\u00e9 \u010dinnosti, poru\u0161uj\u00fa autorsk\u00e9 pr\u00e1va alebo nespr\u00e1vne pou\u017e\u00edvaj\u00fa registrovan\u00fa obchodn\u00fa zna\u010dku.<\/li>\n<\/ul>\n<p>In\u0161tit\u00fat si vyhradzuje pr\u00e1vo zablokova\u0165 t\u00fdch, ktor\u00ed opakovane poru\u0161uj\u00fa tieto podmienky a pr\u00edpadne ozn\u00e1mi\u0165 to spr\u00e1vcom platformy a org\u00e1nom \u010dinn\u00fdm v trestnom konan\u00ed.<\/p>\n<p>Pripom\u00edname, \u017ee soci\u00e1lne m\u00e9dia nie s\u00fa ur\u010den\u00e9 na verejn\u00fd kontakt. Ak m\u00e1te ak\u00e9ko\u013evek po\u017eiadavky na inform\u00e1cie a pomoc, kontaktujte pros\u00edm s\u00eddlo in\u0161tit\u00fatu pod\u013ea inform\u00e1ci\u00ed uveden\u00fdch v pr\u00edslu\u0161nej sekcii webovej str\u00e1nky.<\/p>\n","protected":false},"excerpt":{"rendered":"V\u00edtame v\u00e1s na na\u0161ich soci\u00e1lnych medi\u00e1lnych kan\u00e1loch! Na\u0161\u00edm cie\u013eom je \u0161\u00edri\u0165 inform\u00e1cie o na\u0161ich aktivit\u00e1ch a talianskej kult\u00fare, a to aj v spolupr\u00e1ci s miestnymi partnermi. Preto v\u00e1s \u017eiadame o dodr\u017eiavanie nasleduj\u00facich jednoduch\u00fdch pravidiel: Zdr\u017eanlivos\u0165 a \u00facta k ostatn\u00fdm: Vyjadrujte svoj n\u00e1zor primerane a s \u00factou k ostatn\u00fdm. Zodpovednos\u0165 za obsah: Ste zodpovedn\u00ed za va\u0161e [&hellip;]","protected":false},"author":3,"featured_media":0,"parent":119,"menu_order":1,"comment_status":"closed","ping_status":"closed","template":"","meta":{"footnotes":""},"class_list":["post-11562","page","type-page","status-publish","hentry"],"_links":{"self":[{"href":"https:\/\/iicbratislava.esteri.it\/sk\/wp-json\/wp\/v2\/pages\/11562","targetHints":{"allow":["GET"]}}],"collection":[{"href":"https:\/\/iicbratislava.esteri.it\/sk\/wp-json\/wp\/v2\/pages"}],"about":[{"href":"https:\/\/iicbratislava.esteri.it\/sk\/wp-json\/wp\/v2\/types\/page"}],"author":[{"embeddable":true,"href":"https:\/\/iicbratislava.esteri.it\/sk\/wp-json\/wp\/v2\/users\/3"}],"replies":[{"embeddable":true,"href":"https:\/\/iicbratislava.esteri.it\/sk\/wp-json\/wp\/v2\/comments?post=11562"}],"version-history":[{"count":3,"href":"https:\/\/iicbratislava.esteri.it\/sk\/wp-json\/wp\/v2\/pages\/11562\/revisions"}],"predecessor-version":[{"id":11592,"href":"https:\/\/iicbratislava.esteri.it\/sk\/wp-json\/wp\/v2\/pages\/11562\/revisions\/11592"}],"up":[{"embeddable":true,"href":"https:\/\/iicbratislava.esteri.it\/sk\/wp-json\/wp\/v2\/pages\/119"}],"wp:attachment":[{"href":"https:\/\/iicbratislava.esteri.it\/sk\/wp-json\/wp\/v2\/media?parent=11562"}],"curies":[{"name":"wp","href":"https:\/\/api.w.org\/{rel}","templated":true}]}}