{"id":6265,"date":"2023-11-16T12:34:32","date_gmt":"2023-11-16T11:34:32","guid":{"rendered":"https:\/\/iicbratislava.esteri.it\/?page_id=6265"},"modified":"2024-11-19T13:54:18","modified_gmt":"2024-11-19T12:54:18","slug":"mittelcinemafest-2024","status":"publish","type":"page","link":"https:\/\/iicbratislava.esteri.it\/it\/gli_eventi\/archivio-eventi\/mittelcinemafest-2024\/","title":{"rendered":"MittelCinemaFest 2024"},"content":{"rendered":"<p><img loading=\"lazy\" decoding=\"async\" class=\"size-large wp-image-13386 img-fluid alignnone\" src=\"https:\/\/iicbratislava.esteri.it\/wp-content\/uploads\/2024\/11\/MCF2024_FBHeaderbaner_851x315px-1024x379.jpg\" alt=\"\" width=\"640\" height=\"237\" srcset=\"https:\/\/iicbratislava.esteri.it\/wp-content\/uploads\/2024\/11\/MCF2024_FBHeaderbaner_851x315px-1024x379.jpg 1024w, https:\/\/iicbratislava.esteri.it\/wp-content\/uploads\/2024\/11\/MCF2024_FBHeaderbaner_851x315px-300x111.jpg 300w, https:\/\/iicbratislava.esteri.it\/wp-content\/uploads\/2024\/11\/MCF2024_FBHeaderbaner_851x315px-768x284.jpg 768w, https:\/\/iicbratislava.esteri.it\/wp-content\/uploads\/2024\/11\/MCF2024_FBHeaderbaner_851x315px.jpg 1135w\" sizes=\"auto, (max-width: 640px) 100vw, 640px\" \/><\/p>\n<p>&nbsp;<\/p>\n<h3><strong>22<sup>o <\/sup> <\/strong><strong>Festival Centro-europeo del Cinema Italiano<\/strong><br \/>\n<strong>Kino Lumi\u00e8re, \u0160pit\u00e1lska 4, Bratislava<\/strong><\/h3>\n<p><a href=\"https:\/\/iicbratislava.esteri.it\/wp-content\/uploads\/2024\/11\/IIC_MCF2024_Bratislava_catalogo_web.pdf\"><strong>catalogo<\/strong><\/a><\/p>\n<p><strong>28.11.<br \/>\n<span style=\"text-decoration: underline;\">18:00<\/span> <a href=\"https:\/\/iicbratislava.esteri.it\/it\/?post_type=eventi&amp;p=13211\">Parthenope<\/a><\/strong>\u00a0| r. P. Sorrentino | 2024 | Italia, Francia| 136 min. | *it\/cz<br \/>\nIn collaborazione con ASFK<br \/>\n<strong><span style=\"text-decoration: underline;\">20:30<\/span> <a href=\"https:\/\/iicbratislava.esteri.it\/it\/?post_type=eventi&amp;p=13083\">Quell&#8217;estate con Ir\u00e8ne<\/a><\/strong> | r. C. Sironi | 2024 | Italia | 90&#8242; | *it\/eng\/sk<\/p>\n<p><strong>29.11.<br \/>\n<span style=\"text-decoration: underline;\">18:00<\/span> <a href=\"https:\/\/iicbratislava.esteri.it\/it\/?post_type=eventi&amp;p=13070\">Familia<\/a><\/strong> | r. F. Costabile | 2024 | Italia| 120&#8217;| *it\/eng\/sk<br \/>\n<strong><span style=\"text-decoration: underline;\">20:15<\/span> <a href=\"https:\/\/iicbratislava.esteri.it\/it\/?post_type=eventi&amp;p=13232\">Il tempo che ci vuole<\/a><\/strong>\u00a0| r. F. Comencini | 2024 | Italia, Francia | 110&#8242; | *it\/eng\/sk<\/p>\n<p><strong>30.11.<br \/>\n<span style=\"text-decoration: underline;\">17:30<\/span> <a href=\"https:\/\/iicbratislava.esteri.it\/it\/?post_type=eventi&amp;p=13112\">Confidenza<\/a><\/strong> | r. D. Luchetti | 2023 | Italia | 136&#8242; | *it\/eng\/sk<br \/>\n<strong><span style=\"text-decoration: underline;\">20:00<\/span> <a href=\"https:\/\/iicbratislava.esteri.it\/it\/?post_type=eventi&amp;p=13095\">Gloria!<\/a><\/strong> | r. M. Vicario | 2024 | Italia, Svizzera | 106&#8242; | *it\/eng\/sk<\/p>\n<p><strong>1.12.<br \/>\n<span style=\"text-decoration: underline;\">17:30<\/span>\u00a0<a href=\"https:\/\/iicbratislava.esteri.it\/it\/?post_type=eventi&amp;p=13255&amp;preview=true\">Campo di battaglia<\/a><\/strong> | r. G. Amelio | 2024 | Italia| 104&#8242; | *it\/eng\/sk<br \/>\n<strong><span style=\"text-decoration: underline;\">20:00<\/span> <a href=\"https:\/\/iicbratislava.esteri.it\/it\/?post_type=eventi&amp;p=13276\">Un altro Ferragosto<\/a><\/strong>\u00a0| r. P. Virz\u00ec | 2024 | Italia| 123&#8242; | *it\/cz<\/p>\n","protected":false},"excerpt":{"rendered":"&nbsp; 22o Festival Centro-europeo del Cinema Italiano Kino Lumi\u00e8re, \u0160pit\u00e1lska 4, Bratislava catalogo 28.11. 18:00 Parthenope\u00a0| r. P. Sorrentino | 2024 | Italia, Francia| 136 min. | *it\/cz In collaborazione con ASFK 20:30 Quell&#8217;estate con Ir\u00e8ne | r. C. Sironi | 2024 | Italia | 90&#8242; | *it\/eng\/sk 29.11. 18:00 Familia | r. F. Costabile [&hellip;]","protected":false},"author":6,"featured_media":13386,"parent":12307,"menu_order":0,"comment_status":"closed","ping_status":"closed","template":"","meta":{"footnotes":""},"class_list":["post-6265","page","type-page","status-publish","has-post-thumbnail","hentry"],"_links":{"self":[{"href":"https:\/\/iicbratislava.esteri.it\/it\/wp-json\/wp\/v2\/pages\/6265","targetHints":{"allow":["GET"]}}],"collection":[{"href":"https:\/\/iicbratislava.esteri.it\/it\/wp-json\/wp\/v2\/pages"}],"about":[{"href":"https:\/\/iicbratislava.esteri.it\/it\/wp-json\/wp\/v2\/types\/page"}],"author":[{"embeddable":true,"href":"https:\/\/iicbratislava.esteri.it\/it\/wp-json\/wp\/v2\/users\/6"}],"replies":[{"embeddable":true,"href":"https:\/\/iicbratislava.esteri.it\/it\/wp-json\/wp\/v2\/comments?post=6265"}],"version-history":[{"count":7,"href":"https:\/\/iicbratislava.esteri.it\/it\/wp-json\/wp\/v2\/pages\/6265\/revisions"}],"predecessor-version":[{"id":13884,"href":"https:\/\/iicbratislava.esteri.it\/it\/wp-json\/wp\/v2\/pages\/6265\/revisions\/13884"}],"up":[{"embeddable":true,"href":"https:\/\/iicbratislava.esteri.it\/it\/wp-json\/wp\/v2\/pages\/12307"}],"wp:featuredmedia":[{"embeddable":true,"href":"https:\/\/iicbratislava.esteri.it\/it\/wp-json\/wp\/v2\/media\/13386"}],"wp:attachment":[{"href":"https:\/\/iicbratislava.esteri.it\/it\/wp-json\/wp\/v2\/media?parent=6265"}],"curies":[{"name":"wp","href":"https:\/\/api.w.org\/{rel}","templated":true}]}}