{"id":46,"date":"2023-04-03T20:56:47","date_gmt":"2023-04-03T18:56:47","guid":{"rendered":"https:\/\/istitutobuenosaires.esteri.it\/?page_id=46"},"modified":"2025-12-12T09:16:59","modified_gmt":"2025-12-12T08:16:59","slug":"biblioteca","status":"publish","type":"page","link":"https:\/\/iicbratislava.esteri.it\/it\/lingua-e-cultura\/biblioteca\/","title":{"rendered":"Biblioteca"},"content":{"rendered":"<p><strong>Orari di apertura al pubblico:<\/strong><\/p>\n<table class=\"table\">\n<tbody>\n<tr>\n<td>luned\u00ec &#8211; gioved\u00ec<\/td>\n<td>10.00 &#8211; 13.00, 15.00 &#8211; 18.00<\/td>\n<\/tr>\n<\/tbody>\n<\/table>\n<p>Il catalogo completo della biblioteca \u00e8 consultabile <strong><a href=\"https:\/\/iic.infoteca.it\/bratislava\/ricerca\/semplice\">online<\/a>.<\/strong><\/p>\n<p><strong>Contatti:<\/strong><\/p>\n<p>tel: 00421 2 593 071 13<br \/>\ne-mail: biblioteca.iicbratislava@esteri.it<\/p>\n<p><span class=\"titoloRosso\"><strong>Associarsi all&#8217;IIC<\/strong><br \/>\n<\/span><span class=\"titoloNotizia\">Quota annuale d&#8217;iscrizione:\u00a0<\/span><br \/>\n<strong>10\u20ac per gli studenti dell&#8217;IIC<\/strong><br \/>\n<strong>15\u20ac per gli altri<br \/>\n<\/strong><\/p>\n<p><strong>Documenti necessari:<\/strong><br \/>\n&#8211; carta d\u2019identit\u00e0;<br \/>\n&#8211; per gli stranieri: permesso di soggiorno, passaporto o carta d&#8217;identit\u00e0;<br \/>\n&#8211; per i minorenni: l\u2019iscrizione deve essere effettuata dai genitori<\/p>\n<p><em><strong>I soci della biblioteca<\/strong><\/em> hanno a disposizione un&#8217;ampia scelta di volumi (pi\u00f9 di 7000).<br \/>\nSpaziano dalla narrativa contemporanea ai classici della letteratura italiana, dalla saggistica ai libri informativi sull&#8217;Italia.<\/p>\n<p>Sono disponibili testi semplici per chi sta muovendo i primi passi nell&#8217;italiano, manuali di lingua, dizionari, enciclopedie, periodici, che possono essere consultati nei locali dell&#8217;Istituto.<\/p>\n<p>Numerosi sono i film e i documentari in DVD (ca 1000).<\/p>\n<p><span class=\"titoloNotizia\"><em><strong><span class=\"titoloRosso\">Libri<\/span><\/strong><\/em><br \/>\n<\/span>Le enciclopedie, i dizionari, le opere di riferimento, le guide turistiche, i libri antichi e tutto il materiale didattico d\u2019insegnamento dell\u2019italiano non possono essere presi in prestito ma sono consultabili nei locali dell&#8217;Istituto.<br \/>\nPer gli altri libri (al massimo 4) la durata del prestito \u00e8 di un mese.<\/p>\n<p><strong><span class=\"titoloRosso\"><br \/>\n<em><span class=\"titoloNotizia\">Mediateca<\/span><\/em><\/span><\/strong><br \/>\nIl numero massimo di dvd che possono essere dati in prestito \u00e8 di n. 4.<br \/>\nLa durata del prestito \u00e8 di un mese.<\/p>\n","protected":false},"excerpt":{"rendered":"Orari di apertura al pubblico: luned\u00ec &#8211; gioved\u00ec 10.00 &#8211; 13.00, 15.00 &#8211; 18.00 Il catalogo completo della biblioteca \u00e8 consultabile online. Contatti: tel: 00421 2 593 071 13 e-mail: biblioteca.iicbratislava@esteri.it Associarsi all&#8217;IIC Quota annuale d&#8217;iscrizione:\u00a0 10\u20ac per gli studenti dell&#8217;IIC 15\u20ac per gli altri Documenti necessari: &#8211; carta d\u2019identit\u00e0; &#8211; per gli stranieri: permesso [&hellip;]","protected":false},"author":1,"featured_media":0,"parent":16,"menu_order":4,"comment_status":"closed","ping_status":"closed","template":"","meta":{"footnotes":""},"class_list":["post-46","page","type-page","status-publish","hentry"],"_links":{"self":[{"href":"https:\/\/iicbratislava.esteri.it\/it\/wp-json\/wp\/v2\/pages\/46","targetHints":{"allow":["GET"]}}],"collection":[{"href":"https:\/\/iicbratislava.esteri.it\/it\/wp-json\/wp\/v2\/pages"}],"about":[{"href":"https:\/\/iicbratislava.esteri.it\/it\/wp-json\/wp\/v2\/types\/page"}],"author":[{"embeddable":true,"href":"https:\/\/iicbratislava.esteri.it\/it\/wp-json\/wp\/v2\/users\/1"}],"replies":[{"embeddable":true,"href":"https:\/\/iicbratislava.esteri.it\/it\/wp-json\/wp\/v2\/comments?post=46"}],"version-history":[{"count":7,"href":"https:\/\/iicbratislava.esteri.it\/it\/wp-json\/wp\/v2\/pages\/46\/revisions"}],"predecessor-version":[{"id":18874,"href":"https:\/\/iicbratislava.esteri.it\/it\/wp-json\/wp\/v2\/pages\/46\/revisions\/18874"}],"up":[{"embeddable":true,"href":"https:\/\/iicbratislava.esteri.it\/it\/wp-json\/wp\/v2\/pages\/16"}],"wp:attachment":[{"href":"https:\/\/iicbratislava.esteri.it\/it\/wp-json\/wp\/v2\/media?parent=46"}],"curies":[{"name":"wp","href":"https:\/\/api.w.org\/{rel}","templated":true}]}}