{"id":4528,"date":"2023-08-23T12:52:57","date_gmt":"2023-08-23T10:52:57","guid":{"rendered":"https:\/\/iicbratislava.esteri.it\/?page_id=4528"},"modified":"2026-01-28T10:53:28","modified_gmt":"2026-01-28T09:53:28","slug":"corsi-specializzati","status":"publish","type":"page","link":"https:\/\/iicbratislava.esteri.it\/it\/lingua-e-cultura\/i-corsi-di-lingua\/corsi-specializzati\/","title":{"rendered":"Corsi specializzati"},"content":{"rendered":"<p>Vi presentiamo i nostri corsi specializzati. Quegli attivi li troverete nell&#8217;offerta attuale <a href=\"https:\/\/iicbratislava.esteri.it\/wp-content\/uploads\/2025\/09\/ponuka-kurzov-2025_4.pdf\">qua<\/a><\/p>\n<p><strong><a href=\"https:\/\/iicbratislava.esteri.it\/wp-content\/uploads\/2026\/01\/serata_in_giallo_26.png\">UNA SERATA IN GIALLO B2 \/ C1<\/a><br \/>\n<\/strong>Un corso letterario focalizzato sull&#8217;esplorazione del mondo dei gialli italiani. Immergiti in emozionanti storie di cronaca nera mediterranee e scopri i loro autori. A cura di Mirta \u0106urkovi\u0107 dell&#8217;Universit\u00e0 Costantino il Filosofo di Nitra e <a href=\"https:\/\/www.facebook.com\/profile.php?id=100063967936425\">Associazione Romanistica Nitriensia.<\/a><\/p>\n<p>Il corso \u00e8 parte del <a href=\"https:\/\/kreslit.ff.ukf.sk\/it\/italiano\/\">progetto del Dipartimento di Romanistica e Germanistica<\/a> della Facolt\u00e0 di Lettere dell&#8217;Universit\u00e0 Costantino il Filosofo di Nitra: Riflessione critica della ricerca letteraria e traduttologica slovacca\u00a0 nel contesto della tradizione europea occidentale e della forma attuale degli studi umanistici, APVV-23-0586.<strong><br \/>\n<\/strong><\/p>\n<p><strong>GRAMMACINEMA B2 \/ C1<\/strong><br \/>\nLe lezioni sono dedicate ai leggendari film italiani, e ad esercizi per ampliare il vocabolario e sviluppare le capacit\u00e0 narrative. Libro di testo utilizzato (non da acquistare): <a href=\"https:\/\/www.amazon.it\/Litaliano-cinema-civilt%C3%A0-letteratura-italiani\/dp\/8877157976\">L\u00b4italiano al cinema<\/a> (Guerra edizioni)<\/p>\n<p><strong>CORSO DI RIPASSO A1 \/ A2 \/ B1 \/ B2:<br \/>\n<\/strong>Non riuscite a tenere il passo nei corsi standard? Vorreste riprendere fiato e rallentare un po\u2019? Questo corso \u00e8 fatto per voi! Ripassate e consolidate le vostre conoscenze e abilit\u00e0 in maniera divertente e comunicativa.<\/p>\n<p><strong>CONVERSAZIONE (DI ATTUALIT\u00c0) B2<br \/>\n<\/strong>Avete l\u2018impressione che parlare in italiano non sia il vostro punto forte? Vorreste acquisire maggiore sicurezza nel parlare e sviluppare le abilit\u00e0 comunicative? Questo corso vi offre un\u2018unica possibilit\u00e1 di immergersi pi\u00fa profondamente nella lingua e cultura italiana, fare due chiacchiere sugli argomenti di attualit\u00e0, ampliare il lessico e perfezionare le proprie capacit\u00e0 orali e comunicative.<\/p>\n<p><strong>CORSO DI SCRITTURA CREATIVA B2, C1<br \/>\n<\/strong>Il corso offre l\u2018apprendimento delle basi teoriche e pratiche necessarie per scrivere correttamente in italiano, su un testo di qualsiasi tipo (storia, articolo giornalistico,&#8230;), e lunghezza (uno slogan, un romanzo lungo,&#8230;) e qualsiasi argomento. Dedicato a coloro che vogliono perfezionare le capacit\u00e0 di esprimersi.<\/p>\n<p><strong>ITALIANO AZIENDALE B2<br \/>\n<\/strong>Comunicate in italiano al lavoro, oppure vi interessa lavorare in un ambiente dove si usa l\u2018italiano? Vi serve usare un linguaggio formale, specifico, burocratico? Venite a esercitarvi per un colloquio di lavoro, in una comunicazione con i clienti, ad imparare la corrispondenza commerciale.<\/p>\n<p><strong>CORSI DI PERFEZIONAMENTO C1<br \/>\n<\/strong>Studiate l\u2018italiano da anni ma avete l\u00b4impressione di non riuscire a raggiungere un livello alto? Vi manca la precisione e correttezza nell\u2018esprimervi? Venite a perfezionare l\u2018italiano in tutte le abilit\u00e0 principali (parlato, ascolto, lettura e scritto). Per la prima volta con un sillabo ben definito di livello C1: Nuovo espresso 5 (Alma edizioni).<\/p>\n<p><strong>CORSO DI TRADUZIONE\u00a0 C1, C2<br \/>\n<\/strong>Il corso consiste nell\u2019analisi e la successiva traduzione in italiano di vari brani di giornali e riviste slovacche (il livello linguistico si adatta al livello dei partecipanti). Un\u2018attenzione particolare viene dedicata alla comparazione delle strutture linguistiche, di sintassi, la posizione dei componenti (oggetto, soggetto, complemento oggetto,&#8230;) in italiano rispetto alla loro posizione in slovacco.<\/p>\n<p><strong>CORSO PREPARATORIO ALL\u2018ESAME CILS (B2\/C1)<br \/>\n<\/strong>Lo scopo del corso \u00e8 quello di preparare il candidato a superare l\u2019esame. Si tratta di conoscere la struttura e capire le domande, sviluppare tutte e quattro le abilit\u00e0 linguistiche esaminate in ogni livello.<br \/>\nIscriversi al corso preparatorio non vuol dire iscriversi all\u2018esame. Le condizioni e il modulo d\u2018iscrizione li trovate <a href=\"https:\/\/iicbratislava.esteri.it\/it\/lingua-e-cultura\/certificazioni\/\">qui.<\/a><\/p>\n<p><strong>CLUB LETTERARIO &#8211; LIBRISSIMO B2,C1<br \/>\n<\/strong>Vi piace leggere libri? Vorreste conoscere meglio le opere letterarie italiane, ampliare il lessico, coltivare la lingua ed esprimere le proprie opinioni? Allora \u00e8 adatto per voi il club letterario \u201eLibrissimo\u201c. Con Enrica Bartali condividerete la passione per la letteratura e il ricco linguaggio degli scrittori.<\/p>\n<p><strong>ARTE B1, B2<br \/>\n<\/strong>Questo corso \u00e8 dedicato a tutti coloro che vogliono approfondire le conoscenze sulla cultura e la storia dell&#8217;arte italiana, e allo stesso tempo perfezionare le abilit\u00e0 linguistiche.<\/p>\n<p><strong>REGIONI D\u2019ITALIA B2, C1<br \/>\n<\/strong>L\u2018Italia \u00e8 fatta di un mosaico di regioni diverse l\u2018una dall\u2018altra. Se vi interessano le particolarit\u00e0 geografiche, storiche, culturali e gastronomiche delle regioni italiane e volete capire perch\u00e9, a volte, i loro abitanti si sentono pi\u00f9 lombardi, siciliani o toscani che italiani, perch\u00e9 parlano in maniera diversa e si comportano secondo degli stereotipi, questo corso \u00e8 dedicato proprio a voi.<\/p>\n<p>&nbsp;<\/p>\n","protected":false},"excerpt":{"rendered":"Vi presentiamo i nostri corsi specializzati. Quegli attivi li troverete nell&#8217;offerta attuale qua UNA SERATA IN GIALLO B2 \/ C1 Un corso letterario focalizzato sull&#8217;esplorazione del mondo dei gialli italiani. Immergiti in emozionanti storie di cronaca nera mediterranee e scopri i loro autori. A cura di Mirta \u0106urkovi\u0107 dell&#8217;Universit\u00e0 Costantino il Filosofo di Nitra e [&hellip;]","protected":false},"author":4,"featured_media":0,"parent":42,"menu_order":0,"comment_status":"closed","ping_status":"closed","template":"","meta":{"footnotes":""},"class_list":["post-4528","page","type-page","status-publish","hentry"],"_links":{"self":[{"href":"https:\/\/iicbratislava.esteri.it\/it\/wp-json\/wp\/v2\/pages\/4528","targetHints":{"allow":["GET"]}}],"collection":[{"href":"https:\/\/iicbratislava.esteri.it\/it\/wp-json\/wp\/v2\/pages"}],"about":[{"href":"https:\/\/iicbratislava.esteri.it\/it\/wp-json\/wp\/v2\/types\/page"}],"author":[{"embeddable":true,"href":"https:\/\/iicbratislava.esteri.it\/it\/wp-json\/wp\/v2\/users\/4"}],"replies":[{"embeddable":true,"href":"https:\/\/iicbratislava.esteri.it\/it\/wp-json\/wp\/v2\/comments?post=4528"}],"version-history":[{"count":7,"href":"https:\/\/iicbratislava.esteri.it\/it\/wp-json\/wp\/v2\/pages\/4528\/revisions"}],"predecessor-version":[{"id":19303,"href":"https:\/\/iicbratislava.esteri.it\/it\/wp-json\/wp\/v2\/pages\/4528\/revisions\/19303"}],"up":[{"embeddable":true,"href":"https:\/\/iicbratislava.esteri.it\/it\/wp-json\/wp\/v2\/pages\/42"}],"wp:attachment":[{"href":"https:\/\/iicbratislava.esteri.it\/it\/wp-json\/wp\/v2\/media?parent=4528"}],"curies":[{"name":"wp","href":"https:\/\/api.w.org\/{rel}","templated":true}]}}