{"id":44,"date":"2023-04-03T20:56:11","date_gmt":"2023-04-03T18:56:11","guid":{"rendered":"https:\/\/istitutobuenosaires.esteri.it\/?page_id=44"},"modified":"2026-01-15T12:20:16","modified_gmt":"2026-01-15T11:20:16","slug":"certificazioni","status":"publish","type":"page","link":"https:\/\/iicbratislava.esteri.it\/it\/lingua-e-cultura\/certificazioni\/","title":{"rendered":"Certificazioni"},"content":{"rendered":"<p>L&#8217;Istituto Italiano di Cultura di Bratislava offre la possibilit\u00e0 di sostenere\u00a0gli\u00a0<a href=\"https:\/\/cils.unistrasi.it\/\">esami\u00a0<strong>CILS<\/strong>\u00a0dell&#8217;Universit\u00e0 per Stranieri di Siena<\/a>\u00a0presso la propria sede.<\/p>\n<p>La <strong>Cils<\/strong> \u2013 <strong>Certificazione di Italiano come Lingua Straniera<\/strong> \u2013 \u00e8 il titolo ufficiale che attesta il grado di competenza linguistico-comunicativa in italiano come Lingua Straniera.<\/p>\n<p>La certificazione Cils \u00e8 rilasciata dall\u2019Universit\u00e0 per Stranieri di Siena ed \u00e8 riconosciuta dallo Stato Italiano ai sensi della Legge n. 204 del 17 febbraio 1992. Il Ministero degli Affari Esteri, in base ad una convenzione quadro, riconosce gli Istituti Italiani di Cultura all\u2019estero come sedi ufficiali per lo svolgimento degli esami Cils.<\/p>\n<p>Il sistema di certificazione Cils \u00e8 stato elaborato in conformit\u00e0 ai parametri europei delineati dal Consiglio d\u2019Europa nel documento noto come Quadro Comune Europeo di Riferimento.<\/p>\n<p>I Livelli Cils di base sono sei e individuano una competenza linguistico-comunicativa progressivamente pi\u00f9 elevata. Ogni livello \u00e8 autonomo e completo: la certificazione di ogni livello dichiara un grado di capacit\u00e0 comunicativa adeguato a specifici contesti sociali, professionali e di studio.<\/p>\n<p>L\u2019esame \u00e8 composto da 5 prove: ascolto, comprensione della lettura, analisi delle strutture di comunicazione, produzione scritta e produzione orale.<br \/>\n<a href=\"https:\/\/cils.unistrasi.it\/1\/89\/188\/Esempi_prove_di_esami.htm\">Sul sito dell&#8217;Universit\u00e0 per Stranieri di Siena<\/a>\u00a0sono pubblicati gli\u00a0<strong>esempi delle prove<\/strong>\u00a0di esame di ogni livello, comprese le prove audio e le chiavi alle soluzioni.<\/p>\n<p>Nota: L&#8217;esame CILS di livello &#8220;B1 cittadinanza&#8221; in questa sede non si svolge.<\/p>\n<p>&nbsp;<\/p>\n<p><strong>Date dei prossimi esami:<\/strong><\/p>\n<p>16 giugno 2026 (iscrizioni dal 7 aprile al 5 maggio 2026)<\/p>\n<p>3 dicembre 2026 (iscrizioni dal 21 settembre al 21 ottobre 2026)<\/p>\n<p><strong><br \/>\nMODULO D&#8217;ISCRIZIONE<\/strong><\/p>\n<ul>\n<li><a href=\"https:\/\/iicbratislava.esteri.it\/wp-content\/uploads\/2025\/01\/proposta-di-adesione-CILS-per-sedi-allESTERO-3.doc\">modulo (formulario)<\/a><\/li>\n<\/ul>\n<p>&#8211; al modulo d&#8217;iscrizione si prega di allegare anche la fotocopia della carta d&#8217;identit\u00e0 e mandarli insieme su <a href=\"mailto:corsi.iicbratislava@esteri.it\">corsi.iicbratislava@esteri.it<\/a><\/p>\n<p>&#8211; dopo aver ricevuto il modulo d&#8217;iscrizione mandiamo al candidato via email il numero del c\/c e il simbolo variabile per poter effettuare il pagamento. Questo va effettuato entro la fine delle iscrizioni.<\/p>\n<p>Tabella dei livelli CILS con le tasse d&#8217;iscrizione:<\/p>\n<p>&nbsp;<\/p>\n<table width=\"0\">\n<tbody>\n<tr>\n<td>\n<h6>A1\/A2<\/h6>\n<\/td>\n<td>\n<h6>\u20ac 40,-<\/h6>\n<\/td>\n<td>\n<h6>*\u20ac 13,-<\/h6>\n<\/td>\n<\/tr>\n<tr>\n<td>\n<h6>UNO &#8211; B1<\/h6>\n<\/td>\n<td>\n<h6>\u20ac 60,-<\/h6>\n<\/td>\n<td>\n<h6>*\u20ac 20,-<\/h6>\n<\/td>\n<\/tr>\n<tr>\n<td>\n<h6>DUE &#8211; B2<\/h6>\n<\/td>\n<td>\n<h6>\u20ac 70,-<\/h6>\n<\/td>\n<td>\n<h6>*\u20ac 23,-<\/h6>\n<\/td>\n<\/tr>\n<tr>\n<td>\n<h6>TRE &#8211; C1<\/h6>\n<\/td>\n<td>\n<h6>\u20ac 80,-<\/h6>\n<\/td>\n<td>\n<h6>*\u20ac 25,-<\/h6>\n<\/td>\n<\/tr>\n<tr>\n<td>\n<h6>QUATTRO &#8211; C2<\/h6>\n<\/td>\n<td>\n<h6>\u20ac 90,-<\/h6>\n<\/td>\n<td>\n<h6>*\u20ac 28,-<\/h6>\n<\/td>\n<\/tr>\n<\/tbody>\n<\/table>\n<p>* Tasse d&#8217;iscrizione &#8211; \u00a0quota parziale di\u00a0una prova ripetuta (il candidato ha la possibilit\u00e0 di ripetere le prove non superate entro 18 mesi dal primo esame, quindi al massimo 3 volte)<\/p>\n","protected":false},"excerpt":{"rendered":"L&#8217;Istituto Italiano di Cultura di Bratislava offre la possibilit\u00e0 di sostenere\u00a0gli\u00a0esami\u00a0CILS\u00a0dell&#8217;Universit\u00e0 per Stranieri di Siena\u00a0presso la propria sede. La Cils \u2013 Certificazione di Italiano come Lingua Straniera \u2013 \u00e8 il titolo ufficiale che attesta il grado di competenza linguistico-comunicativa in italiano come Lingua Straniera. La certificazione Cils \u00e8 rilasciata dall\u2019Universit\u00e0 per Stranieri di Siena ed [&hellip;]","protected":false},"author":1,"featured_media":0,"parent":16,"menu_order":2,"comment_status":"closed","ping_status":"closed","template":"","meta":{"footnotes":""},"class_list":["post-44","page","type-page","status-publish","hentry"],"_links":{"self":[{"href":"https:\/\/iicbratislava.esteri.it\/it\/wp-json\/wp\/v2\/pages\/44","targetHints":{"allow":["GET"]}}],"collection":[{"href":"https:\/\/iicbratislava.esteri.it\/it\/wp-json\/wp\/v2\/pages"}],"about":[{"href":"https:\/\/iicbratislava.esteri.it\/it\/wp-json\/wp\/v2\/types\/page"}],"author":[{"embeddable":true,"href":"https:\/\/iicbratislava.esteri.it\/it\/wp-json\/wp\/v2\/users\/1"}],"replies":[{"embeddable":true,"href":"https:\/\/iicbratislava.esteri.it\/it\/wp-json\/wp\/v2\/comments?post=44"}],"version-history":[{"count":6,"href":"https:\/\/iicbratislava.esteri.it\/it\/wp-json\/wp\/v2\/pages\/44\/revisions"}],"predecessor-version":[{"id":19151,"href":"https:\/\/iicbratislava.esteri.it\/it\/wp-json\/wp\/v2\/pages\/44\/revisions\/19151"}],"up":[{"embeddable":true,"href":"https:\/\/iicbratislava.esteri.it\/it\/wp-json\/wp\/v2\/pages\/16"}],"wp:attachment":[{"href":"https:\/\/iicbratislava.esteri.it\/it\/wp-json\/wp\/v2\/media?parent=44"}],"curies":[{"name":"wp","href":"https:\/\/api.w.org\/{rel}","templated":true}]}}