{"id":40,"date":"2023-04-03T20:55:02","date_gmt":"2023-04-03T18:55:02","guid":{"rendered":"https:\/\/istitutobuenosaires.esteri.it\/?page_id=40"},"modified":"2025-05-20T10:19:09","modified_gmt":"2025-05-20T08:19:09","slug":"la-sede","status":"publish","type":"page","link":"https:\/\/iicbratislava.esteri.it\/it\/chi-siamo\/la-sede\/","title":{"rendered":"La Sede"},"content":{"rendered":"<p>L\u2019IIC di Bratislava ha sede nel centro storico della capitale slovacca, in via Kapuc\u00ednska, in un punto di grande passaggio nei pressi della via Z\u00e1mock\u00e1 che conduce al Castello e della piazza Hod\u017eovo, in cui ha sede il Palazzo del Presidente della Repubblica.<br \/>\nLa storia dell\u2019immobile nel quale ha sede l\u2018IIC risale al XVIII secolo. L\u2019edificio originario infatti faceva parte di uno degli otto costruiti, dopo il 1772, nel fossato cittadino di origine medievale, ed \u00e8 stato l\u2019unico a resistere al grande incendio del 1913, alle vicende della Seconda guerra mondiale ed all\u2019oltraggio architettonico inflitto agli edifici storici di questa parte della citt\u00e0 durante il regime comunista. L\u2019edificio venne ricostruito nel 1998 dall\u2019attuale proprietario il signor Johaness F. Frideczky, uno degli eredi del primo proprietario dello stabile.<\/p>\n<p>L\u2019IIC \u00e8 stato riaperto al pubblico il 4 maggio del 1999, data che coincideva con l\u2019ottantesimo anniversario della morte dell\u2019eroe slovacco Milan Rastislav \u0160tef\u00e1nik, sul campo di aviazione di Bratislava, insieme ai suoi tre commilitoni italiani, il tenente Giotto Mancinelli Scotti, l\u2019aiuto-pilota sergente Umberto Merlini e il motorista Umberto Aggiusti.<\/p>\n<p>Tra le varie personalit\u00e0 che hanno partecipato a questa giornata speciale c\u2019erano anche il Presidente della Repubblica Slovacca Michal Kov\u00e1\u010d e l\u2019Ambasciatore d\u2019Italia in Slovacchia Egone Ratzenberger<\/p>\n","protected":false},"excerpt":{"rendered":"L\u2019IIC di Bratislava ha sede nel centro storico della capitale slovacca, in via Kapuc\u00ednska, in un punto di grande passaggio nei pressi della via Z\u00e1mock\u00e1 che conduce al Castello e della piazza Hod\u017eovo, in cui ha sede il Palazzo del Presidente della Repubblica. La storia dell\u2019immobile nel quale ha sede l\u2018IIC risale al XVIII secolo. [&hellip;]","protected":false},"author":1,"featured_media":0,"parent":15,"menu_order":2,"comment_status":"closed","ping_status":"closed","template":"","meta":{"footnotes":""},"class_list":["post-40","page","type-page","status-publish","hentry"],"_links":{"self":[{"href":"https:\/\/iicbratislava.esteri.it\/it\/wp-json\/wp\/v2\/pages\/40","targetHints":{"allow":["GET"]}}],"collection":[{"href":"https:\/\/iicbratislava.esteri.it\/it\/wp-json\/wp\/v2\/pages"}],"about":[{"href":"https:\/\/iicbratislava.esteri.it\/it\/wp-json\/wp\/v2\/types\/page"}],"author":[{"embeddable":true,"href":"https:\/\/iicbratislava.esteri.it\/it\/wp-json\/wp\/v2\/users\/1"}],"replies":[{"embeddable":true,"href":"https:\/\/iicbratislava.esteri.it\/it\/wp-json\/wp\/v2\/comments?post=40"}],"version-history":[{"count":6,"href":"https:\/\/iicbratislava.esteri.it\/it\/wp-json\/wp\/v2\/pages\/40\/revisions"}],"predecessor-version":[{"id":16334,"href":"https:\/\/iicbratislava.esteri.it\/it\/wp-json\/wp\/v2\/pages\/40\/revisions\/16334"}],"up":[{"embeddable":true,"href":"https:\/\/iicbratislava.esteri.it\/it\/wp-json\/wp\/v2\/pages\/15"}],"wp:attachment":[{"href":"https:\/\/iicbratislava.esteri.it\/it\/wp-json\/wp\/v2\/media?parent=40"}],"curies":[{"name":"wp","href":"https:\/\/api.w.org\/{rel}","templated":true}]}}