{"id":39,"date":"2023-04-03T20:54:50","date_gmt":"2023-04-03T18:54:50","guid":{"rendered":"https:\/\/istitutobuenosaires.esteri.it\/?page_id=39"},"modified":"2025-12-01T18:57:25","modified_gmt":"2025-12-01T17:57:25","slug":"il-personale","status":"publish","type":"page","link":"https:\/\/iicbratislava.esteri.it\/it\/chi-siamo\/il-personale\/","title":{"rendered":"Il personale"},"content":{"rendered":"<p>Direttore<br \/>\n<strong>Dr. Fabrizio IURLANO<\/strong><\/p>\n<p>Amministrazione e contabilit\u00e0<br \/>\n<strong>Marco GERBI<\/strong><\/p>\n<p>Eventi culturali \/ PR<br \/>\n<strong>Mgr. Adriana \u0160UL\u00cdKOV\u00c1<\/strong><\/p>\n<p>Corsi di lingua \/ Esami CILS<br \/>\n<strong>Mgr. Miroslav BRADOVKA\u00a0<\/strong><\/p>\n<p>Eventi culturali \/ Corsi di lingua in Italia<br \/>\n<strong>Ing. Alena \u0160T\u00c1LNIKOV\u00c1<\/strong><\/p>\n<p>&nbsp;<\/p>\n","protected":false},"excerpt":{"rendered":"Direttore Dr. Fabrizio IURLANO Amministrazione e contabilit\u00e0 Marco GERBI Eventi culturali \/ PR Mgr. Adriana \u0160UL\u00cdKOV\u00c1 Corsi di lingua \/ Esami CILS Mgr. Miroslav BRADOVKA\u00a0 Eventi culturali \/ Corsi di lingua in Italia Ing. Alena \u0160T\u00c1LNIKOV\u00c1 &nbsp;","protected":false},"author":1,"featured_media":0,"parent":15,"menu_order":0,"comment_status":"closed","ping_status":"closed","template":"","meta":{"footnotes":""},"class_list":["post-39","page","type-page","status-publish","hentry"],"_links":{"self":[{"href":"https:\/\/iicbratislava.esteri.it\/it\/wp-json\/wp\/v2\/pages\/39","targetHints":{"allow":["GET"]}}],"collection":[{"href":"https:\/\/iicbratislava.esteri.it\/it\/wp-json\/wp\/v2\/pages"}],"about":[{"href":"https:\/\/iicbratislava.esteri.it\/it\/wp-json\/wp\/v2\/types\/page"}],"author":[{"embeddable":true,"href":"https:\/\/iicbratislava.esteri.it\/it\/wp-json\/wp\/v2\/users\/1"}],"replies":[{"embeddable":true,"href":"https:\/\/iicbratislava.esteri.it\/it\/wp-json\/wp\/v2\/comments?post=39"}],"version-history":[{"count":7,"href":"https:\/\/iicbratislava.esteri.it\/it\/wp-json\/wp\/v2\/pages\/39\/revisions"}],"predecessor-version":[{"id":18788,"href":"https:\/\/iicbratislava.esteri.it\/it\/wp-json\/wp\/v2\/pages\/39\/revisions\/18788"}],"up":[{"embeddable":true,"href":"https:\/\/iicbratislava.esteri.it\/it\/wp-json\/wp\/v2\/pages\/15"}],"wp:attachment":[{"href":"https:\/\/iicbratislava.esteri.it\/it\/wp-json\/wp\/v2\/media?parent=39"}],"curies":[{"name":"wp","href":"https:\/\/api.w.org\/{rel}","templated":true}]}}