{"id":303,"date":"2023-07-11T16:28:52","date_gmt":"2023-07-11T14:28:52","guid":{"rendered":"https:\/\/iicbratislava.esteri.it\/?page_id=303"},"modified":"2025-09-01T14:04:27","modified_gmt":"2025-09-01T12:04:27","slug":"diventare-soci","status":"publish","type":"page","link":"https:\/\/iicbratislava.esteri.it\/it\/chi-siamo\/contatti\/diventare-soci\/","title":{"rendered":"Diventare soci"},"content":{"rendered":"<p>I soci dell&#8217;IIC possono utilizzare i materiali della <a href=\"https:\/\/iicbratislava.esteri.it\/it\/lingua-e-cultura\/biblioteca\/\">biblioteca<\/a> e sono regolarmente informati sulle attivit\u00e0 e le manifestazioni culturali organizzate dall&#8217;Istituto. La tessera ha validit\u00e0 di un anno dal giorno di iscrizione. \u00c8\u00a0di propriet\u00e0 strettamente personale, non \u00e8 cedibile e deve essere presentata per ogni prestito.<\/p>\n<p><strong>Quota annuale d&#8217;iscrizione:<\/strong><\/p>\n<ul>\n<li><strong>10 \u20ac<\/strong> per gli studenti dell&#8217;IIC<\/li>\n<li><strong>15 \u20ac<\/strong> per gli altri<\/li>\n<\/ul>\n<p><strong>Documenti necessari:<\/strong><\/p>\n<ul>\n<li>carta d\u2019identit\u00e0;<\/li>\n<li>per gli stranieri il passaporto o la carta d\u2018identit\u00e0;<\/li>\n<li>per i minorenni non in possesso di una carta d\u2019identit\u00e0, l\u2019iscrizione deve essere effettuata dai genitori.<\/li>\n<\/ul>\n","protected":false},"excerpt":{"rendered":"I soci dell&#8217;IIC possono utilizzare i materiali della biblioteca e sono regolarmente informati sulle attivit\u00e0 e le manifestazioni culturali organizzate dall&#8217;Istituto. La tessera ha validit\u00e0 di un anno dal giorno di iscrizione. \u00c8\u00a0di propriet\u00e0 strettamente personale, non \u00e8 cedibile e deve essere presentata per ogni prestito. Quota annuale d&#8217;iscrizione: 10 \u20ac per gli studenti dell&#8217;IIC [&hellip;]","protected":false},"author":3,"featured_media":0,"parent":41,"menu_order":0,"comment_status":"closed","ping_status":"closed","template":"","meta":{"footnotes":""},"class_list":["post-303","page","type-page","status-publish","hentry"],"_links":{"self":[{"href":"https:\/\/iicbratislava.esteri.it\/it\/wp-json\/wp\/v2\/pages\/303","targetHints":{"allow":["GET"]}}],"collection":[{"href":"https:\/\/iicbratislava.esteri.it\/it\/wp-json\/wp\/v2\/pages"}],"about":[{"href":"https:\/\/iicbratislava.esteri.it\/it\/wp-json\/wp\/v2\/types\/page"}],"author":[{"embeddable":true,"href":"https:\/\/iicbratislava.esteri.it\/it\/wp-json\/wp\/v2\/users\/3"}],"replies":[{"embeddable":true,"href":"https:\/\/iicbratislava.esteri.it\/it\/wp-json\/wp\/v2\/comments?post=303"}],"version-history":[{"count":2,"href":"https:\/\/iicbratislava.esteri.it\/it\/wp-json\/wp\/v2\/pages\/303\/revisions"}],"predecessor-version":[{"id":17002,"href":"https:\/\/iicbratislava.esteri.it\/it\/wp-json\/wp\/v2\/pages\/303\/revisions\/17002"}],"up":[{"embeddable":true,"href":"https:\/\/iicbratislava.esteri.it\/it\/wp-json\/wp\/v2\/pages\/41"}],"wp:attachment":[{"href":"https:\/\/iicbratislava.esteri.it\/it\/wp-json\/wp\/v2\/media?parent=303"}],"curies":[{"name":"wp","href":"https:\/\/api.w.org\/{rel}","templated":true}]}}