{"id":276,"date":"2023-09-29T14:21:36","date_gmt":"2023-09-29T12:21:36","guid":{"rendered":"https:\/\/iicbratislava.esteri.it\/?page_id=276"},"modified":"2024-10-23T16:11:10","modified_gmt":"2024-10-23T14:11:10","slug":"dolce-vitaj-2023","status":"publish","type":"page","link":"https:\/\/iicbratislava.esteri.it\/it\/gli_eventi\/archivio-eventi\/dolce-vitaj-archivio\/dolce-vitaj-2023\/","title":{"rendered":"Dolce vitaj 2023"},"content":{"rendered":"<p><a href=\"https:\/\/www.dolcevitaj.eu\/\"><strong><img loading=\"lazy\" decoding=\"async\" class=\"alignnone size-full wp-image-5200 img-fluid\" src=\"https:\/\/iicbratislava.esteri.it\/wp-content\/uploads\/2023\/09\/Dolce2023_WEBbanner_1136x511px.jpg\" alt=\"Visual generale\" width=\"1136\" height=\"511\" srcset=\"https:\/\/iicbratislava.esteri.it\/wp-content\/uploads\/2023\/09\/Dolce2023_WEBbanner_1136x511px.jpg 1136w, https:\/\/iicbratislava.esteri.it\/wp-content\/uploads\/2023\/09\/Dolce2023_WEBbanner_1136x511px-300x135.jpg 300w, https:\/\/iicbratislava.esteri.it\/wp-content\/uploads\/2023\/09\/Dolce2023_WEBbanner_1136x511px-1024x461.jpg 1024w, https:\/\/iicbratislava.esteri.it\/wp-content\/uploads\/2023\/09\/Dolce2023_WEBbanner_1136x511px-768x345.jpg 768w\" sizes=\"auto, (max-width: 1136px) 100vw, 1136px\" \/><\/strong><\/a><\/p>\n<p>&nbsp;<\/p>\n<p><strong>Programma della XVI edizione del Festival Italiano in Slovacchia<\/strong><\/p>\n<p><strong><a href=\"https:\/\/iicbratislava.esteri.it\/iic_bratislava\/it\/gli_eventi\/calendario\/2023\/04\/mimmo-rotella-decollages.html\">Mimmo Rotella<\/a><br \/>\n<\/strong>mostra d&#8217;arte<br \/>\n20. 04. \u2013 18. 09.<br \/>\nCastello di Bratislava, terzo piano<\/p>\n<p><a href=\"https:\/\/iicbratislava.esteri.it\/it\/gli_eventi\/calendario\/paolo-masi-in-esposizione-alla\/\"><strong>Paolo Masi<\/strong><\/a><br \/>\n19. 05. \u2013 09. 09.<br \/>\nGalleria Civica di Zilina<\/p>\n<p><strong>Cinevitaj: Letteratura nel cinema<\/strong><br \/>\n23. 05. &#8211; 20. 06.<br \/>\nKino Lumi\u00e8re v SNG Bratislava;\u00a0 FK v M\u00fazeu SNP, Bansk\u00e1 Bystrica; Artkino Metro, Tren\u010d\u00edn; Kino Tatran, Poprad; Kino \u00dasmev,\u00a0 Ko\u0161ice; FK Priestor, Lu\u010denec<\/p>\n<p><a href=\"https:\/\/iicbratislava.esteri.it\/it\/gli_eventi\/calendario\/cinevitaj-il-colibri\/\">Il colibr\u00ec<\/a> \/ r. F. Archibugi, 2022, 125\u2019, *it\/eng\/sk<br \/>\n<a href=\"https:\/\/iicbratislava.esteri.it\/it\/gli_eventi\/calendario\/cinevitaj-io-e-te-r-b-bertolucci\/\">Ie e te<\/a>\u00a0\/\u00a0r. B. Bertolucci, 2012, 97\u2019, *it\/eng\/sk<br \/>\n<a href=\"https:\/\/iicbratislava.esteri.it\/it\/gli_eventi\/calendario\/cinevitaj-l-arminuta\/\">L&#8217;Arminuta<\/a> \/ r. G. Bonito, 2021, 114\u2019, *it\/eng\/sk<br \/>\n<a href=\"https:\/\/iicbratislava.esteri.it\/it\/gli_eventi\/calendario\/cinevitaj-lacci\/\">Lacci<\/a> \/ r. D. Luchetti, 2020, 100\u2019, *it\/eng\/sk<br \/>\n<a href=\"https:\/\/iicbratislava.esteri.it\/it\/gli_eventi\/calendario\/cinevitaj-le-otto-montagne\/\">Otto montagne<\/a> \/ r. F. van Groeningen, Ch. Vandermeersch, 2022, 140\u2019,*it\/sk<\/p>\n<p><a href=\"https:\/\/iicbratislava.esteri.it\/it\/gli_eventi\/calendario\/dalibor-karvay-e-sinfonietta-bratislava\/\"><strong>Dalibor Karvay e Sinfonietta Bratislava<\/strong><\/a><br \/>\n<strong>Vivaldi e Quattro stagioni<\/strong><br \/>\n01. 06. ore 18:00<br \/>\nVe\u013ek\u00fd evanjelick\u00fd kostol, Bratislava<\/p>\n<p><a href=\"https:\/\/iicbratislava.esteri.it\/it\/gli_eventi\/calendario\/brak-festival-del-libro-beatrice\/\"><strong>BRaK &#8211; festival del libro: Luca de Santis, Sara Colaone, Beatice Salvioni<\/strong><\/a><br \/>\n03. 06. Nov\u00e1 cvernovka,<br \/>\nRa\u010dianska 78, Bratislava<\/p>\n<p><a href=\"https:\/\/iicbratislava.esteri.it\/it\/gli_eventi\/calendario\/flo-quartetto-concerto-per-il-16\/\"><strong>Flo &#8211; Racconti mediterranei<\/strong><\/a><br \/>\nconcerto del quarteto etno-jazz<br \/>\n06. 06. o 19:00 h.<br \/>\nVe\u013ek\u00e1 s\u00e1la Slovensk\u00e9ho<br \/>\nrozhlasu, M\u00fdtna 1, Bratislava<\/p>\n<p><a href=\"https:\/\/iicbratislava.esteri.it\/it\/gli_eventi\/calendario\/roberto-capucci-dal-tratto-al-tessuto\/\"><strong>Roberto Capucci: Dal tratto al tessuto<\/strong><\/a><br \/>\n16. 06. \u2013 22. 10.<br \/>\nS\u00eddeln\u00e1 budova SNM, Vajansk\u00e9ho n\u00e1br. 2, Bratislava<\/p>\n<p><strong><a href=\"https:\/\/iicbratislava.esteri.it\/it\/gli_eventi\/calendario\/giuseppe-catozzella-talianka-literarne\/\">Giuseppe Catozzella: Italiana<\/a><\/strong><br \/>\nincontro letterario<br \/>\n21. 06. o 17:30 h.<br \/>\nKn\u00edhkupectvo Panta Rhei<br \/>\nv NC Aupark, Bratislava<\/p>\n<p><strong>Mercato italiano<\/strong><br \/>\n22. 06. \u2013 02. 07.<br \/>\nHviezdoslavovo n\u00e1mestie<br \/>\nBratislava<\/p>\n<p>Il Festival si svolge sotto il patrocinio del Sindaco di Bratislava Matus Vallo<br \/>\nOrganizzatori: Istituto Italiano di Cultura, Ambasciata d&#8217;Italia, Camera di commecio italo-slovacca<br \/>\nPer maggiori infomazioni: <a href=\"https:\/\/www.dolcevitaj.eu\/it\">www. dolcevitaj.eu<\/a><\/p>\n","protected":false},"excerpt":{"rendered":"&nbsp; Programma della XVI edizione del Festival Italiano in Slovacchia Mimmo Rotella mostra d&#8217;arte 20. 04. \u2013 18. 09. Castello di Bratislava, terzo piano Paolo Masi 19. 05. \u2013 09. 09. Galleria Civica di Zilina Cinevitaj: Letteratura nel cinema 23. 05. &#8211; 20. 06. Kino Lumi\u00e8re v SNG Bratislava;\u00a0 FK v M\u00fazeu SNP, Bansk\u00e1 Bystrica; [&hellip;]","protected":false},"author":6,"featured_media":0,"parent":178,"menu_order":0,"comment_status":"closed","ping_status":"closed","template":"","meta":{"footnotes":""},"class_list":["post-276","page","type-page","status-publish","hentry"],"_links":{"self":[{"href":"https:\/\/iicbratislava.esteri.it\/it\/wp-json\/wp\/v2\/pages\/276","targetHints":{"allow":["GET"]}}],"collection":[{"href":"https:\/\/iicbratislava.esteri.it\/it\/wp-json\/wp\/v2\/pages"}],"about":[{"href":"https:\/\/iicbratislava.esteri.it\/it\/wp-json\/wp\/v2\/types\/page"}],"author":[{"embeddable":true,"href":"https:\/\/iicbratislava.esteri.it\/it\/wp-json\/wp\/v2\/users\/6"}],"replies":[{"embeddable":true,"href":"https:\/\/iicbratislava.esteri.it\/it\/wp-json\/wp\/v2\/comments?post=276"}],"version-history":[{"count":3,"href":"https:\/\/iicbratislava.esteri.it\/it\/wp-json\/wp\/v2\/pages\/276\/revisions"}],"predecessor-version":[{"id":12466,"href":"https:\/\/iicbratislava.esteri.it\/it\/wp-json\/wp\/v2\/pages\/276\/revisions\/12466"}],"up":[{"embeddable":true,"href":"https:\/\/iicbratislava.esteri.it\/it\/wp-json\/wp\/v2\/pages\/178"}],"wp:attachment":[{"href":"https:\/\/iicbratislava.esteri.it\/it\/wp-json\/wp\/v2\/media?parent=276"}],"curies":[{"name":"wp","href":"https:\/\/api.w.org\/{rel}","templated":true}]}}