{"id":19650,"date":"2026-03-11T17:18:57","date_gmt":"2026-03-11T16:18:57","guid":{"rendered":"https:\/\/iicbratislava.esteri.it\/?page_id=19650"},"modified":"2026-03-12T15:27:12","modified_gmt":"2026-03-12T14:27:12","slug":"visconti-rassegna-dei-film","status":"publish","type":"page","link":"https:\/\/iicbratislava.esteri.it\/it\/gli_eventi\/archivio-eventi\/visconti-rassegna-dei-film\/","title":{"rendered":"Visconti &#8211; rassegna dei film"},"content":{"rendered":"<p><img loading=\"lazy\" decoding=\"async\" class=\"alignnone size-full wp-image-19576 img-fluid\" src=\"https:\/\/iicbratislava.esteri.it\/wp-content\/uploads\/2026\/02\/WEB_TKI.jpg\" alt=\"\" width=\"1920\" height=\"600\" srcset=\"https:\/\/iicbratislava.esteri.it\/wp-content\/uploads\/2026\/02\/WEB_TKI.jpg 1920w, https:\/\/iicbratislava.esteri.it\/wp-content\/uploads\/2026\/02\/WEB_TKI-300x94.jpg 300w, https:\/\/iicbratislava.esteri.it\/wp-content\/uploads\/2026\/02\/WEB_TKI-1024x320.jpg 1024w, https:\/\/iicbratislava.esteri.it\/wp-content\/uploads\/2026\/02\/WEB_TKI-768x240.jpg 768w\" sizes=\"auto, (max-width: 1920px) 100vw, 1920px\" \/>3. 3. &#8211; 19. 5. 2026 o 18:00<\/p>\n<p>Kino Lumiere, \u0160pit\u00e1lska 2, Bratislava<\/p>\n<p>Il Filmov\u00fd kabinet \u00e8 un ciclo educativo organizzato dallo Slovensk\u00fd filmov\u00fd \u00fastav, curato regolarmente dagli storici del cinema Doc. Mgr. Katar\u00edna Mi\u0161\u00edkov\u00e1, PhD. e Mgr. Juraj Oni\u0161\u010denko, PhD.\u00a0Il semestre attuale \u00e8 dedicato alla leggenda del cinema italiano Luchino Visconti, regista e sceneggiatore, in occasione del 120\u00b0 anniversario della nascita e del 50\u00b0 anniversario della sua scomparsa.\u00a0L\u2019Istituto Italiano di Cultura di Bratislava \u00e8 co-organizzatore dell\u2019iniziativa.<\/p>\n<h2>Visconti &#8211;\u00a0 il classico<\/h2>\n<p>Luchino Visconti fu un autore cinematografico di paradossi: aristocratico e marxista, realista ed esteta, analitico della storia e anche poeta della fine della storia. La sua opera \u00e8 divenuta parte permanente del canone del cinema europeo e, allo stesso tempo, un dialogo sensibile con le tradizioni delle arti visive, della letteratura, della musica e del teatro.\u00a0Fu una delle figure chiave del Neorealismo italiano, radicato nella realt\u00e0 sociale e nel forte legame tra l\u2019uomo e il suo ambiente. In seguito rivolse la propria attenzione alla riflessione cinematografica sulle svolte storiche dei secoli XIX e XX, che indag\u00f2 sempre attraverso il prisma dei destini individuali.<\/p>\n<p>I film di Visconti sono accomunati dalla fascinazione per le fonti letterarie, la mitologia antica e la monumentalit\u00e0 dell\u2019Opera. Come cronista della <em>belle \u00e9poque<\/em>, seppe cogliere il tramonto di un mondo antico con le sue differenze di classe, la sua cultura e il suo spirito del tempo \u2014 con la nobilt\u00e0, la malinconia e la precisione di un classico.<\/p>\n<p>La retrospettiva offre l\u2019opportunit\u00e0 di osservare con lo sguardo di oggi come Visconti abbia tratto ispirazione per il neorealismo dalle immagini della realt\u00e0, come abbia interpretato la storia dei secoli XIX e XX, come sia riuscito a tradurre la letteratura in linguaggio cinematografico e come abbia impresso ai suoi film un ritmo e una magnificenza operistica.<\/p>\n<p><strong>Visconti e il neorealismo<\/strong><\/p>\n<p>Il Neorealismo italiano fu un movimento che si oppose alla mostruosit\u00e0 della propaganda di Benito Mussolini con le immagini della realt\u00e0. Con il suo film Ossessione, Luchino Visconti ne divenne uno dei pionieri. Nello sguardo quasi paradocumentaristico sulla vita dei pescatori siciliani in La terra trema, cos\u00ec come nel dramma familiare Rocco e i suoi fratelli, offr\u00ec una propria interpretazione dei principi neorealisti. Un\u00ec la realt\u00e0 sociale al nucleo archetipico della storia, elevandola con lo sguardo magistrale di un classico. Nel racconto ambientato dietro le quinte dell\u2019industria cinematografica, Bellissima, esplora invece la psicologia e la dignit\u00e0 dell\u2019individuo nel meccanismo dei processi sociali.<\/p>\n<ul>\n<li><strong>3 marzo 2026 | marted\u00ec | 18:00<br \/>\n<\/strong><a href=\"https:\/\/www.kino-lumiere.sk\/klient-863\/kino-241\/stranka-8409\/film-824541\">Bellissima<\/a><br \/>\nLuchino Visconti, Taliansko, Italia 1951, 114&#8242;<\/li>\n<li><strong>10 marzo 2026 | marted\u00ec | 18:00<br \/>\n<\/strong><a href=\"https:\/\/www.kino-lumiere.sk\/klient-863\/kino-241\/stranka-8409\/film-824549\">Rocco e i suoi fratelli<\/a><br \/>\nLuchino Visconti, Italia, 1960, 170&#8242;<\/li>\n<\/ul>\n<p><strong>Visconti e la storia<\/strong><\/p>\n<p>L\u2019origine aristocratica di Luchino Visconti ha profondamente influenzato il suo sguardo sulla storia. Nei film ritorna spesso ai momenti in cui il vecchio mondo si dissolve e ne nasce uno nuovo. Il tramonto dell\u2019aristocrazia, le illusioni della rivoluzione e il declino morale della societ\u00e0 sono rappresentati con lucidit\u00e0 critica. Nel film Senso il tradimento personale si intreccia con quello politico. Il monumentale Il Gattopardo racconta la fine dell\u2019era aristocratica nel periodo dell\u2019unificazione dell\u2019Italia. Nell\u2019affresco storico Ludwig seguiamo le vicende di un sovrano solitario nel cuore di una monarchia in disfacimento. Un capitolo oscuro del XX secolo \u00e8 esplorato nei film Vaghe stelle dell\u2019Orsa e La caduta degli dei, dove i drammi personali si intrecciano con l\u2019ascesa della totalit\u00e0.<\/p>\n<ul>\n<li><strong>24 marzo 2026 | marted\u00ec| 18:00<br \/>\n<\/strong><a href=\"https:\/\/www.kino-lumiere.sk\/klient-863\/kino-241\/stranka-8409\/film-824553\">Il Gattopardo<\/a><br \/>\nLuchino Visconti, Italia, 1963, 185&#8242;<\/li>\n<li><strong>31 marzo 2026 | marted\u00ec| 18:00<br \/>\n<\/strong><a href=\"https:\/\/www.kino-lumiere.sk\/klient-863\/kino-241\/stranka-8409\/film-824561\">Ludwig<\/a><br \/>\nLuchino Visconti, Italia, 1973, 238&#8242;<\/li>\n<li><strong>7 aprile 2026 | marted\u00ec| 18:00<br \/>\n<\/strong><a href=\"https:\/\/www.kino-lumiere.sk\/klient-863\/kino-241\/stranka-8409\/film-824557\"> Vaghe stelle dell\u2019Orsa<\/a><br \/>\nLuchino Visconti, Italia, 1965, 105&#8242;<\/li>\n<\/ul>\n<p><strong>Visconti e la letteratura<\/strong><\/p>\n<p>La letteratura fu per Luchino Visconti una fonte d\u2019ispirazione permanente. Attinse alle opere di James M. Cain, Giovanni Verga, Fyodor Dostoevsky, Albert Camus, Giuseppe Tomasi di Lampedusa, Thomas Mann e Gabriele D&#8217;Annunzio, superando sempre il quadro di una semplice trasposizione cinematografica. Seppe infatti trasmettere lo spirito e i temi interiori delle opere originali, cercando al contempo il loro rapporto con la realt\u00e0 sociale. Per questo i suoi lavori instaurano con la letteratura un dialogo paritario.\u00a0In Lo straniero trasfer\u00ec l\u2019introspezione esistenziale di Camus nel linguaggio visivo del cinema; in Morte a Venezia arricch\u00ec invece la vicenda con il contesto filosofico e culturale dell\u2019opera di Mann.<\/p>\n<ul>\n<li><strong>21 aprile 2026 | marted\u00ec| 18:00<br \/>\n<\/strong><a href=\"https:\/\/www.kino-lumiere.sk\/klient-863\/kino-241\/stranka-8409\/film-824537\">Lo straniero<\/a><br \/>\nLuchino Visconti, Italia, 1967, 104&#8242;<\/li>\n<li><strong>5. m\u00e1ja 2026 | marted\u00ec| 18:00\u00a0<\/strong><br \/>\n<a href=\"https:\/\/www.kino-lumiere.sk\/klient-863\/kino-241\/stranka-8409\/film-500418\">Morte a Venezia<\/a><br \/>\nLuchino Visconti, Italia, 1971, 124&#8242;<\/li>\n<\/ul>\n<p><strong>Visconti e l\u2019Opera<\/strong><\/p>\n<p>Quando il regime fascista viet\u00f2 il suo debutto Ossessione, Luchino Visconti si rivolse al teatro e all\u2019Opera. Lavor\u00f2 come regista al celebre Teatro alla Scala di Milano, e proprio questa esperienza influenz\u00f2 profondamente il suo stile cinematografico.\u00a0I suoi film presentano spesso una dimensione operistica: grandi emozioni, conflitti fatali, una forte presenza della musica e un\u2019attenzione particolare alla monumentalit\u00e0 visiva. L\u2019Opera appare direttamente nei film Senso e Ludwig (con il personaggio del compositore Richard Wagner), ma il suo spirito attraversa tutta la filmografia viscontiana \u2014 forse nel modo pi\u00f9 evidente nel travolgente La caduta degli dei.<\/p>\n<ul>\n<li><strong>12 maggio 2026 | marted\u00ec| 18:00<br \/>\n<\/strong><a href=\"https:\/\/www.kino-lumiere.sk\/klient-863\/kino-241\/stranka-8409\/film-824545\">Senso<\/a><br \/>\nLuchino Visconti, Italia, 1954, 115&#8242;<\/li>\n<li><strong>19 maggio 2026 | marted\u00ec| 18:00<br \/>\n<\/strong><a href=\"https:\/\/www.kino-lumiere.sk\/klient-863\/kino-241\/stranka-8409\/film-209110\">S\u00fam La caduta degli dei<\/a><br \/>\nLuchino Visconti, Italia, 1969, 155&#8242;<\/li>\n<\/ul>\n<p><strong>\u00a0<\/strong><\/p>\n<p>&nbsp;<\/p>\n","protected":false},"excerpt":{"rendered":"3. 3. &#8211; 19. 5. 2026 o 18:00 Kino Lumiere, \u0160pit\u00e1lska 2, Bratislava Il Filmov\u00fd kabinet \u00e8 un ciclo educativo organizzato dallo Slovensk\u00fd filmov\u00fd \u00fastav, curato regolarmente dagli storici del cinema Doc. Mgr. Katar\u00edna Mi\u0161\u00edkov\u00e1, PhD. e Mgr. Juraj Oni\u0161\u010denko, PhD.\u00a0Il semestre attuale \u00e8 dedicato alla leggenda del cinema italiano Luchino Visconti, regista e sceneggiatore, [&hellip;]","protected":false},"author":6,"featured_media":0,"parent":12307,"menu_order":0,"comment_status":"closed","ping_status":"closed","template":"","meta":{"footnotes":""},"class_list":["post-19650","page","type-page","status-publish","hentry"],"_links":{"self":[{"href":"https:\/\/iicbratislava.esteri.it\/it\/wp-json\/wp\/v2\/pages\/19650","targetHints":{"allow":["GET"]}}],"collection":[{"href":"https:\/\/iicbratislava.esteri.it\/it\/wp-json\/wp\/v2\/pages"}],"about":[{"href":"https:\/\/iicbratislava.esteri.it\/it\/wp-json\/wp\/v2\/types\/page"}],"author":[{"embeddable":true,"href":"https:\/\/iicbratislava.esteri.it\/it\/wp-json\/wp\/v2\/users\/6"}],"replies":[{"embeddable":true,"href":"https:\/\/iicbratislava.esteri.it\/it\/wp-json\/wp\/v2\/comments?post=19650"}],"version-history":[{"count":4,"href":"https:\/\/iicbratislava.esteri.it\/it\/wp-json\/wp\/v2\/pages\/19650\/revisions"}],"predecessor-version":[{"id":19671,"href":"https:\/\/iicbratislava.esteri.it\/it\/wp-json\/wp\/v2\/pages\/19650\/revisions\/19671"}],"up":[{"embeddable":true,"href":"https:\/\/iicbratislava.esteri.it\/it\/wp-json\/wp\/v2\/pages\/12307"}],"wp:attachment":[{"href":"https:\/\/iicbratislava.esteri.it\/it\/wp-json\/wp\/v2\/media?parent=19650"}],"curies":[{"name":"wp","href":"https:\/\/api.w.org\/{rel}","templated":true}]}}