{"id":18392,"date":"2025-10-31T10:01:00","date_gmt":"2025-10-31T09:01:00","guid":{"rendered":"https:\/\/iicbratislava.esteri.it\/?page_id=18392"},"modified":"2025-11-14T16:20:10","modified_gmt":"2025-11-14T15:20:10","slug":"mittelcinemafest-2025","status":"publish","type":"page","link":"https:\/\/iicbratislava.esteri.it\/it\/gli_eventi\/archivio-eventi\/mittelcinemafest-2025\/","title":{"rendered":"MittelCinemaFest 2025"},"content":{"rendered":"<p><img loading=\"lazy\" decoding=\"async\" class=\"alignnone wp-image-17971 img-fluid\" src=\"https:\/\/iicbratislava.esteri.it\/wp-content\/uploads\/2025\/10\/IIC-MCF-2025_FBeventbanner.jpg\" alt=\"\" width=\"787\" height=\"412\" srcset=\"https:\/\/iicbratislava.esteri.it\/wp-content\/uploads\/2025\/10\/IIC-MCF-2025_FBeventbanner.jpg 1920w, https:\/\/iicbratislava.esteri.it\/wp-content\/uploads\/2025\/10\/IIC-MCF-2025_FBeventbanner-300x157.jpg 300w, https:\/\/iicbratislava.esteri.it\/wp-content\/uploads\/2025\/10\/IIC-MCF-2025_FBeventbanner-1024x536.jpg 1024w, https:\/\/iicbratislava.esteri.it\/wp-content\/uploads\/2025\/10\/IIC-MCF-2025_FBeventbanner-768x402.jpg 768w\" sizes=\"auto, (max-width: 787px) 100vw, 787px\" \/><\/p>\n<p>&nbsp;<\/p>\n<h3><strong>23 festival centroeuropeo del cinema italiano<\/strong><br \/>\n<strong>Kino Lumi\u00e8re, via \u0160pit\u00e1lska n.4, Bratislava<\/strong><\/h3>\n<p>Il 23\u00b0 festival centroeuropeo del cinema italiano MittelCinemaFest presenta anche questo anno le ultime novit\u00e0 cinematografiche, le nuove tendenze del cinema italiano, un&#8217;ampia gamma di film, sia di registi affermati che di promettenti esordienti che hanno ben impressionato le giurie di prestigiosi festival e conquistato il favore del pubblico. I nostri spettatori potranno ammirare le ultime opere dei registi Mario Martone (Fuori), Gianfranco Rosi (Sotto le nuvole) e Paolo Sorrentino, il cui ultimo film (La grazia) sar\u00e0 presentato in anteprima esclusiva per la Slovacchia, prima della distribuzione su tutto il territorio.<\/p>\n<p>Le giovani registe Laura Samani e Margherita Spampinato propongono due pellicole &#8220;sui giovani per i giovani&#8221; (Gioia mia e Un anno di scuola), ci sar\u00e0 uno spaghetti western (Testa o croce?) dei registi Alessio Rigo de Righi e Matteo Zoppis, e le affascinanti storie tratte dalla vita di due donne italiane famose: l&#8217;attrice Eleonora Duse (Duse) e la scrittrice e attrice Goliarda Sapienza (Fuori). La rassegna si conclude con un film particolarmente atteso: l&#8217;adattamento dell&#8217;ultimo romanzo della scrittrice Michela Murgia (Tre ciotole).<\/p>\n<p><a href=\"https:\/\/iicbratislava.esteri.it\/wp-content\/uploads\/2025\/11\/IIC_MCF2025_Bratislava_catalogo.pdf\"><strong>catalogo<\/strong><\/a><\/p>\n<p><strong>27. 11.<br \/>\n<span style=\"text-decoration: underline;\">18:00<\/span> <a href=\"https:\/\/iicbratislava.esteri.it\/it\/gli_eventi\/calendario\/mittelcinemafest-2025-la-grazia-r-p-sorrentino\/\">La Grazia<\/a> |<\/strong> r. P. Sorrentino | 2025 | IT | 131&#8242; | *it\/cz<br \/>\n<strong><span style=\"text-decoration: underline;\">20:30<\/span> <a href=\"https:\/\/iicbratislava.esteri.it\/it\/gli_eventi\/calendario\/mittelcinemafest-2025-un-anno-di-scuola-r-l-samani\/\">\u0160kolsk\u00fd rok <\/a><\/strong>| <a href=\"https:\/\/iicbratislava.esteri.it\/it\/gli_eventi\/calendario\/mittelcinemafest-2025-un-anno-di-scuola-r-l-samani\/\">Un anno di scuola<\/a> | r. L. Samani | 2025 | IT, F | 90&#8242; | *it\/eng\/sk<\/p>\n<p><strong>28. 11.<br \/>\n<span style=\"text-decoration: underline;\">18:10<\/span> <a href=\"https:\/\/iicbratislava.esteri.it\/it\/gli_eventi\/calendario\/mittelcinemafest-2025-gioia-mia-r-m-spampinato\/\">Srdie\u010dko moje<\/a><\/strong> | <a href=\"https:\/\/iicbratislava.esteri.it\/it\/gli_eventi\/calendario\/mittelcinemafest-2025-gioia-mia-r-m-spampinato\/\">Gioia mia<\/a> | r. M. Spampinato | 2025 | IT | 90&#8242; | *it\/eng\/sk<br \/>\n<strong><span style=\"text-decoration: underline;\">20:00<\/span>\u00a0<a href=\"https:\/\/iicbratislava.esteri.it\/it\/gli_eventi\/calendario\/mittelcinemafest-2025-duse-r-p-marcello\/\">Eleonora Duse<\/a><\/strong> | <a href=\"https:\/\/iicbratislava.esteri.it\/it\/gli_eventi\/calendario\/mittelcinemafest-2025-duse-r-p-marcello\/\">Duse<\/a> | r. P. Marcello | 2025 | IT, F | 122&#8242; | *it\/eng\/sk<\/p>\n<p><strong>29. 11.<br \/>\n<span style=\"text-decoration: underline;\">17:30<\/span>\u00a0<a href=\"https:\/\/iicbratislava.esteri.it\/it\/gli_eventi\/calendario\/mittelcinemafest-2025-tre-ciotole-r-i-coixet\/\">Tri misky<\/a><\/strong> | <a href=\"https:\/\/iicbratislava.esteri.it\/it\/gli_eventi\/calendario\/mittelcinemafest-2025-tre-ciotole-r-i-coixet\/\">Tre ciotole<\/a> | r. I. Coixet | 2025 | IT, E | 120&#8242; | *it\/eng\/sk<br \/>\n<strong><span style=\"text-decoration: underline;\">20:00<\/span> <a href=\"https:\/\/iicbratislava.esteri.it\/it\/gli_eventi\/calendario\/mittelcinemafest-2025-sotto-le-nuvole-r-g-rosi\/\">Pod oblakmi<\/a><\/strong> | <a href=\"https:\/\/iicbratislava.esteri.it\/it\/gli_eventi\/calendario\/mittelcinemafest-2025-sotto-le-nuvole-r-g-rosi\/\">Sotto le nuvole<\/a> | r. G. Rosi | 2024 | IT | 114&#8242; | b\/n &#8211; \u010d\/b | *it\/eng\/sk<\/p>\n<p><strong>30. 11.<br \/>\n<span style=\"text-decoration: underline;\">17:30<\/span>\u00a0<a href=\"https:\/\/iicbratislava.esteri.it\/it\/gli_eventi\/calendario\/mittelcinemafest-2025-fuori-r-m-martone\/\">Vonku<\/a><\/strong> | <a href=\"https:\/\/iicbratislava.esteri.it\/it\/gli_eventi\/calendario\/mittelcinemafest-2025-fuori-r-m-martone\/\">Fuori<\/a> | r. M. Martone | 2025 | IT, F | 117&#8242; | *it\/eng\/sk<br \/>\n<strong><span style=\"text-decoration: underline;\">20:00<\/span>\u00a0<a href=\"https:\/\/iicbratislava.esteri.it\/it\/gli_eventi\/calendario\/mittelcinemafest-2025-testa-o-croce-r-a-rigo-de-righi-m-zoppis\/\">Panna alebo orol?<\/a><\/strong> | <a href=\"https:\/\/iicbratislava.esteri.it\/it\/gli_eventi\/calendario\/mittelcinemafest-2025-testa-o-croce-r-a-rigo-de-righi-m-zoppis\/\">Testa o croce?<\/a> | r. A. Rigo de Righi, M. Zoppis | 2024 | IT, USA | 116&#8242; | *it\/eng\/sk<\/p>\n","protected":false},"excerpt":{"rendered":"&nbsp; 23 festival centroeuropeo del cinema italiano Kino Lumi\u00e8re, via \u0160pit\u00e1lska n.4, Bratislava Il 23\u00b0 festival centroeuropeo del cinema italiano MittelCinemaFest presenta anche questo anno le ultime novit\u00e0 cinematografiche, le nuove tendenze del cinema italiano, un&#8217;ampia gamma di film, sia di registi affermati che di promettenti esordienti che hanno ben impressionato le giurie di prestigiosi [&hellip;]","protected":false},"author":4,"featured_media":0,"parent":12307,"menu_order":0,"comment_status":"closed","ping_status":"closed","template":"","meta":{"footnotes":""},"class_list":["post-18392","page","type-page","status-publish","hentry"],"_links":{"self":[{"href":"https:\/\/iicbratislava.esteri.it\/it\/wp-json\/wp\/v2\/pages\/18392","targetHints":{"allow":["GET"]}}],"collection":[{"href":"https:\/\/iicbratislava.esteri.it\/it\/wp-json\/wp\/v2\/pages"}],"about":[{"href":"https:\/\/iicbratislava.esteri.it\/it\/wp-json\/wp\/v2\/types\/page"}],"author":[{"embeddable":true,"href":"https:\/\/iicbratislava.esteri.it\/it\/wp-json\/wp\/v2\/users\/4"}],"replies":[{"embeddable":true,"href":"https:\/\/iicbratislava.esteri.it\/it\/wp-json\/wp\/v2\/comments?post=18392"}],"version-history":[{"count":4,"href":"https:\/\/iicbratislava.esteri.it\/it\/wp-json\/wp\/v2\/pages\/18392\/revisions"}],"predecessor-version":[{"id":18619,"href":"https:\/\/iicbratislava.esteri.it\/it\/wp-json\/wp\/v2\/pages\/18392\/revisions\/18619"}],"up":[{"embeddable":true,"href":"https:\/\/iicbratislava.esteri.it\/it\/wp-json\/wp\/v2\/pages\/12307"}],"wp:attachment":[{"href":"https:\/\/iicbratislava.esteri.it\/it\/wp-json\/wp\/v2\/media?parent=18392"}],"curies":[{"name":"wp","href":"https:\/\/api.w.org\/{rel}","templated":true}]}}