{"id":16,"date":"2023-04-03T20:30:34","date_gmt":"2023-04-03T18:30:34","guid":{"rendered":"https:\/\/istitutobuenosaires.esteri.it\/?page_id=16"},"modified":"2025-12-31T13:03:22","modified_gmt":"2025-12-31T12:03:22","slug":"lingua-e-cultura","status":"publish","type":"page","link":"https:\/\/iicbratislava.esteri.it\/it\/lingua-e-cultura\/","title":{"rendered":"Lingua e Cultura"},"content":{"rendered":"<p><strong>Perch\u00e9 l&#8217;italiano?<\/strong><\/p>\n<p>\u2665 L&#8217;italiano \u00e8 parlato nel mondo da oltre 200 milioni di persone \u2665 L&#8217;italiano \u00e8 anche la lingua di alcune comunit\u00e0 scientifiche e artistiche \u2665 L&#8217;Italia \u00e8 tra i primi partner commerciali della Slovacchia \u2665 &#8230;ma l&#8217;italiano non \u00e8 solo una lingua per finalit\u00e0 pratiche: \u00e8 anche &#8211; anzi, soprattutto! &#8211; una lingua per la vita: con l&#8217;italiano potrete rendere pi\u00f9 varie le vostre vacanze, godere ancor di pi\u00f9 le vostre serate all&#8217;Opera, leggere la nostra letteratura in originale! \u2665 \u2026e potrete, soprattutto, comunicare nella maniera pi\u00f9 diretta, divertente, intensa con i vostri amici e le vostre amiche italiani!<\/p>\n<p><strong>E perch\u00e9 apprendere l&#8217;italiano da noi?<\/strong><\/p>\n<p><img loading=\"lazy\" decoding=\"async\" class=\"alignnone wp-image-17115 img-fluid\" src=\"https:\/\/iicbratislava.esteri.it\/wp-content\/uploads\/2025\/09\/1-300x200.png\" alt=\"\" width=\"400\" height=\"267\" srcset=\"https:\/\/iicbratislava.esteri.it\/wp-content\/uploads\/2025\/09\/1-300x200.png 300w, https:\/\/iicbratislava.esteri.it\/wp-content\/uploads\/2025\/09\/1.png 650w\" sizes=\"auto, (max-width: 400px) 100vw, 400px\" \/><img loading=\"lazy\" decoding=\"async\" class=\"alignnone wp-image-17116 img-fluid\" src=\"https:\/\/iicbratislava.esteri.it\/wp-content\/uploads\/2025\/09\/3-300x200.png\" alt=\"\" width=\"401\" height=\"267\" srcset=\"https:\/\/iicbratislava.esteri.it\/wp-content\/uploads\/2025\/09\/3-300x200.png 300w, https:\/\/iicbratislava.esteri.it\/wp-content\/uploads\/2025\/09\/3.png 650w\" sizes=\"auto, (max-width: 401px) 100vw, 401px\" \/><img loading=\"lazy\" decoding=\"async\" class=\"img-fluid alignnone wp-image-18586 \" src=\"https:\/\/iicbratislava.esteri.it\/wp-content\/uploads\/2025\/11\/DIVERSITA-DEI-CORSI-DI-ITALIANO-Ti-insegneremo-non-soltanto-a-scrivere-leggere-e-capire-litaliano-ma-soprattutto-a-non-avere-paura-di-parlare.-Si-davvero-2-300x206.png\" alt=\"\" width=\"419\" height=\"287\" srcset=\"https:\/\/iicbratislava.esteri.it\/wp-content\/uploads\/2025\/11\/DIVERSITA-DEI-CORSI-DI-ITALIANO-Ti-insegneremo-non-soltanto-a-scrivere-leggere-e-capire-litaliano-ma-soprattutto-a-non-avere-paura-di-parlare.-Si-davvero-2-300x206.png 300w, https:\/\/iicbratislava.esteri.it\/wp-content\/uploads\/2025\/11\/DIVERSITA-DEI-CORSI-DI-ITALIANO-Ti-insegneremo-non-soltanto-a-scrivere-leggere-e-capire-litaliano-ma-soprattutto-a-non-avere-paura-di-parlare.-Si-davvero-2.png 631w\" sizes=\"auto, (max-width: 419px) 100vw, 419px\" \/><img loading=\"lazy\" decoding=\"async\" class=\"alignnone wp-image-17131 img-fluid\" src=\"https:\/\/iicbratislava.esteri.it\/wp-content\/uploads\/2025\/09\/5-300x200.png\" alt=\"\" width=\"399\" height=\"266\" srcset=\"https:\/\/iicbratislava.esteri.it\/wp-content\/uploads\/2025\/09\/5-300x200.png 300w, https:\/\/iicbratislava.esteri.it\/wp-content\/uploads\/2025\/09\/5.png 650w\" sizes=\"auto, (max-width: 399px) 100vw, 399px\" \/><img loading=\"lazy\" decoding=\"async\" class=\"alignnone wp-image-17132 img-fluid\" src=\"https:\/\/iicbratislava.esteri.it\/wp-content\/uploads\/2025\/09\/11-300x200.png\" alt=\"\" width=\"399\" height=\"266\" srcset=\"https:\/\/iicbratislava.esteri.it\/wp-content\/uploads\/2025\/09\/11-300x200.png 300w, https:\/\/iicbratislava.esteri.it\/wp-content\/uploads\/2025\/09\/11.png 650w\" sizes=\"auto, (max-width: 399px) 100vw, 399px\" \/><img loading=\"lazy\" decoding=\"async\" class=\"alignnone wp-image-17135 img-fluid\" src=\"https:\/\/iicbratislava.esteri.it\/wp-content\/uploads\/2025\/09\/9-300x200.png\" alt=\"\" width=\"399\" height=\"266\" srcset=\"https:\/\/iicbratislava.esteri.it\/wp-content\/uploads\/2025\/09\/9-300x200.png 300w, https:\/\/iicbratislava.esteri.it\/wp-content\/uploads\/2025\/09\/9.png 650w\" sizes=\"auto, (max-width: 399px) 100vw, 399px\" \/><\/p>\n<p><a href=\"https:\/\/iicbratislava.esteri.it\/wp-content\/uploads\/2025\/12\/ponuka-kurzov-2026_1.pdf\" target=\"_blank\" rel=\"noopener\"><img loading=\"lazy\" decoding=\"async\" class=\"alignnone wp-image-17108 img-fluid\" src=\"https:\/\/iicbratislava.esteri.it\/wp-content\/uploads\/2025\/09\/Vstupny-test-11.png\" alt=\"\" width=\"262\" height=\"65\" srcset=\"https:\/\/iicbratislava.esteri.it\/wp-content\/uploads\/2025\/09\/Vstupny-test-11.png 718w, https:\/\/iicbratislava.esteri.it\/wp-content\/uploads\/2025\/09\/Vstupny-test-11-300x74.png 300w\" sizes=\"auto, (max-width: 262px) 100vw, 262px\" \/><\/a><a href=\"https:\/\/docs.google.com\/forms\/d\/e\/1FAIpQLScKiVJvY3Jv5_CghKwOxKmsLHwpC7PjS49-3-ZhWSXQz28qng\/viewform\" target=\"_blank\" rel=\"noopener\"><img loading=\"lazy\" decoding=\"async\" class=\"alignnone wp-image-17107 img-fluid\" src=\"https:\/\/iicbratislava.esteri.it\/wp-content\/uploads\/2025\/09\/Vstupny-test-9.png\" alt=\"\" width=\"276\" height=\"65\" srcset=\"https:\/\/iicbratislava.esteri.it\/wp-content\/uploads\/2025\/09\/Vstupny-test-9.png 757w, https:\/\/iicbratislava.esteri.it\/wp-content\/uploads\/2025\/09\/Vstupny-test-9-300x71.png 300w\" sizes=\"auto, (max-width: 276px) 100vw, 276px\" \/><\/a><a href=\"https:\/\/docs.google.com\/forms\/d\/e\/1FAIpQLSeh_nJPfXbx1Ba3xmIHTaTIjdruzQnui0tWb6sqPOW4CXRq6w\/viewform\" target=\"_blank\" rel=\"noopener\"><img loading=\"lazy\" decoding=\"async\" class=\"alignnone wp-image-17105 img-fluid\" src=\"https:\/\/iicbratislava.esteri.it\/wp-content\/uploads\/2025\/09\/Vstupny-test-6.png\" alt=\"\" width=\"262\" height=\"65\" srcset=\"https:\/\/iicbratislava.esteri.it\/wp-content\/uploads\/2025\/09\/Vstupny-test-6.png 718w, https:\/\/iicbratislava.esteri.it\/wp-content\/uploads\/2025\/09\/Vstupny-test-6-300x74.png 300w\" sizes=\"auto, (max-width: 262px) 100vw, 262px\" \/><\/a><\/p>\n","protected":false},"excerpt":{"rendered":"Perch\u00e9 l&#8217;italiano? \u2665 L&#8217;italiano \u00e8 parlato nel mondo da oltre 200 milioni di persone \u2665 L&#8217;italiano \u00e8 anche la lingua di alcune comunit\u00e0 scientifiche e artistiche \u2665 L&#8217;Italia \u00e8 tra i primi partner commerciali della Slovacchia \u2665 &#8230;ma l&#8217;italiano non \u00e8 solo una lingua per finalit\u00e0 pratiche: \u00e8 anche &#8211; anzi, soprattutto! &#8211; una lingua [&hellip;]","protected":false},"author":1,"featured_media":0,"parent":0,"menu_order":4,"comment_status":"closed","ping_status":"closed","template":"","meta":{"footnotes":""},"class_list":["post-16","page","type-page","status-publish","hentry"],"_links":{"self":[{"href":"https:\/\/iicbratislava.esteri.it\/it\/wp-json\/wp\/v2\/pages\/16","targetHints":{"allow":["GET"]}}],"collection":[{"href":"https:\/\/iicbratislava.esteri.it\/it\/wp-json\/wp\/v2\/pages"}],"about":[{"href":"https:\/\/iicbratislava.esteri.it\/it\/wp-json\/wp\/v2\/types\/page"}],"author":[{"embeddable":true,"href":"https:\/\/iicbratislava.esteri.it\/it\/wp-json\/wp\/v2\/users\/1"}],"replies":[{"embeddable":true,"href":"https:\/\/iicbratislava.esteri.it\/it\/wp-json\/wp\/v2\/comments?post=16"}],"version-history":[{"count":6,"href":"https:\/\/iicbratislava.esteri.it\/it\/wp-json\/wp\/v2\/pages\/16\/revisions"}],"predecessor-version":[{"id":18952,"href":"https:\/\/iicbratislava.esteri.it\/it\/wp-json\/wp\/v2\/pages\/16\/revisions\/18952"}],"wp:attachment":[{"href":"https:\/\/iicbratislava.esteri.it\/it\/wp-json\/wp\/v2\/media?parent=16"}],"curies":[{"name":"wp","href":"https:\/\/api.w.org\/{rel}","templated":true}]}}