{"id":15831,"date":"2025-04-14T15:44:10","date_gmt":"2025-04-14T13:44:10","guid":{"rendered":"https:\/\/iicbratislava.esteri.it\/?page_id=15831"},"modified":"2025-05-07T15:30:23","modified_gmt":"2025-05-07T13:30:23","slug":"cinevitaj-2025-ferzan-ozpetek","status":"publish","type":"page","link":"https:\/\/iicbratislava.esteri.it\/it\/gli_eventi\/archivio-eventi\/cinevitaj-2025-ferzan-ozpetek\/","title":{"rendered":"Cinevitaj 2025 &#8211;  Ferzan Ozpetek"},"content":{"rendered":"<p><img loading=\"lazy\" decoding=\"async\" class=\"alignnone size-full wp-image-15647 img-fluid\" src=\"https:\/\/iicbratislava.esteri.it\/wp-content\/uploads\/2025\/04\/IIC_Dolcevitaj_BUS_promo_CINE.jpg\" alt=\"Dolce Viatj - Ferzan Ozpetek\" width=\"1048\" height=\"672\" srcset=\"https:\/\/iicbratislava.esteri.it\/wp-content\/uploads\/2025\/04\/IIC_Dolcevitaj_BUS_promo_CINE.jpg 1048w, https:\/\/iicbratislava.esteri.it\/wp-content\/uploads\/2025\/04\/IIC_Dolcevitaj_BUS_promo_CINE-300x192.jpg 300w, https:\/\/iicbratislava.esteri.it\/wp-content\/uploads\/2025\/04\/IIC_Dolcevitaj_BUS_promo_CINE-1024x657.jpg 1024w, https:\/\/iicbratislava.esteri.it\/wp-content\/uploads\/2025\/04\/IIC_Dolcevitaj_BUS_promo_CINE-768x492.jpg 768w\" sizes=\"auto, (max-width: 1048px) 100vw, 1048px\" \/><\/p>\n<p><strong>Ferzan Ozpetek<\/strong> \u00e8 un regista, sceneggiatore e scrittore italiano di origine turca il cui lavoro esplora i legami familiari, l&#8217;amore, l&#8217;identit\u00e0 di genere, e lo fa con un sapiente mix di dramma e commedia. I suoi film sono caratterizzati da una forte emotivit\u00e0, da uno stile intimo e raffinato e dalla ricerca della perfezione visiva. Al centro dei film di Ozpetek ci sono personaggi <em>queer <\/em>o femminili, spesso parte di famiglie o comunit\u00e0 non convenzionali, dove una tavola imbandita e l&#8217;atmosfera conviviale diventano espressioni esplicite di profonde relazioni interpersonali.<\/p>\n<p><strong>13.5. &#8211; 24.6. 2025<\/strong><br \/>\nKino Lumi\u00e8re, \u0160pit\u00e1lska 4, Bratislava<\/p>\n<p><strong>13. 5. \u00a02025, ore 18.00<\/strong><br \/>\n<a href=\"https:\/\/iicbratislava.esteri.it\/it\/gli_eventi\/calendario\/cinevitaj-le-fate-ignoranti-r-ferzan-ozpetek\/\"><strong>Le fate ignoranti<\/strong><\/a><br \/>\n<i>Italia, 2001, 105 min., <\/i><i>*it\/sk, <\/i><i>con: <\/i><i>Margherita Buy, Stefano Accorsi, Andrea Renzi, Serra Yilmaz, Gabriel Garko, Filippo Nigro e altri<\/i><br \/>\nAntonia, affranta dal dolore per la morte del marito, \u00e8 alla ricerca di una donna misteriosa di nome Mariani. Scopre invece una bizzarra comunit\u00e0 di uomini e donne di origine, orientamento sessuale, et\u00e0 e status sociale incerti. Tra loro trova Michele, con il quale condivide una sorta di tensione e attrazione. \u00c8 chiaro che entrambi hanno amato lo stesso uomo.<\/p>\n<p><strong>20. 5. \u00a02025, ore 18.00<\/strong><br \/>\n<a href=\"https:\/\/iicbratislava.esteri.it\/it\/gli_eventi\/calendario\/cinevitaj-magnifica-presenza-r-ferzan-ozpetek\/\"><strong>Magnifica presenza<\/strong><strong>\u00a0<\/strong><\/a><br \/>\n<i>Italia, 105 min. 2012, *it\/cz, con: <\/i><i>Elio Germano, Margherita Buy, Vittoria Puccini, Giuseppe Fiorello e altri.<\/i><br \/>\nPietro desidera enormemente diventare attore: si trasferisce a Roma, lavora in una pasticceria, vive con il cugino, e infine affitta una casa, di cui per\u00f2, a quanto pare, non \u00e8 l&#8217;unico inquilino. Sar\u00e0 l&#8217;inizio di una incredibile avventura.<\/p>\n<p><strong>27. 5. 2025, ore 18.00<\/strong><br \/>\n<a href=\"https:\/\/iicbratislava.esteri.it\/it\/gli_eventi\/calendario\/cinevitaj-mine-vaganti-r-ferzan-ozpetek\/\"><strong>Mine vaganti<\/strong><\/a><br \/>\n<i>Italia, 2010, 110 min. *it\/cz, <\/i><i>con: Riccardo Scamarcio, Nicole Grimaudo, Alessandro Preziosi, Dario Bandiera, Ennio Fantastichini, Lunetta Savino, Elena Sofia Ricci, Ilaria Occhini e altri.<\/i><br \/>\nIl film di Ozpetek con il maggior successo di pubblico prende le mosse dagli stereotipi che rivelano la nostra incapacit\u00e0 di trascendere le proprie ombre e ipocrisie. Sono molte le aspettative al ritorno di Tommaso dagli studi a Roma in Puglia dove \u00e8 nato. La confessione di Tommaso metter\u00e0 per\u00f2 a dura prova le certezze dei vari membri della sua famiglia.<\/p>\n<p><strong>3. 6. 2025, re18.00<\/strong><br \/>\n<a href=\"https:\/\/iicbratislava.esteri.it\/it\/gli_eventi\/calendario\/cinevitaj-un-giorno-perfetto-r-ferzan-ozpetek\/\"><strong>Un giorno perfetto<\/strong><\/a><br \/>\n<em>Italia, 2008, 95 min. *it\/cz, <\/em><em>con: Isabella Ferrari, Valerio Mastandrea, Valerio Binasco, Monica Guerritore, Angela Finocchiaro, Stefania Sandrelli, Nicole Grimaudo e altri.<\/em><br \/>\nProtagonisti della storia sono i coniugi Emma e Antonio. Dopo un anno di separazione, la brutalit\u00e0 che ha sempre caratterizzato il loro matrimonio, fa prepotentemente ritorno. Questa volta, per\u00f2, le conseguenze saranno tragiche. Basandosi sul libro di Melanie Mazzucco Ozpetek firma una storia d&#8217;amore che non solo unisce, ma soprattutto divide.<\/p>\n<p><strong>10. 6. 2025, ore 18.00<\/strong><br \/>\n<a href=\"https:\/\/iicbratislava.esteri.it\/it\/gli_eventi\/calendario\/cinevitaj-saturno-contro-r-ferzan-ozpetek\/\"><strong>Saturno contro<\/strong><\/a><br \/>\n<em>Italia\/Francia\/Turchia, 2007, 110 min. *it\/cz, <\/em><em>con: Pierfrancesco Favino, Stefano Accorsi, Margherita Buy, Milena Vukotic, Serra Yilmaz, Lunetta Savino, Isabella Ferrari, Luca Argentero, Ennio Fantastichini, Ambra Angiolini e altri.<br \/>\n<\/em>Sotto l&#8217;influenza di improvvisi eventi drammatici una festa di quarantenni e il piacevole ricordo della spensieratezza degli ultimi vent&#8217;anni si trasformano in una lotta in cui bisogna gettare le maschere e ritrovare l&#8217;essenza dell&#8217;amicizia. Ozpetek crea un magistrale ritratto di gruppo, guidando una pletora di attori con mano sensibile e dando alle sue storie una dimensione melodrammatica senza sentimentalismi a buon mercato.<\/p>\n<p><strong>17. 6. 2025, ore 18.00<\/strong><br \/>\n<a href=\"https:\/\/iicbratislava.esteri.it\/it\/gli_eventi\/calendario\/cinevitaj-la-finestra-di-fronte-r-ferzan-ozpetek\/\"><strong>La finestra di fronte<\/strong><\/a><br \/>\n<i>Italia, 2003, 106 min. *it\/cz, <\/i><i>con: Giovanna Mezzogiorno, Raoul Bova, Filippo Nigro, Serra Yilmaz, Massimo Girotti e altri.<\/i><br \/>\nL&#8217;equilibrio della vita quotidiana di Giovanna viene sconvolto quando il marito porta a casa un distinto signore anziano afflitto di perdita di memoria. Nell&#8217;improvvisata sicurezza, l&#8217;anziano recupera i suoi ricordi dell&#8217;autunno del 1943, permettendo alla famiglia di ricostruire il suo misterioso passato.<\/p>\n<p><strong>24. 6. 2025, ore 18.00<\/strong><br \/>\n<a href=\"https:\/\/iicbratislava.esteri.it\/it\/gli_eventi\/calendario\/cinevitaj-diamanti-r-ferzan-ozpetek\/\"><strong>Diamanti<\/strong><strong>\u00a0<\/strong><\/a><br \/>\n<i>Italia, 2024, 135 min. *it\/sk, <\/i><i>con: <\/i><i>Luisa Ranieri, Jasmine Trinca, Stefano Accorsi, Luca Barbarossa, Vinicio Marchioni, Sara Bosi, Loredana Cannata, Geppi Cucciari, Anna Ferzetti, Aurora Giovinazzo, Elena Sofia Ricci, Nicole Grimaudo, Kasia Smutniak, Mara Venier, Milena Mancini. In collaborazione con: Filmtopia\u00a0<\/i><br \/>\nL&#8217;ultimo film di Ozpetek non \u00e8 solo un&#8217;elegante celebrazione dell&#8217;universo femminile, ma anche un omaggio alla tradizione italiana della sartoria, della moda e soprattutto del cinema, raccontate da una prospettiva inaspettata, quella del costume cinematografico.<\/p>\n","protected":false},"excerpt":{"rendered":"Ferzan Ozpetek \u00e8 un regista, sceneggiatore e scrittore italiano di origine turca il cui lavoro esplora i legami familiari, l&#8217;amore, l&#8217;identit\u00e0 di genere, e lo fa con un sapiente mix di dramma e commedia. I suoi film sono caratterizzati da una forte emotivit\u00e0, da uno stile intimo e raffinato e dalla ricerca della perfezione visiva. [&hellip;]","protected":false},"author":6,"featured_media":15647,"parent":12307,"menu_order":0,"comment_status":"closed","ping_status":"closed","template":"","meta":{"footnotes":""},"class_list":["post-15831","page","type-page","status-publish","has-post-thumbnail","hentry"],"_links":{"self":[{"href":"https:\/\/iicbratislava.esteri.it\/it\/wp-json\/wp\/v2\/pages\/15831","targetHints":{"allow":["GET"]}}],"collection":[{"href":"https:\/\/iicbratislava.esteri.it\/it\/wp-json\/wp\/v2\/pages"}],"about":[{"href":"https:\/\/iicbratislava.esteri.it\/it\/wp-json\/wp\/v2\/types\/page"}],"author":[{"embeddable":true,"href":"https:\/\/iicbratislava.esteri.it\/it\/wp-json\/wp\/v2\/users\/6"}],"replies":[{"embeddable":true,"href":"https:\/\/iicbratislava.esteri.it\/it\/wp-json\/wp\/v2\/comments?post=15831"}],"version-history":[{"count":6,"href":"https:\/\/iicbratislava.esteri.it\/it\/wp-json\/wp\/v2\/pages\/15831\/revisions"}],"predecessor-version":[{"id":16150,"href":"https:\/\/iicbratislava.esteri.it\/it\/wp-json\/wp\/v2\/pages\/15831\/revisions\/16150"}],"up":[{"embeddable":true,"href":"https:\/\/iicbratislava.esteri.it\/it\/wp-json\/wp\/v2\/pages\/12307"}],"wp:featuredmedia":[{"embeddable":true,"href":"https:\/\/iicbratislava.esteri.it\/it\/wp-json\/wp\/v2\/media\/15647"}],"wp:attachment":[{"href":"https:\/\/iicbratislava.esteri.it\/it\/wp-json\/wp\/v2\/media?parent=15831"}],"curies":[{"name":"wp","href":"https:\/\/api.w.org\/{rel}","templated":true}]}}